{"id":19130,"date":"2018-03-02T08:11:49","date_gmt":"2018-03-02T06:11:49","guid":{"rendered":"https:\/\/www.fooevents.com\/?post_type=product&#038;p=19130"},"modified":"2026-03-09T04:28:23","modified_gmt":"2026-03-09T11:28:23","slug":"fooevents-licenza-multi-giorno-dominio-multiplo","status":"publish","type":"product","link":"https:\/\/www.fooevents.com\/it\/product\/fooevents-multi-day-license-multiple-domain\/","title":{"rendered":"FooEvents Multi-Day (Licenza: Multipla)"},"content":{"rendered":"<p>Il plugin FooEvents Multi-day \u00e8 un'estensione per FooEvents che aggiunge il supporto per gli eventi che durano pi\u00f9 giorni, come concerti, conferenze e mostre. Si tratta di un plugin indispensabile se avete un evento che dura pi\u00f9 di un giorno, perch\u00e9 ora potete vendere biglietti combinati per eventi di pi\u00f9 giorni e avere check-in multipli! Abbiamo anche aggiornato alcuni dei nostri altri plugin pi\u00f9 popolari in modo che siano compatibili con il plugin Multi-day. Il plugin FooEvents Calendar ora mostra gli eventi come un intervallo di date e il plugin FooEvents Express Check-in e l'app FooEvents Check-in supportano i check-in multipli.<\/p>\n<h3>Incluso nell'acquisto:<\/h3>\n<p>Campi partecipanti personalizzati FooEvents scaricabili,<br \/>\n12 mesi di assistenza premium,<br \/>\n12 mesi di aggiornamenti del plugin,<br \/>\nDocumentazione di facile consultazione.<\/p>\n<p><strong>NB: Non comprende <a href=\"\/it\/prodotto\/plugin-fooevents\/\">FooEvents per il plugin WooCommerce<\/a> (obbligatorio)\u00a0<\/strong><\/p>","protected":false},"excerpt":{"rendered":"<p>1.0.3<br \/>\n-AGGIORNATO: script di notifica dell'aggiornamento dei plugin<\/p>\n<p>1.0.2<br \/>\n-Documentazione aggiornata<\/p>\n<p>1.0.1<br \/>\n-Comunicato stampa<\/p>","protected":false},"featured_media":130669,"template":"","meta":{"site-sidebar-layout":"default","site-content-layout":"default","ast-site-content-layout":"default","site-content-style":"default","site-sidebar-style":"default","ast-global-header-display":"","ast-banner-title-visibility":"","ast-main-header-display":"","ast-hfb-above-header-display":"","ast-hfb-below-header-display":"","ast-hfb-mobile-header-display":"","site-post-title":"","ast-breadcrumbs-content":"","ast-featured-img":"","footer-sml-layout":"","ast-disable-related-posts":"","theme-transparent-header-meta":"default","adv-header-id-meta":"","stick-header-meta":"default","header-above-stick-meta":"","header-main-stick-meta":"","header-below-stick-meta":"","astra-migrate-meta-layouts":"set","ast-page-background-enabled":"default","ast-page-background-meta":{"desktop":{"background-color":"var(--ast-global-color-4)","background-image":"","background-repeat":"repeat","background-position":"center center","background-size":"auto","background-attachment":"scroll","background-type":"","background-media":"","overlay-type":"","overlay-color":"","overlay-opacity":"","overlay-gradient":""},"tablet":{"background-color":"","background-image":"","background-repeat":"repeat","background-position":"center center","background-size":"auto","background-attachment":"scroll","background-type":"","background-media":"","overlay-type":"","overlay-color":"","overlay-opacity":"","overlay-gradient":""},"mobile":{"background-color":"","background-image":"","background-repeat":"repeat","background-position":"center center","background-size":"auto","background-attachment":"scroll","background-type":"","background-media":"","overlay-type":"","overlay-color":"","overlay-opacity":"","overlay-gradient":""}},"ast-content-background-meta":{"desktop":{"background-color":"var(--ast-global-color-5)","background-image":"","background-repeat":"repeat","background-position":"center center","background-size":"auto","background-attachment":"scroll","background-type":"","background-media":"","overlay-type":"","overlay-color":"","overlay-opacity":"","overlay-gradient":""},"tablet":{"background-color":"var(--ast-global-color-5)","background-image":"","background-repeat":"repeat","background-position":"center center","background-size":"auto","background-attachment":"scroll","background-type":"","background-media":"","overlay-type":"","overlay-color":"","overlay-opacity":"","overlay-gradient":""},"mobile":{"background-color":"var(--ast-global-color-5)","background-image":"","background-repeat":"repeat","background-position":"center center","background-size":"auto","background-attachment":"scroll","background-type":"","background-media":"","overlay-type":"","overlay-color":"","overlay-opacity":"","overlay-gradient":""}}},"product_brand":[],"product_cat":[11,27,59,45],"product_tag":[],"class_list":{"0":"post-19130","1":"product","2":"type-product","3":"status-publish","4":"has-post-thumbnail","6":"product_cat-wordpress","7":"product_cat-extension","8":"product_cat-license-multiple","9":"product_cat-plugins","10":"desktop-align-left","11":"tablet-align-left","12":"mobile-align-left","13":"ast-product-gallery-layout-horizontal-slider","14":"ast-product-gallery-with-no-image","15":"ast-magnify-disabled","16":"ast-product-tabs-layout-horizontal","18":"first","19":"instock","20":"downloadable","21":"virtual","22":"taxable","23":"purchasable","24":"product-type-subscription"},"_links":{"self":[{"href":"https:\/\/www.fooevents.com\/it\/wp-json\/wp\/v2\/product\/19130","targetHints":{"allow":["GET"]}}],"collection":[{"href":"https:\/\/www.fooevents.com\/it\/wp-json\/wp\/v2\/product"}],"about":[{"href":"https:\/\/www.fooevents.com\/it\/wp-json\/wp\/v2\/types\/product"}],"wp:featuredmedia":[{"embeddable":true,"href":"https:\/\/www.fooevents.com\/it\/wp-json\/wp\/v2\/media\/130669"}],"wp:attachment":[{"href":"https:\/\/www.fooevents.com\/it\/wp-json\/wp\/v2\/media?parent=19130"}],"wp:term":[{"taxonomy":"product_brand","embeddable":true,"href":"https:\/\/www.fooevents.com\/it\/wp-json\/wp\/v2\/product_brand?post=19130"},{"taxonomy":"product_cat","embeddable":true,"href":"https:\/\/www.fooevents.com\/it\/wp-json\/wp\/v2\/product_cat?post=19130"},{"taxonomy":"product_tag","embeddable":true,"href":"https:\/\/www.fooevents.com\/it\/wp-json\/wp\/v2\/product_tag?post=19130"}],"curies":[{"name":"wp","href":"https:\/\/api.w.org\/{rel}","templated":true}]}}