{"id":19140,"date":"2018-03-02T08:17:12","date_gmt":"2018-03-02T06:17:12","guid":{"rendered":"https:\/\/www.fooevents.com\/?post_type=product&#038;p=19140"},"modified":"2026-03-09T05:38:09","modified_gmt":"2026-03-09T12:38:09","slug":"calendario-fooevents-licenza-illimitata","status":"publish","type":"product","link":"https:\/\/www.fooevents.com\/it\/product\/fooevents-calendar-license-unlimited\/","title":{"rendered":"FooEvents Calendar (Licenza: Illimitata)"},"content":{"rendered":"<p>Il plugin FooEvents Calendar \u00e8 un'estensione per FooEvents che aggiunge al vostro sito web una visualizzazione del calendario di tutti gli eventi. I calendari possono essere aggiunti ai post e alle pagine utilizzando semplici shortcode. Per una maggiore flessibilit\u00e0, \u00e8 disponibile anche una vista widget del calendario. \u00c8 un'estensione indispensabile se si organizzano eventi regolari e si desidera promuoverli in modo trasversale!<\/p>\n<h3>Incluso nell'acquisto:<\/h3>\n<p>Plugin scaricabile per il calendario FooEvents,<br \/>\n12 mesi di assistenza premium,<br \/>\n12 mesi di aggiornamenti del plugin,<br \/>\nDocumentazione di facile consultazione.<\/p>\n<p><strong>NB: Non comprende <a href=\"\/it\/prodotto\/plugin-fooevents\/\">FooEvents per il plugin WooCommerce<\/a> (obbligatorio)\u00a0<\/strong><\/p>","protected":false},"excerpt":{"rendered":"<p>1.2.8<br \/>\n-FISSATO: Bug nella descrizione dell'elenco eventi<br \/>\n-AGGIUNTA: opzione per abilitare gli eventi di un'intera giornata<\/p>\n<p>1.2.6<br \/>\n-FISSATO: Bug dell'apostrofo<br \/>\n-FISSATO: bug del limite dei widget<br \/>\n-Aggiunto: ordinamento dell'elenco degli eventi<br \/>\n-Filtro categoria aggiunto<\/p>\n<p>1.2.1<br \/>\n-FISSATO: Bug per cui gli eventi senza data venivano visualizzati sul calendario<br \/>\n-FISSATO: Bug delle traduzioni del calendario<br \/>\n-AGGIORNATO: Calendario completo<\/p>\n<p>1.1.2<br \/>\n-FISSATO: Aggiornamento del supporto per pi\u00f9 giorni<\/p>\n<p>1.1.0<br \/>\n-AGGIUNTA: pronta l'estensione per pi\u00f9 giorni<\/p>\n<p>1.0.13<br \/>\n-FISSATO: Avvertenze PHP<\/p>\n<p>1.0.11<br \/>\n-FISSATO: Bug nella descrizione del calendario<br \/>\n-FISSATO: Caratteri speciali nei titoli degli eventi<br \/>\n-FISSATO: Vari altri bug minori<br \/>\n-ADDETTO: Traduzioni<\/p>\n<p>&nbsp;<\/p>\n<p>1.0.6<br \/>\n-FISSATO: Output di avvertimento PHP<\/p>\n<p>1.0.5<br \/>\n-AGGIORNATO: ora hanno accesso ulteriori ruoli utente<br \/>\n-Aggiunto: notifica di aggiornamento del plugin<br \/>\n-FISSATO: Vari bug minori<\/p>","protected":false},"featured_media":130673,"template":"","meta":{"site-sidebar-layout":"default","site-content-layout":"default","ast-site-content-layout":"default","site-content-style":"default","site-sidebar-style":"default","ast-global-header-display":"","ast-banner-title-visibility":"","ast-main-header-display":"","ast-hfb-above-header-display":"","ast-hfb-below-header-display":"","ast-hfb-mobile-header-display":"","site-post-title":"","ast-breadcrumbs-content":"","ast-featured-img":"","footer-sml-layout":"","ast-disable-related-posts":"","theme-transparent-header-meta":"default","adv-header-id-meta":"","stick-header-meta":"default","header-above-stick-meta":"","header-main-stick-meta":"","header-below-stick-meta":"","astra-migrate-meta-layouts":"set","ast-page-background-enabled":"default","ast-page-background-meta":{"desktop":{"background-color":"var(--ast-global-color-4)","background-image":"","background-repeat":"repeat","background-position":"center center","background-size":"auto","background-attachment":"scroll","background-type":"","background-media":"","overlay-type":"","overlay-color":"","overlay-opacity":"","overlay-gradient":""},"tablet":{"background-color":"","background-image":"","background-repeat":"repeat","background-position":"center center","background-size":"auto","background-attachment":"scroll","background-type":"","background-media":"","overlay-type":"","overlay-color":"","overlay-opacity":"","overlay-gradient":""},"mobile":{"background-color":"","background-image":"","background-repeat":"repeat","background-position":"center center","background-size":"auto","background-attachment":"scroll","background-type":"","background-media":"","overlay-type":"","overlay-color":"","overlay-opacity":"","overlay-gradient":""}},"ast-content-background-meta":{"desktop":{"background-color":"var(--ast-global-color-5)","background-image":"","background-repeat":"repeat","background-position":"center center","background-size":"auto","background-attachment":"scroll","background-type":"","background-media":"","overlay-type":"","overlay-color":"","overlay-opacity":"","overlay-gradient":""},"tablet":{"background-color":"var(--ast-global-color-5)","background-image":"","background-repeat":"repeat","background-position":"center center","background-size":"auto","background-attachment":"scroll","background-type":"","background-media":"","overlay-type":"","overlay-color":"","overlay-opacity":"","overlay-gradient":""},"mobile":{"background-color":"var(--ast-global-color-5)","background-image":"","background-repeat":"repeat","background-position":"center center","background-size":"auto","background-attachment":"scroll","background-type":"","background-media":"","overlay-type":"","overlay-color":"","overlay-opacity":"","overlay-gradient":""}}},"product_brand":[],"product_cat":[11,27,60,45],"product_tag":[],"class_list":{"0":"post-19140","1":"product","2":"type-product","3":"status-publish","4":"has-post-thumbnail","6":"product_cat-wordpress","7":"product_cat-extension","8":"product_cat-license-unlimited","9":"product_cat-plugins","10":"desktop-align-left","11":"tablet-align-left","12":"mobile-align-left","13":"ast-product-gallery-layout-horizontal-slider","14":"ast-product-gallery-with-no-image","15":"ast-magnify-disabled","16":"ast-product-tabs-layout-horizontal","18":"first","19":"instock","20":"downloadable","21":"virtual","22":"taxable","23":"purchasable","24":"product-type-subscription"},"_links":{"self":[{"href":"https:\/\/www.fooevents.com\/it\/wp-json\/wp\/v2\/product\/19140","targetHints":{"allow":["GET"]}}],"collection":[{"href":"https:\/\/www.fooevents.com\/it\/wp-json\/wp\/v2\/product"}],"about":[{"href":"https:\/\/www.fooevents.com\/it\/wp-json\/wp\/v2\/types\/product"}],"wp:featuredmedia":[{"embeddable":true,"href":"https:\/\/www.fooevents.com\/it\/wp-json\/wp\/v2\/media\/130673"}],"wp:attachment":[{"href":"https:\/\/www.fooevents.com\/it\/wp-json\/wp\/v2\/media?parent=19140"}],"wp:term":[{"taxonomy":"product_brand","embeddable":true,"href":"https:\/\/www.fooevents.com\/it\/wp-json\/wp\/v2\/product_brand?post=19140"},{"taxonomy":"product_cat","embeddable":true,"href":"https:\/\/www.fooevents.com\/it\/wp-json\/wp\/v2\/product_cat?post=19140"},{"taxonomy":"product_tag","embeddable":true,"href":"https:\/\/www.fooevents.com\/it\/wp-json\/wp\/v2\/product_tag?post=19140"}],"curies":[{"name":"wp","href":"https:\/\/api.w.org\/{rel}","templated":true}]}}