{"id":197242,"date":"2025-05-19T03:01:55","date_gmt":"2025-05-19T10:01:55","guid":{"rendered":"https:\/\/www.fooevents.com\/?post_type=product&#038;p=197242"},"modified":"2026-02-18T06:00:14","modified_gmt":"2026-02-18T14:00:14","slug":"tema-del-biglietto-modo","status":"publish","type":"product","link":"https:\/\/www.fooevents.com\/it\/product\/modo-ticket-theme\/","title":{"rendered":"Tema Biglietto Modo"},"content":{"rendered":"","protected":false},"excerpt":{"rendered":"<p><strong><a class=\"\" href=\"https:\/\/demo.fooevents.com\/ticket-themes\/modo\/\" target=\"_blank\" rel=\"noopener noreferrer\"> <u>Anteprima del biglietto HTML<\/u><\/a><\/strong> | <strong><a class=\"\" href=\"https:\/\/help.fooevents.com\/docs\/topics\/changelogs\/ticket-themes\/\" target=\"_blank\" rel=\"noopener noreferrer\"><u>Changelog<\/u><\/a><\/strong><\/p>\n<h4><strong>Download for free!<\/strong><\/h4>\n<p><\/p>\n<p>Il tema Modo Ticket mostra i biglietti in un riquadro con angoli arrotondati su uno sfondo chiaro. Questo layout moderno e pulito garantisce una facile leggibilit\u00e0, rendendolo perfetto per una variet\u00e0 di eventi. Il tema Modo Ticket attualmente supporta solo biglietti HTML FooEvents e non \u00e8 compatibile con i biglietti PDF.<\/p>\n<p>Per utilizzare questo tema, \u00e8 sufficiente aggiungerlo al carrello e completare il processo di acquisto. Non preoccupatevi, \u00e8 gratuito e non \u00e8 richiesto alcun pagamento. Una volta completato l'acquisto, il tema sar\u00e0 disponibile nel vostro sito. <a href=\"https:\/\/www.fooevents.com\/it\/il-mio-conto\/scaricamento\/\">Scaricamento<\/a> sezione. Dopo averla scaricata sul desktop, andate su <strong>FooEvents<\/strong> &gt; <strong>Biglietti<\/strong> &gt; <strong>Temi dei biglietti<\/strong> nel vostro <strong>Area amministrativa WordPress<\/strong>. Caricate il file ZIP del tema e potrete assegnarlo a qualsiasi evento.<\/p>\n<p><em>Nota: questo non \u00e8 un tema WordPress. I temi per i biglietti FooEvents sono progettati specificamente per lo stile dei biglietti FooEvents e non possono essere utilizzati per la tematizzazione generale del sito WordPress.<\/em><\/p>","protected":false},"featured_media":197245,"template":"","meta":{"site-sidebar-layout":"default","site-content-layout":"","ast-site-content-layout":"default","site-content-style":"default","site-sidebar-style":"default","ast-global-header-display":"","ast-banner-title-visibility":"","ast-main-header-display":"","ast-hfb-above-header-display":"","ast-hfb-below-header-display":"","ast-hfb-mobile-header-display":"","site-post-title":"","ast-breadcrumbs-content":"","ast-featured-img":"","footer-sml-layout":"","ast-disable-related-posts":"","theme-transparent-header-meta":"default","adv-header-id-meta":"","stick-header-meta":"default","header-above-stick-meta":"","header-main-stick-meta":"","header-below-stick-meta":"","astra-migrate-meta-layouts":"set","ast-page-background-enabled":"default","ast-page-background-meta":{"desktop":{"background-color":"var(--ast-global-color-4)","background-image":"","background-repeat":"repeat","background-position":"center center","background-size":"auto","background-attachment":"scroll","background-type":"","background-media":"","overlay-type":"","overlay-color":"","overlay-opacity":"","overlay-gradient":""},"tablet":{"background-color":"","background-image":"","background-repeat":"repeat","background-position":"center center","background-size":"auto","background-attachment":"scroll","background-type":"","background-media":"","overlay-type":"","overlay-color":"","overlay-opacity":"","overlay-gradient":""},"mobile":{"background-color":"","background-image":"","background-repeat":"repeat","background-position":"center center","background-size":"auto","background-attachment":"scroll","background-type":"","background-media":"","overlay-type":"","overlay-color":"","overlay-opacity":"","overlay-gradient":""}},"ast-content-background-meta":{"desktop":{"background-color":"var(--ast-global-color-5)","background-image":"","background-repeat":"repeat","background-position":"center center","background-size":"auto","background-attachment":"scroll","background-type":"","background-media":"","overlay-type":"","overlay-color":"","overlay-opacity":"","overlay-gradient":""},"tablet":{"background-color":"var(--ast-global-color-5)","background-image":"","background-repeat":"repeat","background-position":"center center","background-size":"auto","background-attachment":"scroll","background-type":"","background-media":"","overlay-type":"","overlay-color":"","overlay-opacity":"","overlay-gradient":""},"mobile":{"background-color":"var(--ast-global-color-5)","background-image":"","background-repeat":"repeat","background-position":"center center","background-size":"auto","background-attachment":"scroll","background-type":"","background-media":"","overlay-type":"","overlay-color":"","overlay-opacity":"","overlay-gradient":""}}},"product_brand":[],"product_cat":[44,466],"product_tag":[],"class_list":{"0":"post-197242","1":"product","2":"type-product","3":"status-publish","4":"has-post-thumbnail","6":"product_cat-ticket-themes","7":"product_cat-base-collection","8":"desktop-align-left","9":"tablet-align-left","10":"mobile-align-left","11":"ast-product-gallery-layout-horizontal-slider","12":"ast-magnify-disabled","13":"ast-product-tabs-layout-horizontal","15":"first","16":"instock","17":"downloadable","18":"virtual","19":"sold-individually","20":"taxable","21":"purchasable","22":"product-type-simple"},"_links":{"self":[{"href":"https:\/\/www.fooevents.com\/it\/wp-json\/wp\/v2\/product\/197242","targetHints":{"allow":["GET"]}}],"collection":[{"href":"https:\/\/www.fooevents.com\/it\/wp-json\/wp\/v2\/product"}],"about":[{"href":"https:\/\/www.fooevents.com\/it\/wp-json\/wp\/v2\/types\/product"}],"wp:featuredmedia":[{"embeddable":true,"href":"https:\/\/www.fooevents.com\/it\/wp-json\/wp\/v2\/media\/197245"}],"wp:attachment":[{"href":"https:\/\/www.fooevents.com\/it\/wp-json\/wp\/v2\/media?parent=197242"}],"wp:term":[{"taxonomy":"product_brand","embeddable":true,"href":"https:\/\/www.fooevents.com\/it\/wp-json\/wp\/v2\/product_brand?post=197242"},{"taxonomy":"product_cat","embeddable":true,"href":"https:\/\/www.fooevents.com\/it\/wp-json\/wp\/v2\/product_cat?post=197242"},{"taxonomy":"product_tag","embeddable":true,"href":"https:\/\/www.fooevents.com\/it\/wp-json\/wp\/v2\/product_tag?post=197242"}],"curies":[{"name":"wp","href":"https:\/\/api.w.org\/{rel}","templated":true}]}}