{"id":200854,"date":"2025-09-23T04:47:19","date_gmt":"2025-09-23T11:47:19","guid":{"rendered":"https:\/\/www.fooevents.com\/?post_type=product&#038;p=200854"},"modified":"2026-02-18T06:01:23","modified_gmt":"2026-02-18T14:01:23","slug":"biglietto-halloween-tema-2025","status":"publish","type":"product","link":"https:\/\/www.fooevents.com\/it\/product\/halloween-ticket-theme-2025\/","title":{"rendered":"Biglietto a tema Halloween"},"content":{"rendered":"","protected":false},"excerpt":{"rendered":"<p><strong><a class=\"\" href=\"https:\/\/demo.fooevents.com\/ticket-themes\/halloween2025\/\" target=\"_blank\" rel=\"noopener noreferrer\"> <u>Anteprima del biglietto HTML<\/u><\/a><\/strong> | <strong><a class=\"\" href=\"https:\/\/help.fooevents.com\/docs\/topics\/changelogs\/ticket-themes\/\" target=\"_blank\" rel=\"noopener noreferrer\"><u>Changelog<\/u><\/a><\/strong><\/p>\n<h4><strong>Download for free!<\/strong><\/h4>\n<p><\/p>\n<p>Il <strong>Biglietto a tema Halloween<\/strong> \u00e8 un disegno a tutta larghezza, perfetto per la prossima festa di Halloween.<\/p>\n<p>Per utilizzare questo tema, aggiungetelo al carrello e completate il checkout. Non preoccupatevi, \u00e8 gratuito e non \u00e8 richiesto alcun pagamento. Una volta completato l'acquisto, il tema apparir\u00e0 nel vostro sito web <a href=\"https:\/\/www.fooevents.com\/it\/il-mio-conto\/scaricamento\/\">Scaricamento<\/a> sezione. Dopo aver scaricato lo ZIP, andare su <strong>FooEvents<\/strong> &gt; <strong>Biglietti<\/strong> &gt; <strong>Temi dei biglietti<\/strong> nell'amministrazione di WordPress, caricare lo ZIP e assegnarlo a qualsiasi evento.<\/p>\n<p>Il logo e l'immagine dell'intestazione si trovano nella cartella \"images\" dei temi dei biglietti. Sostituire questi file con i propri o utilizzarli cos\u00ec come sono.<\/p>\n<p><strong>Risorse aggiuntive:<\/strong><\/p>\n<ul>\n<li><a href=\"https:\/\/fonts.google.com\/share?selection.family=Creepster\" target=\"_blank\" rel=\"noopener nofollow\">Font del logo: Creepster<\/a><\/li>\n<li><a href=\"https:\/\/www.fooevents.com\/wp-content\/uploads\/2025\/09\/Halloween-Ticket-Themes.psd.zip\" target=\"_blank\" rel=\"noopener\">File di Photoshop del tema del biglietto di Halloween<\/a><\/li>\n<li><a href=\"https:\/\/elements.envato.com\/haunted-halloween-house-illustration-58DVZFE\" target=\"_blank\" rel=\"noopener nofollow\">Illustrazione editabile della casa stregata<\/a><\/li>\n<\/ul>\n<p><em>Nota: questo non \u00e8 un tema per siti WordPress. I temi per i biglietti FooEvents hanno solo lo stile dei biglietti FooEvents e non possono essere usati per la tematizzazione generale della WordPress.<\/em><\/p>\n<p><!-- If your demo slug differs, update the two links above to match the correct Halloween theme URL. --><\/p>","protected":false},"featured_media":200856,"template":"","meta":{"site-sidebar-layout":"default","site-content-layout":"","ast-site-content-layout":"default","site-content-style":"default","site-sidebar-style":"default","ast-global-header-display":"","ast-banner-title-visibility":"","ast-main-header-display":"","ast-hfb-above-header-display":"","ast-hfb-below-header-display":"","ast-hfb-mobile-header-display":"","site-post-title":"","ast-breadcrumbs-content":"","ast-featured-img":"","footer-sml-layout":"","ast-disable-related-posts":"","theme-transparent-header-meta":"default","adv-header-id-meta":"","stick-header-meta":"default","header-above-stick-meta":"","header-main-stick-meta":"","header-below-stick-meta":"","astra-migrate-meta-layouts":"set","ast-page-background-enabled":"default","ast-page-background-meta":{"desktop":{"background-color":"var(--ast-global-color-4)","background-image":"","background-repeat":"repeat","background-position":"center center","background-size":"auto","background-attachment":"scroll","background-type":"","background-media":"","overlay-type":"","overlay-color":"","overlay-opacity":"","overlay-gradient":""},"tablet":{"background-color":"","background-image":"","background-repeat":"repeat","background-position":"center center","background-size":"auto","background-attachment":"scroll","background-type":"","background-media":"","overlay-type":"","overlay-color":"","overlay-opacity":"","overlay-gradient":""},"mobile":{"background-color":"","background-image":"","background-repeat":"repeat","background-position":"center center","background-size":"auto","background-attachment":"scroll","background-type":"","background-media":"","overlay-type":"","overlay-color":"","overlay-opacity":"","overlay-gradient":""}},"ast-content-background-meta":{"desktop":{"background-color":"var(--ast-global-color-5)","background-image":"","background-repeat":"repeat","background-position":"center center","background-size":"auto","background-attachment":"scroll","background-type":"","background-media":"","overlay-type":"","overlay-color":"","overlay-opacity":"","overlay-gradient":""},"tablet":{"background-color":"var(--ast-global-color-5)","background-image":"","background-repeat":"repeat","background-position":"center center","background-size":"auto","background-attachment":"scroll","background-type":"","background-media":"","overlay-type":"","overlay-color":"","overlay-opacity":"","overlay-gradient":""},"mobile":{"background-color":"var(--ast-global-color-5)","background-image":"","background-repeat":"repeat","background-position":"center center","background-size":"auto","background-attachment":"scroll","background-type":"","background-media":"","overlay-type":"","overlay-color":"","overlay-opacity":"","overlay-gradient":""}}},"product_brand":[],"product_cat":[44],"product_tag":[],"class_list":{"0":"post-200854","1":"product","2":"type-product","3":"status-publish","4":"has-post-thumbnail","6":"product_cat-ticket-themes","7":"desktop-align-left","8":"tablet-align-left","9":"mobile-align-left","10":"ast-product-gallery-layout-horizontal-slider","11":"ast-magnify-disabled","12":"ast-product-tabs-layout-horizontal","14":"first","15":"instock","16":"downloadable","17":"virtual","18":"sold-individually","19":"taxable","20":"purchasable","21":"product-type-simple"},"_links":{"self":[{"href":"https:\/\/www.fooevents.com\/it\/wp-json\/wp\/v2\/product\/200854","targetHints":{"allow":["GET"]}}],"collection":[{"href":"https:\/\/www.fooevents.com\/it\/wp-json\/wp\/v2\/product"}],"about":[{"href":"https:\/\/www.fooevents.com\/it\/wp-json\/wp\/v2\/types\/product"}],"wp:featuredmedia":[{"embeddable":true,"href":"https:\/\/www.fooevents.com\/it\/wp-json\/wp\/v2\/media\/200856"}],"wp:attachment":[{"href":"https:\/\/www.fooevents.com\/it\/wp-json\/wp\/v2\/media?parent=200854"}],"wp:term":[{"taxonomy":"product_brand","embeddable":true,"href":"https:\/\/www.fooevents.com\/it\/wp-json\/wp\/v2\/product_brand?post=200854"},{"taxonomy":"product_cat","embeddable":true,"href":"https:\/\/www.fooevents.com\/it\/wp-json\/wp\/v2\/product_cat?post=200854"},{"taxonomy":"product_tag","embeddable":true,"href":"https:\/\/www.fooevents.com\/it\/wp-json\/wp\/v2\/product_tag?post=200854"}],"curies":[{"name":"wp","href":"https:\/\/api.w.org\/{rel}","templated":true}]}}