{"id":207682,"date":"2026-05-14T01:19:03","date_gmt":"2026-05-14T08:19:03","guid":{"rendered":"https:\/\/www.fooevents.com\/?post_type=product&#038;p=207682"},"modified":"2026-05-14T01:51:56","modified_gmt":"2026-05-14T08:51:56","slug":"solo-ticket-theme","status":"publish","type":"product","link":"https:\/\/www.fooevents.com\/it\/product\/solo-ticket-theme\/","title":{"rendered":"Solo Ticket Theme"},"content":{"rendered":"","protected":false},"excerpt":{"rendered":"<p><strong><a class=\"\" href=\"https:\/\/demo.fooevents.com\/ticket-themes\/solo\/\" target=\"_blank\" rel=\"noopener noreferrer\"> <u>Anteprima del biglietto HTML<\/u><\/a><\/strong> | <strong><a class=\"\" href=\"https:\/\/demo.fooevents.com\/ticket-themes\/solo\/ticket.pdf\" target=\"_blank\" rel=\"noopener noreferrer\"><u>Anteprima del biglietto in PDF<\/u><\/a><\/strong> | <strong><a class=\"\" href=\"https:\/\/help.fooevents.com\/docs\/topics\/changelogs\/ticket-themes\/\" target=\"_blank\" rel=\"noopener noreferrer\"><u>Changelog<\/u><\/a><\/strong><\/p>\n<h4><strong>Download for free!<\/strong><\/h4>\n<p>&nbsp;<\/p>\n<p data-start=\"23\" data-end=\"218\">Il <strong data-start=\"27\" data-end=\"48\">Solo Ticket Theme<\/strong> is designed for events where one person <a href=\"https:\/\/help.fooevents.com\/docs\/topics\/use-cases\/selling-a-large-number-of-tickets-in-one-order\/\">purchases and manages multiple tickets on behalf of a group<\/a>, such as tour groups, school groups, families, or corporate bookings.<\/p>\n<p data-start=\"220\" data-end=\"507\">Instead of displaying a separate QR code for each attendee, the <strong data-start=\"284\" data-end=\"305\">Solo Ticket Theme<\/strong> displays a single QR code for the order, along with a summary of the event and the tickets included. This makes it easier for the purchaser or group leader to manage entry on behalf of the whole group.<\/p>\n<p data-start=\"509\" data-end=\"991\">This theme is intended to be used with the <a href=\"https:\/\/www.fooevents.com\/it\/caratteristiche-2\/applicazioni\/\">App FooEvents Check-in<\/a> e il <a href=\"https:\/\/help.fooevents.com\/docs\/topics\/check-ins-app\/check-in-all-tickets-for-the-same-order\/\">Check-in Stesso Ordine Biglietti<\/a> setting. When this setting is enabled in the app, scanning the QR code will check in all relevant tickets from the same WooCommerce order at once, provided they are for the same event. If the tickets are for a booking, only tickets for the same booking slot will be checked in. This prevents tickets for other events or booking slots in the same order from being checked in incorrectly.<\/p>\n<p data-start=\"993\" data-end=\"1366\">To use the <strong data-start=\"1004\" data-end=\"1025\">Solo Ticket Theme<\/strong> correctly, make sure <strong data-start=\"1047\" data-end=\"1117\">Ticket Settings &gt; Display purchaser or attendee details on ticket?<\/strong> \u00e8 <strong data-start=\"1121\" data-end=\"1136\">not enabled<\/strong>. This ensures the purchaser receives a single consolidated group ticket, rather than individual tickets being sent directly to each attendee. It will also prevent the attendee list from being displayed at the bottom of the email.<\/p>\n<p data-start=\"1368\" data-end=\"1425\">To enable group check-ins in the FooEvents Check-ins app:<\/p>\n<ol data-start=\"1427\" data-end=\"1545\">\n<li data-section-id=\"kl0sgi\" data-start=\"1427\" data-end=\"1472\">Log in to the <strong data-start=\"1444\" data-end=\"1471\">App FooEvents Check-in<\/strong>.<\/li>\n<li data-section-id=\"39mxlx\" data-start=\"1473\" data-end=\"1502\">Tap the <strong data-start=\"1484\" data-end=\"1496\">Impostazioni<\/strong> icon.<\/li>\n<li data-section-id=\"149e92w\" data-start=\"1503\" data-end=\"1545\">Abilitazione <strong data-start=\"1513\" data-end=\"1544\">Check-in Stesso Ordine Biglietti<\/strong>.<\/li>\n<\/ol>\n<p data-start=\"1547\" data-end=\"1718\" data-is-last-node=\"\" data-is-only-node=\"\">Il <strong data-start=\"1551\" data-end=\"1572\">Solo Ticket Theme<\/strong> is best suited for events where the group enters together and the purchaser or group leader is responsible for presenting the ticket at check-in.<\/p>\n<p>Per utilizzare questo tema, \u00e8 sufficiente aggiungerlo al carrello e completare il processo di acquisto. Non preoccupatevi, \u00e8 gratuito e non \u00e8 richiesto alcun pagamento. Una volta completato l'acquisto, il tema sar\u00e0 disponibile nel vostro sito. <a href=\"https:\/\/www.fooevents.com\/it\/il-mio-conto\/scaricamento\/\">Scaricamento<\/a> sezione. Dopo averla scaricata sul desktop, andate su <strong>FooEvents<\/strong> &gt; <strong>Biglietti<\/strong> &gt; <strong>Temi dei biglietti<\/strong> nel vostro <strong>Area amministrativa WordPress<\/strong>. Caricate il file ZIP del tema e potrete assegnarlo a qualsiasi evento.<\/p>\n<p><em>Nota: questo non \u00e8 un tema WordPress. I temi per i biglietti FooEvents sono progettati specificamente per lo stile dei biglietti FooEvents e non possono essere utilizzati per la tematizzazione generale del sito WordPress.<\/em><\/p>","protected":false},"featured_media":207684,"template":"","meta":{"site-sidebar-layout":"default","site-content-layout":"","ast-site-content-layout":"default","site-content-style":"default","site-sidebar-style":"default","ast-global-header-display":"","ast-banner-title-visibility":"","ast-main-header-display":"","ast-hfb-above-header-display":"","ast-hfb-below-header-display":"","ast-hfb-mobile-header-display":"","site-post-title":"","ast-breadcrumbs-content":"","ast-featured-img":"","footer-sml-layout":"","ast-disable-related-posts":"","theme-transparent-header-meta":"default","adv-header-id-meta":"","stick-header-meta":"default","header-above-stick-meta":"","header-main-stick-meta":"","header-below-stick-meta":"","astra-migrate-meta-layouts":"set","ast-page-background-enabled":"default","ast-page-background-meta":{"desktop":{"background-color":"var(--ast-global-color-4)","background-image":"","background-repeat":"repeat","background-position":"center center","background-size":"auto","background-attachment":"scroll","background-type":"","background-media":"","overlay-type":"","overlay-color":"","overlay-opacity":"","overlay-gradient":""},"tablet":{"background-color":"","background-image":"","background-repeat":"repeat","background-position":"center center","background-size":"auto","background-attachment":"scroll","background-type":"","background-media":"","overlay-type":"","overlay-color":"","overlay-opacity":"","overlay-gradient":""},"mobile":{"background-color":"","background-image":"","background-repeat":"repeat","background-position":"center center","background-size":"auto","background-attachment":"scroll","background-type":"","background-media":"","overlay-type":"","overlay-color":"","overlay-opacity":"","overlay-gradient":""}},"ast-content-background-meta":{"desktop":{"background-color":"var(--ast-global-color-5)","background-image":"","background-repeat":"repeat","background-position":"center center","background-size":"auto","background-attachment":"scroll","background-type":"","background-media":"","overlay-type":"","overlay-color":"","overlay-opacity":"","overlay-gradient":""},"tablet":{"background-color":"var(--ast-global-color-5)","background-image":"","background-repeat":"repeat","background-position":"center center","background-size":"auto","background-attachment":"scroll","background-type":"","background-media":"","overlay-type":"","overlay-color":"","overlay-opacity":"","overlay-gradient":""},"mobile":{"background-color":"var(--ast-global-color-5)","background-image":"","background-repeat":"repeat","background-position":"center center","background-size":"auto","background-attachment":"scroll","background-type":"","background-media":"","overlay-type":"","overlay-color":"","overlay-opacity":"","overlay-gradient":""}}},"product_brand":[],"product_cat":[44,466],"product_tag":[],"class_list":{"0":"post-207682","1":"product","2":"type-product","3":"status-publish","4":"has-post-thumbnail","6":"product_cat-ticket-themes","7":"product_cat-base-collection","8":"desktop-align-left","9":"tablet-align-left","10":"mobile-align-left","11":"ast-product-gallery-layout-horizontal-slider","12":"ast-magnify-disabled","13":"ast-product-tabs-layout-horizontal","15":"first","16":"instock","17":"downloadable","18":"virtual","19":"sold-individually","20":"taxable","21":"purchasable","22":"product-type-simple"},"_links":{"self":[{"href":"https:\/\/www.fooevents.com\/it\/wp-json\/wp\/v2\/product\/207682","targetHints":{"allow":["GET"]}}],"collection":[{"href":"https:\/\/www.fooevents.com\/it\/wp-json\/wp\/v2\/product"}],"about":[{"href":"https:\/\/www.fooevents.com\/it\/wp-json\/wp\/v2\/types\/product"}],"wp:featuredmedia":[{"embeddable":true,"href":"https:\/\/www.fooevents.com\/it\/wp-json\/wp\/v2\/media\/207684"}],"wp:attachment":[{"href":"https:\/\/www.fooevents.com\/it\/wp-json\/wp\/v2\/media?parent=207682"}],"wp:term":[{"taxonomy":"product_brand","embeddable":true,"href":"https:\/\/www.fooevents.com\/it\/wp-json\/wp\/v2\/product_brand?post=207682"},{"taxonomy":"product_cat","embeddable":true,"href":"https:\/\/www.fooevents.com\/it\/wp-json\/wp\/v2\/product_cat?post=207682"},{"taxonomy":"product_tag","embeddable":true,"href":"https:\/\/www.fooevents.com\/it\/wp-json\/wp\/v2\/product_tag?post=207682"}],"curies":[{"name":"wp","href":"https:\/\/api.w.org\/{rel}","templated":true}]}}