{"id":30367,"date":"2018-08-30T01:56:07","date_gmt":"2018-08-30T07:56:07","guid":{"rendered":"https:\/\/www.fooevents.com\/?post_type=product&#038;p=30367"},"modified":"2026-03-09T05:21:04","modified_gmt":"2026-03-09T12:21:04","slug":"fooevents-seating-license-dominio-multiplo","status":"publish","type":"product","link":"https:\/\/www.fooevents.com\/it\/product\/fooevents-seating-license-multiple-domain\/","title":{"rendered":"FooEvents Licenza di seduta: Multipla)"},"content":{"rendered":"<p>Il plugin FooEvents Seating \u00e8 un'estensione per FooEvents che consente di acquisire file e numeri di posto al momento del pagamento. Ci\u00f2 \u00e8 utile per consentire ai partecipanti di scegliere i propri posti in base alla disposizione della sede. Questo plugin pu\u00f2 essere utilizzato per specificare file e posti a sedere in una sala conferenze o in un teatro, tavoli e numero di sedie al tavolo, ecc. \u00c8 possibile creare sezioni VIP o limitare i partecipanti a posti a sedere in aree con prezzi pi\u00f9 alti o pi\u00f9 bassi.<\/p>\n<h3>Incluso nell'acquisto:<\/h3>\n<ul>\n<li>Plugin di seduta FooEvents scaricabile,<\/li>\n<li>12 mesi di assistenza premium,<\/li>\n<li>12 mesi di aggiornamenti del plugin,<\/li>\n<li>Gratuito\u00a0<a href=\"https:\/\/www.fooevents.com\/it\/applicazioni\/\" target=\"_blank\" rel=\"noopener noreferrer\">iOS<\/a> &amp; <a href=\"https:\/\/www.fooevents.com\/it\/applicazioni\/\" target=\"_blank\" rel=\"noopener noreferrer\">Android<\/a> app per il check-in,<\/li>\n<li>Documentazione di facile consultazione.<\/li>\n<\/ul>","protected":false},"excerpt":{"rendered":"<p>The FooEvents Seating plugin is an extension for FooEvents that allows for the capture of rows and seat numbers at checkout. This is useful for letting attendees select their own seats based on the layout of your venue. This plugin can be used to specify rows and seats in a conference room or theater, tables [&hellip;]<\/p>\n","protected":false},"featured_media":130666,"template":"","meta":{"site-sidebar-layout":"default","site-content-layout":"default","ast-site-content-layout":"default","site-content-style":"default","site-sidebar-style":"default","ast-global-header-display":"","ast-banner-title-visibility":"","ast-main-header-display":"","ast-hfb-above-header-display":"","ast-hfb-below-header-display":"","ast-hfb-mobile-header-display":"","site-post-title":"","ast-breadcrumbs-content":"","ast-featured-img":"","footer-sml-layout":"","ast-disable-related-posts":"","theme-transparent-header-meta":"default","adv-header-id-meta":"","stick-header-meta":"default","header-above-stick-meta":"","header-main-stick-meta":"","header-below-stick-meta":"","astra-migrate-meta-layouts":"set","ast-page-background-enabled":"default","ast-page-background-meta":{"desktop":{"background-color":"var(--ast-global-color-4)","background-image":"","background-repeat":"repeat","background-position":"center center","background-size":"auto","background-attachment":"scroll","background-type":"","background-media":"","overlay-type":"","overlay-color":"","overlay-opacity":"","overlay-gradient":""},"tablet":{"background-color":"","background-image":"","background-repeat":"repeat","background-position":"center center","background-size":"auto","background-attachment":"scroll","background-type":"","background-media":"","overlay-type":"","overlay-color":"","overlay-opacity":"","overlay-gradient":""},"mobile":{"background-color":"","background-image":"","background-repeat":"repeat","background-position":"center center","background-size":"auto","background-attachment":"scroll","background-type":"","background-media":"","overlay-type":"","overlay-color":"","overlay-opacity":"","overlay-gradient":""}},"ast-content-background-meta":{"desktop":{"background-color":"var(--ast-global-color-5)","background-image":"","background-repeat":"repeat","background-position":"center center","background-size":"auto","background-attachment":"scroll","background-type":"","background-media":"","overlay-type":"","overlay-color":"","overlay-opacity":"","overlay-gradient":""},"tablet":{"background-color":"var(--ast-global-color-5)","background-image":"","background-repeat":"repeat","background-position":"center center","background-size":"auto","background-attachment":"scroll","background-type":"","background-media":"","overlay-type":"","overlay-color":"","overlay-opacity":"","overlay-gradient":""},"mobile":{"background-color":"var(--ast-global-color-5)","background-image":"","background-repeat":"repeat","background-position":"center center","background-size":"auto","background-attachment":"scroll","background-type":"","background-media":"","overlay-type":"","overlay-color":"","overlay-opacity":"","overlay-gradient":""}}},"product_brand":[],"product_cat":[45,59],"product_tag":[],"class_list":{"0":"post-30367","1":"product","2":"type-product","3":"status-publish","4":"has-post-thumbnail","6":"product_cat-plugins","7":"product_cat-license-multiple","8":"desktop-align-left","9":"tablet-align-left","10":"mobile-align-left","11":"ast-product-gallery-layout-horizontal-slider","12":"ast-product-gallery-with-no-image","13":"ast-magnify-disabled","14":"ast-product-tabs-layout-horizontal","16":"first","17":"instock","18":"featured","19":"downloadable","20":"virtual","21":"taxable","22":"purchasable","23":"product-type-subscription"},"_links":{"self":[{"href":"https:\/\/www.fooevents.com\/it\/wp-json\/wp\/v2\/product\/30367","targetHints":{"allow":["GET"]}}],"collection":[{"href":"https:\/\/www.fooevents.com\/it\/wp-json\/wp\/v2\/product"}],"about":[{"href":"https:\/\/www.fooevents.com\/it\/wp-json\/wp\/v2\/types\/product"}],"wp:featuredmedia":[{"embeddable":true,"href":"https:\/\/www.fooevents.com\/it\/wp-json\/wp\/v2\/media\/130666"}],"wp:attachment":[{"href":"https:\/\/www.fooevents.com\/it\/wp-json\/wp\/v2\/media?parent=30367"}],"wp:term":[{"taxonomy":"product_brand","embeddable":true,"href":"https:\/\/www.fooevents.com\/it\/wp-json\/wp\/v2\/product_brand?post=30367"},{"taxonomy":"product_cat","embeddable":true,"href":"https:\/\/www.fooevents.com\/it\/wp-json\/wp\/v2\/product_cat?post=30367"},{"taxonomy":"product_tag","embeddable":true,"href":"https:\/\/www.fooevents.com\/it\/wp-json\/wp\/v2\/product_tag?post=30367"}],"curies":[{"name":"wp","href":"https:\/\/api.w.org\/{rel}","templated":true}]}}