{"id":188725,"date":"2024-09-17T19:35:02","date_gmt":"2024-09-18T02:35:02","guid":{"rendered":"https:\/\/www.fooevents.com\/privacy-statement-ca\/"},"modified":"2025-03-13T14:57:27","modified_gmt":"2025-03-13T21:57:27","slug":"oswiadczenie-o-ochronie-prywatnosci-ca","status":"publish","type":"page","link":"https:\/\/www.fooevents.com\/pl\/privacy-statement-ca\/","title":{"rendered":"O\u015bwiadczenie o ochronie prywatno\u015bci (CA)"},"content":{"rendered":"<!-- Legal document generated by Complianz | GDPR\/CCPA Cookie Consent https:\/\/wordpress.org\/plugins\/complianz-gdpr -->\n<div id=\"cmplz-document\" class=\"cmplz-document privacy-statement cmplz-document-ca\"><p><i>Niniejsze o\u015bwiadczenie o ochronie prywatno\u015bci zosta\u0142o ostatnio zmienione pa\u017adziernik 14, 2025, ostatnio sprawdzone pa\u017adziernik 14, 2025 i dotyczy obywateli Kanady.<\/i><br \/><br \/><\/p><p>W tym o\u015bwiadczeniu o ochronie prywatno\u015bci wyja\u015bniamy, co robimy z danymi, kt\u00f3re uzyskujemy o tobie za po\u015brednictwem <a href=\"https:\/\/www.fooevents.com\/pl\">https:\/\/www.fooevents.com\/pl<\/a>. Zalecamy uwa\u017cne przeczytanie tego o\u015bwiadczenia. Przetwarzaj\u0105c dane, przestrzegamy przepis\u00f3w dotycz\u0105cych prywatno\u015bci. Oznacza to mi\u0119dzy innymi, \u017ce:<ul>\n                <li>jasno okre\u015blamy cele, dla kt\u00f3rych przetwarzamy dane osobowe. Robimy to za pomoc\u0105 niniejszego o\u015bwiadczenia o ochronie prywatno\u015bci;<\/li>\n                <li>d\u0105\u017cymy do ograniczenia gromadzenia przez nas danych osobowych tylko do tych danych, kt\u00f3re s\u0105 niezb\u0119dne do uzasadnionych cel\u00f3w;<\/li>\n                <li>w pierwszej kolejno\u015bci prosimy o wyra\u017an\u0105 zgod\u0119 na przetwarzanie twoich danych osobowych w przypadkach wymagaj\u0105cych twojej zgody;<\/li>\n                <li>podejmujemy odpowiednie \u015brodki bezpiecze\u0144stwa, aby chroni\u0107 twoje dane osobowe, a tak\u017ce wymagamy tego od stron, kt\u00f3re przetwarzaj\u0105 dane osobowe w naszym imieniu;<\/li>\n                <li>szanujemy twoje prawo dost\u0119pu do twoich danych osobowych, ich poprawiania lub usuwania na twoje \u017c\u0105danie.<\/li>\n            <\/ul><\/p>Je\u015bli masz jakie\u015b pytania lub chcesz dok\u0142adnie wiedzie\u0107, jakie dane na tw\u00f3j temat przechowujemy, skontaktuj si\u0119 z nami.<h2>1. Cele i kategorie danych<\/h2><p>Mo\u017cemy zbiera\u0107 lub otrzymywa\u0107 dane osobowe w wielu celach zwi\u0105zanych z nasz\u0105 dzia\u0142alno\u015bci\u0105 biznesow\u0105, kt\u00f3re mog\u0105 obejmowa\u0107: (kliknij, aby rozwin\u0105\u0107)<\/b><\/p><details class=\"cmplz-dropdown dropdown-privacy-statement\"><summary><div><h3>1.1 Sprzedawa\u0107 lub udost\u0119pnia\u0107 dane podmiotom zewn\u0119trznym.<\/h3><\/div><\/summary><p class=\"cmplz-subtitle\">Nast\u0119puj\u0105ce kategorie danych s\u0105 zbierane<\/p><p><ul><li>Informacje o aktywno\u015bci w internecie zawieraj\u0105ce, ale nie ograniczone do, historii przegl\u0105dania, historii wyszukiwania oraz informacje dotycz\u0105ce interakcji konsumenta z witryn\u0105 internetow\u0105, aplikacj\u0105 lub reklam\u0105<\/li><li>Dane geolokalizacyjne<\/li><\/ul><\/p><p class=\"cmplz-subtitle\">Okres przechowywania<\/p><p>Przechowujemy te dane po zako\u0144czeniu \u015bwiadczenia us\u0142ugi przez nast\u0119puj\u0105c\u0105 liczb\u0119 miesi\u0119cy: 24<\/p><\/details><details class=\"cmplz-dropdown dropdown-privacy-statement\"><summary><div><h3>1.2 Kontakt - przez telefon, poczt\u0119, e-mail i\/lub formularze<\/h3><\/div><\/summary><p class=\"cmplz-subtitle\">Nast\u0119puj\u0105ce kategorie danych s\u0105 zbierane<\/p><p><ul><li>Imi\u0119 i nazwisko<\/li><li>Nazwa konta lub pseudonim<\/li><li>Domowy lub inny fizyczny adres, zawieraj\u0105cy nazw\u0119 ulicy oraz nazw\u0119 miasta<\/li><li>Adres e-mail<\/li><li>Numer telefonu<\/li><li>adres IP<\/li><li>Informacje o aktywno\u015bci w internecie zawieraj\u0105ce, ale nie ograniczone do, historii przegl\u0105dania, historii wyszukiwania oraz informacje dotycz\u0105ce interakcji konsumenta z witryn\u0105 internetow\u0105, aplikacj\u0105 lub reklam\u0105<\/li><li>Dane geolokalizacyjne<\/li><\/ul><\/p><p class=\"cmplz-subtitle\">Okres przechowywania<\/p><p>Przechowujemy te dane po zako\u0144czeniu \u015bwiadczenia us\u0142ugi przez nast\u0119puj\u0105c\u0105 liczb\u0119 miesi\u0119cy: 24<\/p><\/details><details class=\"cmplz-dropdown dropdown-privacy-statement\"><summary><div><h3>1.3 Rejestracja konta<\/h3><\/div><\/summary><p class=\"cmplz-subtitle\">Nast\u0119puj\u0105ce kategorie danych s\u0105 zbierane<\/p><p><ul><li>Imi\u0119 i nazwisko<\/li><li>Nazwa konta lub pseudonim<\/li><li>Domowy lub inny fizyczny adres, zawieraj\u0105cy nazw\u0119 ulicy oraz nazw\u0119 miasta<\/li><li>Adres e-mail<\/li><li>Numer telefonu<\/li><li>adres IP<\/li><li>Informacje o aktywno\u015bci w internecie zawieraj\u0105ce, ale nie ograniczone do, historii przegl\u0105dania, historii wyszukiwania oraz informacje dotycz\u0105ce interakcji konsumenta z witryn\u0105 internetow\u0105, aplikacj\u0105 lub reklam\u0105<\/li><li>Dane geolokalizacyjne<\/li><\/ul><\/p><p class=\"cmplz-subtitle\">Okres przechowywania<\/p><p>Przechowujemy te dane po zako\u0144czeniu \u015bwiadczenia us\u0142ugi przez nast\u0119puj\u0105c\u0105 liczb\u0119 miesi\u0119cy: 24<\/p><\/details><details class=\"cmplz-dropdown dropdown-privacy-statement\"><summary><div><h3>1.4 P\u0142atno\u015bci<\/h3><\/div><\/summary><p class=\"cmplz-subtitle\">Nast\u0119puj\u0105ce kategorie danych s\u0105 zbierane<\/p><p><ul><li>Nazwa konta lub pseudonim<\/li><li>Imi\u0119 i nazwisko<\/li><li>Domowy lub inny fizyczny adres, zawieraj\u0105cy nazw\u0119 ulicy oraz nazw\u0119 miasta<\/li><li>Adres e-mail<\/li><li>Numer telefonu<\/li><li>adres IP<\/li><li>Informacje o aktywno\u015bci w internecie zawieraj\u0105ce, ale nie ograniczone do, historii przegl\u0105dania, historii wyszukiwania oraz informacje dotycz\u0105ce interakcji konsumenta z witryn\u0105 internetow\u0105, aplikacj\u0105 lub reklam\u0105<\/li><li>Dane geolokalizacyjne<\/li><\/ul><\/p><p class=\"cmplz-subtitle\">Okres przechowywania<\/p><p>Przechowujemy te dane po zako\u0144czeniu \u015bwiadczenia us\u0142ugi przez nast\u0119puj\u0105c\u0105 liczb\u0119 miesi\u0119cy: 24<\/p><\/details><details class=\"cmplz-dropdown dropdown-privacy-statement\"><summary><div><h3>1.5 Biuletyny informacyjne<\/h3><\/div><\/summary><p class=\"cmplz-subtitle\">Nast\u0119puj\u0105ce kategorie danych s\u0105 zbierane<\/p><p><ul><li>Imi\u0119 i nazwisko<\/li><li>Nazwa konta lub pseudonim<\/li><li>Domowy lub inny fizyczny adres, zawieraj\u0105cy nazw\u0119 ulicy oraz nazw\u0119 miasta<\/li><li>Adres e-mail<\/li><li>Numer telefonu<\/li><li>Informacje o aktywno\u015bci w internecie zawieraj\u0105ce, ale nie ograniczone do, historii przegl\u0105dania, historii wyszukiwania oraz informacje dotycz\u0105ce interakcji konsumenta z witryn\u0105 internetow\u0105, aplikacj\u0105 lub reklam\u0105<\/li><li>Dane geolokalizacyjne<\/li><\/ul><\/p><p class=\"cmplz-subtitle\">Okres przechowywania<\/p><p>Przechowujemy te dane do zako\u0144czenia us\u0142ugi.<\/p><\/details><details class=\"cmplz-dropdown dropdown-privacy-statement\"><summary><div><h3>1.6 \u017beby wspiera\u0107 serwisy lub produkty, kt\u00f3re klient chce kupi\u0107 lub kupi\u0142<\/h3><\/div><\/summary><p class=\"cmplz-subtitle\">Nast\u0119puj\u0105ce kategorie danych s\u0105 zbierane<\/p><p><ul><li>Imi\u0119 i nazwisko<\/li><li>Nazwa konta lub pseudonim<\/li><li>Adres e-mail<\/li><li>adres IP<\/li><li>Informacje o aktywno\u015bci w internecie zawieraj\u0105ce, ale nie ograniczone do, historii przegl\u0105dania, historii wyszukiwania oraz informacje dotycz\u0105ce interakcji konsumenta z witryn\u0105 internetow\u0105, aplikacj\u0105 lub reklam\u0105<\/li><\/ul><\/p><p class=\"cmplz-subtitle\">Okres przechowywania<\/p><p>Okres przechowywania okre\u015blamy wed\u0142ug ustalonych obiektywnych kryteri\u00f3w: Przechowywane przez czas nieokre\u015blony, chyba \u017ce dana osoba za\u017c\u0105da usuni\u0119cia swojego konta i danych osobowych.<\/p><\/details><details class=\"cmplz-dropdown dropdown-privacy-statement\"><summary><div><h3>1.7 Tworzenie i analizowanie statystyk w celu ulepszania witryny.<\/h3><\/div><\/summary><p class=\"cmplz-subtitle\">Nast\u0119puj\u0105ce kategorie danych s\u0105 zbierane<\/p><p><ul><li>Informacje o aktywno\u015bci w internecie zawieraj\u0105ce, ale nie ograniczone do, historii przegl\u0105dania, historii wyszukiwania oraz informacje dotycz\u0105ce interakcji konsumenta z witryn\u0105 internetow\u0105, aplikacj\u0105 lub reklam\u0105<\/li><li>Dane geolokalizacyjne<\/li><li>adres IP<\/li><\/ul><\/p><p class=\"cmplz-subtitle\">Okres przechowywania<\/p><p>Okres przechowywania okre\u015blamy wed\u0142ug ustalonych obiektywnych kryteri\u00f3w: Przechowywane przez czas nieokre\u015blony, chyba \u017ce dana osoba za\u017c\u0105da usuni\u0119cia swojego konta i danych osobowych.<\/p><\/details><details class=\"cmplz-dropdown dropdown-privacy-statement\"><summary><div><h3>1.8 Aby m\u00f3c oferowa\u0107 spersonalizowane produkty oraz us\u0142ugi<\/h3><\/div><\/summary><p class=\"cmplz-subtitle\">Nast\u0119puj\u0105ce kategorie danych s\u0105 zbierane<\/p><p><ul><li>Imi\u0119 i nazwisko<\/li><li>Nazwa konta lub pseudonim<\/li><li>Domowy lub inny fizyczny adres, zawieraj\u0105cy nazw\u0119 ulicy oraz nazw\u0119 miasta<\/li><li>Adres e-mail<\/li><li>Numer telefonu<\/li><li>adres IP<\/li><li>Informacje o aktywno\u015bci w internecie zawieraj\u0105ce, ale nie ograniczone do, historii przegl\u0105dania, historii wyszukiwania oraz informacje dotycz\u0105ce interakcji konsumenta z witryn\u0105 internetow\u0105, aplikacj\u0105 lub reklam\u0105<\/li><li>Dane geolokalizacyjne<\/li><\/ul><\/p><p class=\"cmplz-subtitle\">Okres przechowywania<\/p><p>Po zako\u0144czeniu \u015bwiadczenia us\u0142ugi przechowujemy te dane przez nast\u0119puj\u0105cy okres: Przechowywane przez czas nieokre\u015blony, chyba \u017ce dana osoba za\u017c\u0105da usuni\u0119cia swojego konta i danych osobowych.<\/p><\/details><h2>2. Udost\u0119pnianie innym stronom<\/h2><p>Udost\u0119pniamy lub ujawniamy te dane innym odbiorcom w nast\u0119puj\u0105cych celach:<\/p><h2>3. Praktyki ujawniania informacji<\/h2><p><p>Udost\u0119pniamy dane osobowe, je\u017celi jeste\u015bmy zobowi\u0105zani przepisami prawa lub na mocy postanowienia s\u0105du, w odpowiedzi na wezwanie organu \u015bcigania, w zakresie dozwolonym na podstawie innych przepis\u00f3w prawa, w celu udzielenia informacji lub w celu przeprowadzenia post\u0119powania wyja\u015bniaj\u0105cego w sprawie zwi\u0105zanej z bezpiecze\u0144stwem publicznym.<\/p><p>Je\u017celi nasza strona internetowa lub organizacja zostanie przej\u0119ta, sprzedana lub zaanga\u017cowana w fuzj\u0119 lub przej\u0119cie, Twoje dane mog\u0105 zosta\u0107 ujawnione naszym doradcom i potencjalnym nabywcom oraz zostan\u0105 przekazane nowym w\u0142a\u015bcicielom.<\/p><\/p><h2>4. Jak odpowiadamy na ustawienia Do Not Track i globalnej kontroli prywatno\u015bci<\/h2><p>Nasza witryna internetowa nie odpowiada i nie obs\u0142uguje pola \u017c\u0105dania nag\u0142\u00f3wka Do Not Track (DNT)(t\u0142um. \"Nie \u015bled\u017a\").<\/p><h2>5. Pliki cookie<\/h2><p>Nasza witryna wykorzystuje pliki cookies. Aby uzyska\u0107 wi\u0119cej informacji na temat plik\u00f3w cookies, zapoznaj si\u0119 z nasz\u0105 polityk\u0105 plik\u00f3w cookies na naszej witrynie <a href=\"https:\/\/www.fooevents.com\/pl\/cookie-policy-ca\/\">Polityka plik\u00f3w cookie (CA)<\/a> stronie.&nbsp;<\/p><p>Zawarli\u015bmy z Google umow\u0119 o przetwarzaniu danych.<\/p><p>Google nie mo\u017ce wykorzystywa\u0107 danych do \u017cadnych innych us\u0142ug Google.<\/p><p>W\u0142\u0105czanie pe\u0142nych adres\u00f3w IP jest przez nas blokowane.<\/p><h2>6. Bezpiecze\u0144stwo<\/h2><p>Dbamy o bezpiecze\u0144stwo danych osobowych. Podejmujemy odpowiednie \u015brodki bezpiecze\u0144stwa, aby ograniczy\u0107 nadu\u017cycia i nieuprawniony dost\u0119p do danych osobowych. Gwarantuje to, \u017ce tylko niezb\u0119dne osoby maj\u0105 dost\u0119p do twoich danych, dost\u0119p do danych jest chroniony, a nasze \u015brodki bezpiecze\u0144stwa s\u0105 regularnie sprawdzane.<\/p><p>Stosowane przez nas \u015brodki bezpiecze\u0144stwa obejmuj\u0105:<\/p><p><ul><li>Bezpiecze\u0144stwo logowania<\/li><li>DKIM, SPF, DMARC i inne konkretne ustawienia DNS<\/li><li>(START)Szyfrowanie TLS \/ SSL \/ DANE<\/li><li>HTTP Strict Transport Security i powi\u0105zane nag\u0142\u00f3wki zabezpiecze\u0144 oraz zasady przegl\u0105darki<\/li><li>Wzmocnienie strony internetowej\/funkcje bezpiecze\u0144stwa<\/li><li>Wykrywanie luk w zabezpieczeniach<\/li><\/ul><\/p><h2>7. Witryny innych firm<\/h2><p>Niniejsze o\u015bwiadczenie o ochronie prywatno\u015bci nie ma zastosowania do stron internetowych os\u00f3b trzecich, do kt\u00f3rych prowadz\u0105 linki w naszej witrynie. Nie mo\u017cemy zagwarantowa\u0107, \u017ce strony trzecie b\u0119d\u0105 obs\u0142ugiwa\u0107 twoje dane osobowe w spos\u00f3b niezawodny lub bezpieczny. Zalecamy przeczytanie o\u015bwiadcze\u0144 o ochronie prywatno\u015bci tych witryn przed rozpocz\u0119ciem korzystania z nich.<\/p><h2>8. Zmiany niniejszego o\u015bwiadczenia o ochronie prywatno\u015bci<\/h2><p>Zastrzegamy sobie prawo do wprowadzania zmian w niniejszym o\u015bwiadczeniu o ochronie prywatno\u015bci. Zaleca si\u0119 regularne sprawdzanie niniejszego o\u015bwiadczenia o ochronie prywatno\u015bci, aby by\u0107 \u015bwiadomym wszelkich zmian. Ponadto b\u0119dziemy Ci\u0119 aktywnie informowa\u0107, gdy tylko b\u0119dzie to mo\u017cliwe.<\/p><h2>9. Dost\u0119p i modyfikowanie danych<\/h2><p>Je\u015bli masz jakiekolwiek pytania lub chcesz wiedzie\u0107, jakie dane osobowe posiadamy na tw\u00f3j temat, skontaktuj si\u0119 z nami. Upewnij si\u0119, \u017ce zawsze jasno okre\u015blasz, kim jeste\u015b, aby\u015bmy mieli pewno\u015b\u0107, \u017ce nie modyfikujemy ani nie u\u017cywamy \u017cadnych danych niew\u0142a\u015bciwej osoby. Udzielimy \u017c\u0105danych informacji dopiero po otrzymaniu weryfikowalnego wniosku konsumenta. Mo\u017cesz skontaktowa\u0107 si\u0119 z nami, korzystaj\u0105c z poni\u017cszych informacji.<\/p><p class=\"cmplz-subtitle\">9.1 Przys\u0142uguj\u0105 ci nast\u0119puj\u0105ce prawa w odniesieniu do twoich danych osobowych<\/p><ol class=\"alphabetic\">\n                        <li>Mo\u017cesz z\u0142o\u017cy\u0107 wniosek o dost\u0119p do danych, kt\u00f3re przetwarzamy na tw\u00f3j temat.<\/li>\n                        <li>Mo\u017cesz za\u017c\u0105da\u0107 przegl\u0105du, w powszechnie u\u017cywanym formacie, danych, kt\u00f3re przetwarzamy na tw\u00f3j temat.<\/li>\n                        <li>Mo\u017cesz za\u017c\u0105da\u0107 sprostowania lub usuni\u0119cia danych, je\u015bli s\u0105 one nieprawid\u0142owe, nieaktualne lub ju\u017c nieaktualne. W stosownych przypadkach zmienione informacje s\u0105 przekazywane stronom trzecim maj\u0105cym dost\u0119p do tych informacji.<\/li>\n                        <li>Masz prawo do wycofania zgody w dowolnym momencie, z zastrze\u017ceniem ogranicze\u0144 prawnych lub umownych oraz rozs\u0105dnego powiadomienia. Zostaniesz poinformowany o konsekwencjach takiego wycofania.<\/li>\n                        <li>Masz prawo skierowa\u0107 skarg\u0119 dotycz\u0105c\u0105 nieprzestrzegania przepis\u00f3w PIPEDA do naszej organizacji, a je\u015bli problem nie zostanie rozwi\u0105zany, do Biura Komisarza ds. Prywatno\u015bci Kanady.<\/li>\n                        <li>Zapewnimy dost\u0119p do danych osobowych w alternatywnym formacie osobie z niepe\u0142nosprawno\u015bci\u0105 sensoryczn\u0105, kt\u00f3ra ma prawo dost\u0119pu do danych osobowych na mocy PIPEDA i kt\u00f3ra za\u017c\u0105da ich przes\u0142ania w alternatywnym formacie, je\u017celi (a) wersja informacji ju\u017c istnieje w tym formacie; lub b) jego konwersja na ten format jest uzasadniona i konieczna, aby osoba fizyczna mog\u0142a wykonywa\u0107 prawo.<\/li>\n                      <\/ol><h2>10. Dziecko<\/h2><p>Nasza witryna internetowa nie jest przeznaczona do przyci\u0105gania dzieci i nie jest naszym zamiarem zbieranie danych osobowych od dzieci poni\u017cej wieku, w kt\u00f3rym wyra\u017caj\u0105 zgod\u0119 w ich kraju zamieszkania. W zwi\u0105zku z tym prosimy, aby dzieci, kt\u00f3re nie osi\u0105gn\u0119\u0142y wieku zgody, nie przekazywa\u0142y nam \u017cadnych danych osobowych.<\/p><h2>11. Dane kontaktowe<\/h2><p>Grenade Technologies, Inc<br \/>\n        301-3450 Uptown Boulevard<br \/>\nVictoria BC V8Z 0B9<br \/>\n        Kanada<br \/>\n        Witryna:  <a href=\"https:\/\/www.fooevents.com\/pl\">https:\/\/www.fooevents.com\/pl<\/a> <br \/>\n        E-mail: <span class=\"cmplz-obfuscate\">prywatno\u015b\u0107@<span class=\"cmplz-fmail-domain\">&#101;x.com<\/span>&#102;ooev&#101;&#110;&#116;s&#046;&#099;&#111;m<\/span> <br \/>\n        <br \/>\n        <\/p><p>Wyznaczyli\u015bmy osob\u0119 kontaktow\u0105 w zakresie zasad i praktyk organizacji, do kt\u00f3rej mo\u017cna kierowa\u0107 skargi lub zapytania:<br \/>Att: Specjalista ds. ochrony prywatno\u015bci<br \/>301-3450 Uptown Boulevard<br \/>\nVictoria BC V8Z 0B9<br \/>\nKanada<\/p><\/div>","protected":false},"excerpt":{"rendered":"","protected":false},"author":2,"featured_media":0,"parent":0,"menu_order":0,"comment_status":"closed","ping_status":"closed","template":"","meta":{"site-sidebar-layout":"default","site-content-layout":"","ast-site-content-layout":"default","site-content-style":"default","site-sidebar-style":"default","ast-global-header-display":"","ast-banner-title-visibility":"","ast-main-header-display":"","ast-hfb-above-header-display":"","ast-hfb-below-header-display":"","ast-hfb-mobile-header-display":"","site-post-title":"","ast-breadcrumbs-content":"","ast-featured-img":"","footer-sml-layout":"","ast-disable-related-posts":"","theme-transparent-header-meta":"","adv-header-id-meta":"","stick-header-meta":"","header-above-stick-meta":"","header-main-stick-meta":"","header-below-stick-meta":"","astra-migrate-meta-layouts":"default","ast-page-background-enabled":"default","ast-page-background-meta":{"desktop":{"background-color":"var(--ast-global-color-4)","background-image":"","background-repeat":"repeat","background-position":"center center","background-size":"auto","background-attachment":"scroll","background-type":"","background-media":"","overlay-type":"","overlay-color":"","overlay-opacity":"","overlay-gradient":""},"tablet":{"background-color":"","background-image":"","background-repeat":"repeat","background-position":"center center","background-size":"auto","background-attachment":"scroll","background-type":"","background-media":"","overlay-type":"","overlay-color":"","overlay-opacity":"","overlay-gradient":""},"mobile":{"background-color":"","background-image":"","background-repeat":"repeat","background-position":"center center","background-size":"auto","background-attachment":"scroll","background-type":"","background-media":"","overlay-type":"","overlay-color":"","overlay-opacity":"","overlay-gradient":""}},"ast-content-background-meta":{"desktop":{"background-color":"var(--ast-global-color-5)","background-image":"","background-repeat":"repeat","background-position":"center center","background-size":"auto","background-attachment":"scroll","background-type":"","background-media":"","overlay-type":"","overlay-color":"","overlay-opacity":"","overlay-gradient":""},"tablet":{"background-color":"var(--ast-global-color-5)","background-image":"","background-repeat":"repeat","background-position":"center center","background-size":"auto","background-attachment":"scroll","background-type":"","background-media":"","overlay-type":"","overlay-color":"","overlay-opacity":"","overlay-gradient":""},"mobile":{"background-color":"var(--ast-global-color-5)","background-image":"","background-repeat":"repeat","background-position":"center center","background-size":"auto","background-attachment":"scroll","background-type":"","background-media":"","overlay-type":"","overlay-color":"","overlay-opacity":"","overlay-gradient":""}},"footnotes":""},"class_list":["post-188725","page","type-page","status-publish","hentry"],"_links":{"self":[{"href":"https:\/\/www.fooevents.com\/pl\/wp-json\/wp\/v2\/pages\/188725","targetHints":{"allow":["GET"]}}],"collection":[{"href":"https:\/\/www.fooevents.com\/pl\/wp-json\/wp\/v2\/pages"}],"about":[{"href":"https:\/\/www.fooevents.com\/pl\/wp-json\/wp\/v2\/types\/page"}],"author":[{"embeddable":true,"href":"https:\/\/www.fooevents.com\/pl\/wp-json\/wp\/v2\/users\/2"}],"replies":[{"embeddable":true,"href":"https:\/\/www.fooevents.com\/pl\/wp-json\/wp\/v2\/comments?post=188725"}],"version-history":[{"count":0,"href":"https:\/\/www.fooevents.com\/pl\/wp-json\/wp\/v2\/pages\/188725\/revisions"}],"wp:attachment":[{"href":"https:\/\/www.fooevents.com\/pl\/wp-json\/wp\/v2\/media?parent=188725"}],"curies":[{"name":"wp","href":"https:\/\/api.w.org\/{rel}","templated":true}]}}