{"id":23678,"date":"2018-05-25T12:24:47","date_gmt":"2018-05-25T18:24:47","guid":{"rendered":"https:\/\/www.fooevents.com\/?page_id=23678"},"modified":"2021-11-04T14:24:34","modified_gmt":"2021-11-04T20:24:34","slug":"prywatnosc","status":"publish","type":"page","link":"https:\/\/www.fooevents.com\/pl\/privacy\/","title":{"rendered":"Polityka prywatno\u015bci"},"content":{"rendered":"<div data-elementor-type=\"wp-page\" data-elementor-id=\"23678\" class=\"elementor elementor-23678\" data-elementor-post-type=\"page\">\n\t\t\t\t\t\t<section class=\"elementor-section elementor-top-section elementor-element elementor-element-4c1ad695 elementor-section-full_width elementor-section-height-default elementor-section-height-default\" data-id=\"4c1ad695\" data-element_type=\"section\" data-e-type=\"section\">\n\t\t\t\t\t\t<div class=\"elementor-container elementor-column-gap-no\">\n\t\t\t\t\t<div class=\"elementor-column elementor-col-100 elementor-top-column elementor-element elementor-element-3fb2ee2\" data-id=\"3fb2ee2\" data-element_type=\"column\" data-e-type=\"column\">\n\t\t\t<div class=\"elementor-widget-wrap elementor-element-populated\">\n\t\t\t\t\t\t<div class=\"elementor-element elementor-element-b8e0f30 elementor-widget elementor-widget-text-editor\" data-id=\"b8e0f30\" data-element_type=\"widget\" data-e-type=\"widget\" data-widget_type=\"text-editor.default\">\n\t\t\t\t<div class=\"elementor-widget-container\">\n\t\t\t\t\t\t\t\t\t<p><em>Ostatnia aktualizacja: 8 kwietnia 2019 r.<\/em><\/p>\n<h3><a name=\"who_we_are\"><\/a><br>1. KIM JESTE\u015aMY<\/h3>\n<p>FooEvents jest produktem nale\u017c\u0105cym do Grenade Technologies (Pty) Ltd., kt\u00f3ra jest zarejestrowana w Republice Po\u0142udniowej Afryki (nr rej. 2012\/051365\/07).<\/p>\n<p>Adres naszej strony internetowej to: <a href=\"https:\/\/www.fooevents.com\/pl\/\">https:\/\/www.fooevents.com<\/a><\/p>\n<p>W przypadku jakichkolwiek pyta\u0144 dotycz\u0105cych naszej polityki prywatno\u015bci lub wniosk\u00f3w o prawo dost\u0119pu mo\u017cna wys\u0142a\u0107 wiadomo\u015b\u0107 e-mail na adres: privacy (at) fooevents.com<\/p>\n<h3><a name=\"personal_data_collection\"><\/a><br>2. JAKIE DANE OSOBOWE GROMADZIMY I DLACZEGO JE GROMADZIMY<\/h3>\n<p>FooEvents przestrzega nast\u0119puj\u0105cych zasad w celu ochrony prywatno\u015bci u\u017cytkownik\u00f3w:<br>- Nie gromadzimy wi\u0119cej informacji ni\u017c jest to konieczne;<br>- Nie wykorzystujemy danych u\u017cytkownika do cel\u00f3w innych ni\u017c okre\u015blone;<br>- Nie przechowujemy danych u\u017cytkownika, je\u015bli nie s\u0105 one ju\u017c potrzebne;<br>- Nie przekazujemy danych u\u017cytkownika stronom trzecim bez jego zgody.<\/p>\n<p>Je\u015bli masz jakiekolwiek pytania dotycz\u0105ce naszej Polityki prywatno\u015bci lub nie zgadzasz si\u0119 z ni\u0105, skontaktuj si\u0119 z nami przed skorzystaniem z tej witryny. Od czasu do czasu mo\u017cemy wprowadza\u0107 zmiany do naszej polityki, dlatego nale\u017cy cz\u0119sto sprawdza\u0107 t\u0119 stron\u0119, aby upewni\u0107 si\u0119, \u017ce u\u017cytkownik jest \u015bwiadomy wszelkich wprowadzonych zmian.<\/p>\n<h3><a name=\"comments\"><\/a><br>3. UWAGI<\/h3>\n<p>Gdy odwiedzaj\u0105cy zostawiaj\u0105 komentarze na stronie, zbieramy dane wy\u015bwietlane w formularzu komentarzy, a tak\u017ce adres IP odwiedzaj\u0105cego i ci\u0105g agenta u\u017cytkownika przegl\u0105darki, aby pom\u00f3c w wykrywaniu spamu.<\/p>\n<p>Zanonimizowany ci\u0105g znak\u00f3w utworzony z adresu e-mail u\u017cytkownika (zwany r\u00f3wnie\u017c skr\u00f3tem) mo\u017ce zosta\u0107 przekazany do us\u0142ugi Gravatar w celu sprawdzenia, czy u\u017cytkownik z niej korzysta. Polityka prywatno\u015bci us\u0142ugi Gravatar jest dost\u0119pna tutaj: <a href=\"https:\/\/automattic.com\/privacy\/\" rel=\"nofollow noopener\" target=\"_blank\">https:\/\/automattic.com\/privacy\/<\/a><\/p>\n<p>Po zatwierdzeniu komentarza zdj\u0119cie profilowe jest widoczne publicznie w kontek\u015bcie komentarza.<\/p>\n<h3><a name=\"media\"><\/a><br>4. MEDIA<\/h3>\n<p>W przypadku przesy\u0142ania obraz\u00f3w do witryny internetowej nale\u017cy unika\u0107 przesy\u0142ania obraz\u00f3w z osadzonymi danymi lokalizacji (EXIF GPS). Odwiedzaj\u0105cy witryn\u0119 mog\u0105 pobiera\u0107 i wyodr\u0119bnia\u0107 wszelkie dane dotycz\u0105ce lokalizacji z obraz\u00f3w w witrynie.<\/p>\n<h3><a name=\"contact_forms\"><\/a><br>5. FORMULARZE KONTAKTOWE<\/h3>\n<p>U\u017cywamy formularzy kontaktowych na tej stronie, aby umo\u017cliwi\u0107 klientom i odwiedzaj\u0105cym zapisywanie si\u0119 na listy mailingowe, odpowiadanie na ankiety, przesy\u0142anie zg\u0142osze\u0144 do pomocy technicznej i kontaktowanie si\u0119 z nami.<\/p>\n<p>Na potrzeby obs\u0142ugi klienta i \u0142adu korporacyjnego archiwizujemy w bazie danych naszej witryny nast\u0119puj\u0105ce dane osobowe przes\u0142ane za po\u015brednictwem dowolnego formularza kontaktowego na czas nieokre\u015blony: imi\u0119 i nazwisko, adres e-mail i adres IP.<\/p>\n<p>FooEvents nie b\u0119dzie nikomu wypo\u017cycza\u0107 ani sprzedawa\u0107 informacji potencjalnie umo\u017cliwiaj\u0105cych identyfikacj\u0119 osoby. Poza swoimi pracownikami i kontrahentami, jak opisano powy\u017cej, FooEvents ujawnia potencjalnie dane osobowe i dane osobowe tylko w odpowiedzi na wezwanie do s\u0105du, nakaz s\u0105dowy lub inne \u017c\u0105danie rz\u0105dowe, lub gdy FooEvents wierzy w dobrej wierze, \u017ce ujawnienie jest uzasadnione w celu ochrony w\u0142asno\u015bci lub praw FooEvents, stron trzecich lub og\u00f3\u0142u spo\u0142ecze\u0144stwa.<\/p>\n<p>Je\u015bli jeste\u015b klientem FooEvents i wyrazi\u0142e\u015b zgod\u0119 na otrzymywanie od nas wiadomo\u015bci i aktualizacji, FooEvents mo\u017ce od czasu do czasu wysy\u0142a\u0107 Ci wiadomo\u015b\u0107 e-mail, aby poinformowa\u0107 Ci\u0119 o nowych funkcjach, poprosi\u0107 o Twoj\u0105 opini\u0119 lub po prostu informowa\u0107 Ci\u0119 na bie\u017c\u0105co o tym, co dzieje si\u0119 z FooEvents i naszymi produktami. Je\u015bli u\u017cytkownik prze\u015ble nam pro\u015bb\u0119 (na przyk\u0142ad za po\u015brednictwem wiadomo\u015bci e-mail dotycz\u0105cej pomocy technicznej lub za po\u015brednictwem jednego z naszych mechanizm\u00f3w opinii), zastrzegamy sobie prawo do jej opublikowania, aby pom\u00f3c nam wyja\u015bni\u0107 lub odpowiedzie\u0107 na pro\u015bb\u0119 u\u017cytkownika lub pom\u00f3c nam wspiera\u0107 innych u\u017cytkownik\u00f3w.<\/p>\n<p>FooEvents podejmuje wszelkie niezb\u0119dne \u015brodki w celu ochrony przed nieuprawnionym dost\u0119pem, wykorzystaniem, zmian\u0105 lub zniszczeniem potencjalnie identyfikuj\u0105cych i identyfikuj\u0105cych dane osobowe informacji.<\/p>\n<p>W ramach naszych \u015brodk\u00f3w bezpiecze\u0144stwa wdro\u017cyli\u015bmy protok\u00f3\u0142 HTTPS w ca\u0142ej witrynie i szyfrujemy przep\u0142yw danych mi\u0119dzy przegl\u0105dark\u0105 klienta a serwerem internetowym.<\/p>\n<h3><a name=\"cookies\"><\/a><br>6. CIASTECZKA<\/h3>\n<p>Aby poprawi\u0107 komfort korzystania z naszej witryny, u\u017cywamy plik\u00f3w cookie. Pliki cookie s\u0105 standardem bran\u017cowym i korzysta z nich wi\u0119kszo\u015b\u0107 g\u0142\u00f3wnych witryn internetowych. Plik cookie to ma\u0142y plik tekstowy, kt\u00f3ry nasza witryna umieszcza na komputerze u\u017cytkownika w celu zapami\u0119tania jego preferencji. U\u017cytkownik mo\u017ce odm\u00f3wi\u0107 korzystania z plik\u00f3w cookie, wybieraj\u0105c odpowiednie ustawienia w przegl\u0105darce, jednak nale\u017cy pami\u0119ta\u0107, \u017ce je\u015bli to zrobi, mo\u017ce nie by\u0107 w stanie korzysta\u0107 z pe\u0142nej funkcjonalno\u015bci tej witryny.<\/p>\n<p>Korzystamy z plik\u00f3w cookie Google Analytics (opisanych szczeg\u00f3\u0142owo w sekcji <a href=\"#analytics\">Analityka<\/a> sekcja) i piksel Facebooka. Piksel Facebooka to narz\u0119dzie analityczne, kt\u00f3re pozwala nam mierzy\u0107 skuteczno\u015b\u0107 naszych reklam poprzez zrozumienie dzia\u0142a\u0144 podejmowanych przez u\u017cytkownik\u00f3w na tej stronie. Szczeg\u00f3\u0142y techniczne dotycz\u0105ce dzia\u0142ania piksela Facebooka i gromadzonych przez niego danych mo\u017cna znale\u017a\u0107 w Polityce plik\u00f3w cookie Facebooka: <a href=\"https:\/\/www.facebook.com\/policies\/cookies\/\" target=\"_blank\" rel=\"noopener\">https:\/\/www.facebook.com\/policies\/cookies\/<\/a><\/p>\n<p>Je\u015bli zostawisz komentarz na naszej stronie, mo\u017cesz wyrazi\u0107 zgod\u0119 na zapisanie swojego imienia i nazwiska, adresu e-mail i strony internetowej w plikach cookie. S\u0105 one przeznaczone dla wygody u\u017cytkownika, dzi\u0119ki czemu nie musi on ponownie wpisywa\u0107 swoich danych, gdy zostawia kolejny komentarz. Te pliki cookie b\u0119d\u0105 przechowywane przez rok.<\/p>\n<p>Je\u015bli masz konto i logujesz si\u0119 na tej stronie, ustawimy tymczasowy plik cookie, aby ustali\u0107, czy Twoja przegl\u0105darka akceptuje pliki cookie. Ten plik cookie nie zawiera danych osobowych i jest usuwany po zamkni\u0119ciu przegl\u0105darki.<\/p>\n<p>Podczas logowania skonfigurujemy r\u00f3wnie\u017c kilka plik\u00f3w cookie, aby zapisa\u0107 dane logowania i opcje wy\u015bwietlania ekranu. Pliki cookie logowania s\u0105 przechowywane przez dwa dni, a pliki cookie opcji ekranu przez rok. W przypadku wybrania opcji \"Zapami\u0119taj mnie\" dane logowania b\u0119d\u0105 przechowywane przez dwa tygodnie. Po wylogowaniu si\u0119 z konta pliki cookie logowania zostan\u0105 usuni\u0119te.<\/p>\n<p>Je\u015bli edytujesz lub publikujesz artyku\u0142, w Twojej przegl\u0105darce zostanie zapisany dodatkowy plik cookie. Ten plik cookie nie zawiera \u017cadnych danych osobowych i po prostu wskazuje identyfikator posta artyku\u0142u, kt\u00f3ry w\u0142a\u015bnie edytowa\u0142e\u015b. Wygasa on po 1 dniu.<\/p>\n<h3><a name=\"embedded_content\"><\/a><br>7. OSADZONE TRE\u015aCI Z INNYCH STRON INTERNETOWYCH<\/h3>\n<p>Artyku\u0142y na tej stronie mog\u0105 zawiera\u0107 osadzone tre\u015bci (np. filmy, obrazy, artyku\u0142y itp.). Osadzone tre\u015bci z innych witryn zachowuj\u0105 si\u0119 dok\u0142adnie tak samo, jak gdyby u\u017cytkownik odwiedzi\u0142 inn\u0105 witryn\u0119.<\/p>\n<p>Witryny te mog\u0105 gromadzi\u0107 dane o u\u017cytkowniku, wykorzystywa\u0107 pliki cookie, osadza\u0107 dodatkowe \u015bledzenie stron trzecich i monitorowa\u0107 interakcj\u0119 u\u017cytkownika z osadzon\u0105 zawarto\u015bci\u0105, w tym \u015bledzi\u0107 interakcj\u0119 u\u017cytkownika z osadzon\u0105 zawarto\u015bci\u0105, je\u015bli u\u017cytkownik ma konto i jest zalogowany w tej witrynie.<\/p>\n<h3><a name=\"analytics\"><\/a><br>8. ANALITYKA<\/h3>\n<p>Nasza witryna korzysta z us\u0142ugi Google Analytics, kt\u00f3ra przesy\u0142a dane witryny na serwery Google w Stanach Zjednoczonych. Google Analytics nie identyfikuje poszczeg\u00f3lnych u\u017cytkownik\u00f3w ani nie \u0142\u0105czy adresu IP u\u017cytkownika z \u017cadnymi innymi danymi przechowywanymi przez Google. Korzystamy z raport\u00f3w dostarczanych przez Google Analytics, aby pom\u00f3c nam zrozumie\u0107 ruch w witrynie i korzystanie ze strony internetowej.<\/p>\n<p>Polityka prywatno\u015bci Google jest dost\u0119pna tutaj: <a href=\"https:\/\/policies.google.com\/privacy\" rel=\"nofollow noopener\" target=\"_blank\">https:\/\/policies.google.com\/privacy<\/a><\/p>\n<p>Przeczytaj o tym, jak Google wykorzystuje informacje z witryn i aplikacji korzystaj\u0105cych z ich us\u0142ug tutaj:&nbsp;<a href=\"https:\/\/policies.google.com\/technologies\/partner-sites\" rel=\"nofollow noopener\" target=\"_blank\">https:\/\/policies.google.com\/technologies\/partner-sites<\/a><\/p>\n<p>List\u0119 wszystkich plik\u00f3w cookie u\u017cywanych przez Google Analytics wraz z wyja\u015bnieniem ka\u017cdego z nich mo\u017cna znale\u017a\u0107 tutaj: <a href=\"https:\/\/developers.google.com\/analytics\/devguides\/collection\/analyticsjs\/cookie-usage\" rel=\"nofollow noopener\" target=\"_blank\">https:\/\/developers.google.com\/analytics\/devguides\/collection\/analyticsjs\/cookie-usage<\/a><\/p>\n<p>U\u017cywamy wtyczki Enhanced E-commerce for WooCommerce store firmy Tatvic do osadzania zaawansowanych funkcji e-commerce Google Analytics na tej stronie. Dost\u0119p do polityki prywatno\u015bci wtyczki Tatvic mo\u017cna uzyska\u0107 tutaj: <a href=\"https:\/\/www.tatvic.com\/privacy-policy\/?ref=plugin_policy&amp;utm_source=plugin_backend&amp;utm_medium=woocommerce_free_plugin&amp;utm_campaign=GDPR_complaince_ecomm_plugins\" rel=\"nofollow noopener\" target=\"_blank\">https:\/\/www.tatvic.com\/privacy-policy\/?ref=plugin_policy&amp;utm_source=plugin_backend&amp;utm_medium=woocommerce_free_plugin&amp;utm_campaign=GDPR_complaince_ecomm_plugins<\/a><\/p>\n<p>W\u0142\u0105czyli\u015bmy opcjonaln\u0105 anonimizacj\u0119 IP i funkcj\u0119 rezygnacji z Google Analytics w tej wtyczce, aby zachowa\u0107 zgodno\u015b\u0107 z europejskim og\u00f3lnym rozporz\u0105dzeniem o ochronie danych (RODO).<\/p>\n<p>U\u017cytkownik mo\u017ce r\u00f3wnie\u017c zainstalowa\u0107 dodatek do przegl\u0105darki Google Analytics Opt-out Browser Add-on, aby ca\u0142kowicie uniemo\u017cliwi\u0107 raportowanie danych w Google Analytics: <a href=\"https:\/\/tools.google.com\/dlpage\/gaoptout\/\" rel=\"nofollow noopener\" target=\"_blank\">https:\/\/tools.google.com\/dlpage\/gaoptout\/<\/a><\/p>\n<h3><a name=\"what_we_collect\"><\/a><br>9. CO ZBIERAMY I PRZECHOWUJEMY<\/h3>\n<p>Podczas odwiedzania naszej witryny b\u0119dziemy \u015bledzi\u0107:<br>- Przegl\u0105dane produkty: wykorzystamy to na przyk\u0142ad do wy\u015bwietlania ostatnio przegl\u0105danych produkt\u00f3w i przedstawiania rekomendacji.<br>- Lokalizacja, adres IP i typ przegl\u0105darki: wykorzystamy to do cel\u00f3w takich jak szacowanie podatk\u00f3w i wysy\u0142ki.<\/p>\n<p>U\u017cywamy r\u00f3wnie\u017c plik\u00f3w cookie do \u015bledzenia zawarto\u015bci koszyka podczas przegl\u0105dania naszej witryny.<\/p>\n<p>Podczas dokonywania zakup\u00f3w u nas poprosimy Ci\u0119 o podanie informacji, w tym imienia i nazwiska, adresu rozliczeniowego, adresu wysy\u0142ki, adresu e-mail, numeru telefonu, danych karty kredytowej \/ p\u0142atno\u015bci oraz opcjonalnych informacji o koncie, takich jak nazwa u\u017cytkownika i has\u0142o. B\u0119dziemy wykorzystywa\u0107 te informacje do takich cel\u00f3w, jak:<br>- Wysy\u0142anie informacji o koncie i zam\u00f3wieniu<br>- Reagowanie na \u017c\u0105dania u\u017cytkownika, w tym zwroty i reklamacje<br>- Przetwarzanie p\u0142atno\u015bci i zapobieganie oszustwom<br>- Skonfiguruj konto w naszym sklepie<br>- Przestrzeganie wszelkich ci\u0105\u017c\u0105cych na nas zobowi\u0105za\u0144 prawnych, takich jak obliczanie podatk\u00f3w.<br>- Ulepszanie oferty naszych sklep\u00f3w<br>- wysy\u0142anie u\u017cytkownikowi wiadomo\u015bci marketingowych, je\u015bli u\u017cytkownik wyrazi na to zgod\u0119<\/p>\n<p>Je\u015bli utworzysz konto, b\u0119dziemy przechowywa\u0107 Twoje imi\u0119 i nazwisko, adres, adres e-mail i numer telefonu, kt\u00f3re zostan\u0105 wykorzystane do wype\u0142nienia kasy dla przysz\u0142ych zam\u00f3wie\u0144.<\/p>\n<p>Zasadniczo przechowujemy informacje o u\u017cytkowniku tak d\u0142ugo, jak potrzebujemy ich do cel\u00f3w, dla kt\u00f3rych je gromadzimy i wykorzystujemy, i nie jeste\u015bmy prawnie zobowi\u0105zani do ich dalszego przechowywania.<\/p>\n<h3><a name=\"data_retention\"><\/a><br>10. JAK D\u0141UGO PRZECHOWUJEMY DANE U\u017bYTKOWNIKA<\/h3>\n<p>W przypadku u\u017cytkownik\u00f3w, kt\u00f3rzy zarejestruj\u0105 si\u0119 na naszej stronie internetowej, przechowujemy r\u00f3wnie\u017c podane przez nich dane osobowe w ich profilu u\u017cytkownika. Wszyscy u\u017cytkownicy mog\u0105 przegl\u0105da\u0107, edytowa\u0107 lub usuwa\u0107 swoje dane osobowe w dowolnym momencie (z wyj\u0105tkiem tego, \u017ce nie mog\u0105 zmieni\u0107 swojej nazwy u\u017cytkownika). Administratorzy witryny mog\u0105 r\u00f3wnie\u017c przegl\u0105da\u0107 i edytowa\u0107 te informacje.<\/p>\n<p>Obecnie przechowujemy dane osobowe dotycz\u0105ce zam\u00f3wie\u0144 z\u0142o\u017conych na tej stronie przez nast\u0119puj\u0105cy okres:<br>- Nieaktywne konta: 3 miesi\u0105ce<br>- Zam\u00f3wienia oczekuj\u0105ce: 3 miesi\u0105ce<br>- Nieudane zam\u00f3wienia: 3 miesi\u0105ce<br>- Anulowane zam\u00f3wienia: 3 miesi\u0105ce<br>- Zrealizowane zam\u00f3wienia: Bezterminowo<\/p>\n<p>Je\u015bli zostawisz komentarz, komentarz i jego metadane zostan\u0105 zachowane na czas nieokre\u015blony. Dzi\u0119ki temu mo\u017cemy automatycznie rozpoznawa\u0107 i zatwierdza\u0107 kolejne komentarze, zamiast trzyma\u0107 je w kolejce moderacji.<\/p>\n<h3><a name=\"send_data\"><\/a><br>11. GDZIE WYSY\u0141AMY DANE U\u017bYTKOWNIKA<\/h3>\n<p>Udost\u0119pniamy informacje nast\u0119puj\u0105cym stronom trzecim, kt\u00f3re pomagaj\u0105 nam w realizacji zam\u00f3wie\u0144 i \u015bwiadczeniu us\u0142ug w sklepie:<\/p>\n<p>Korzystamy z opartej na chmurze us\u0142ugi MailChimp do wysy\u0142ania promocyjnych wiadomo\u015bci e-mail i aktualizacji produkt\u00f3w do klient\u00f3w, kt\u00f3rzy zapisali si\u0119 na nasz\u0105 list\u0119 mailingow\u0105. Dane osobowe, w tym imi\u0119 i nazwisko, adres e-mail, kraj i kwota przychod\u00f3w wydanych z nami, s\u0105 przechowywane na naszej li\u015bcie MailChimp. Polityk\u0119 prywatno\u015bci MailChimp mo\u017cna znale\u017a\u0107 tutaj: <a href=\"https:\/\/mailchimp.com\/legal\/privacy\/\" target=\"_blank\" rel=\"noopener\">https:\/\/mailchimp.com\/legal\/privacy\/<\/a><\/p>\n<p>Korzystamy z opartej na chmurze us\u0142ugi o nazwie Freshdesk jako naszego systemu kontaktu i wsparcia. Dane osobowe, w tym imi\u0119 i nazwisko, adres e-mail, numer zam\u00f3wienia i tre\u015b\u0107 wiadomo\u015bci, s\u0105 przekazywane do systemu Freshdesk za ka\u017cdym razem, gdy klient lub u\u017cytkownik wysy\u0142a do nas zapytanie dotycz\u0105ce pomocy technicznej lub og\u00f3ln\u0105 wiadomo\u015b\u0107 e-mail. Polityk\u0119 prywatno\u015bci Freshdesk mo\u017cna znale\u017a\u0107 tutaj: <a href=\"https:\/\/www.freshworks.com\/privacy\/\" rel=\"nofollow noopener\" target=\"_blank\">https:\/\/www.freshworks.com\/privacy\/<\/a><\/p>\n<p>Komentarze odwiedzaj\u0105cych mog\u0105 by\u0107 sprawdzane za pomoc\u0105 automatycznej us\u0142ugi wykrywania spamu o nazwie Akismet, kt\u00f3ra jest dostarczana przez Automattic. Polityk\u0119 prywatno\u015bci Automattic mo\u017cna znale\u017a\u0107 tutaj: <a href=\"https:\/\/automattic.com\/privacy\/\" rel=\"nofollow noopener\" target=\"_blank\">https:\/\/automattic.com\/privacy\/<\/a><\/p>\n<h3><a name=\"data_rights\"><\/a><br>12. JAKIE PRAWA PRZYS\u0141UGUJ\u0104 U\u017bYTKOWNIKOWI W ODNIESIENIU DO JEGO DANYCH<\/h3>\n<p>Je\u015bli masz konto na tej stronie lub zostawi\u0142e\u015b komentarze, mo\u017cesz poprosi\u0107 o otrzymanie wyeksportowanego pliku danych osobowych, kt\u00f3re przechowujemy na Tw\u00f3j temat, w tym wszelkich danych, kt\u00f3re nam przekaza\u0142e\u015b. U\u017cytkownik mo\u017ce r\u00f3wnie\u017c za\u017c\u0105da\u0107 usuni\u0119cia wszelkich przechowywanych przez nas jego danych osobowych. Nie obejmuje to \u017cadnych danych, kt\u00f3re jeste\u015bmy zobowi\u0105zani przechowywa\u0107 do cel\u00f3w administracyjnych, prawnych lub bezpiecze\u0144stwa.<\/p>\n<h3><a name=\"data_access\"><\/a><br>13. KTO W NASZYM ZESPOLE MA DOST\u0118P<\/h3>\n<p>Ograniczamy dost\u0119p do przekazywanych nam informacji do jak najmniejszej liczby os\u00f3b. Obecnie dost\u0119p maj\u0105 tylko administratorzy i starsi cz\u0142onkowie zespo\u0142u:<br>- Informacje o zam\u00f3wieniu, takie jak to, co zosta\u0142o zakupione i kiedy zosta\u0142o zakupione, oraz<br>- Informacje o kliencie, takie jak imi\u0119 i nazwisko, adres e-mail i informacje rozliczeniowe.<\/p>\n<p>Osoby te potrzebuj\u0105 dost\u0119pu do tych informacji, aby pom\u00f3c w realizacji zam\u00f3wie\u0144, przetwarzaniu zwrot\u00f3w i zapewnianiu wsparcia.<\/p>\n<h3><a name=\"payments\"><\/a><br>14. P\u0141ATNO\u015aCI<\/h3>\n<p>Akceptujemy p\u0142atno\u015bci za po\u015brednictwem PayPal. Podczas przetwarzania p\u0142atno\u015bci niekt\u00f3re dane u\u017cytkownika b\u0119d\u0105 przekazywane do PayPal, w tym informacje wymagane do przetworzenia lub obs\u0142ugi p\u0142atno\u015bci, takie jak suma zakupu i informacje rozliczeniowe.<\/p>\n<p>Wi\u0119cej informacji mo\u017cna znale\u017a\u0107 w Polityce prywatno\u015bci PayPal: <a href=\"https:\/\/www.paypal.com\/us\/webapps\/mpp\/ua\/privacy-full\" rel=\"nofollow noopener\" target=\"_blank\">https:\/\/www.paypal.com\/us\/webapps\/mpp\/ua\/privacy-full<\/a><\/p>\t\t\t\t\t\t\t\t<\/div>\n\t\t\t\t<\/div>\n\t\t\t\t\t<\/div>\n\t\t<\/div>\n\t\t\t\t\t<\/div>\n\t\t<\/section>\n\t\t\t\t<\/div>","protected":false},"excerpt":{"rendered":"<p>Last Updated: 8 April 2019 1. WHO WE ARE FooEvents is a product owned by Grenade Technologies (Pty) Ltd. which is registered in the Republic of South Africa (Reg. No. 2012\/051365\/07). Our website address is: https:\/\/www.fooevents.com For any questions regarding our privacy policy or for Right of Access Requests you can send an email to: [&hellip;]<\/p>\n","protected":false},"author":2,"featured_media":0,"parent":0,"menu_order":90,"comment_status":"closed","ping_status":"closed","template":"elementor_theme","meta":{"site-sidebar-layout":"no-sidebar","site-content-layout":"default","ast-site-content-layout":"default","site-content-style":"default","site-sidebar-style":"default","ast-global-header-display":"","ast-banner-title-visibility":"","ast-main-header-display":"","ast-hfb-above-header-display":"","ast-hfb-below-header-display":"","ast-hfb-mobile-header-display":"","site-post-title":"","ast-breadcrumbs-content":"","ast-featured-img":"","footer-sml-layout":"","ast-disable-related-posts":"","theme-transparent-header-meta":"default","adv-header-id-meta":"","stick-header-meta":"default","header-above-stick-meta":"","header-main-stick-meta":"","header-below-stick-meta":"","astra-migrate-meta-layouts":"default","ast-page-background-enabled":"default","ast-page-background-meta":{"desktop":{"background-color":"var(--ast-global-color-4)","background-image":"","background-repeat":"repeat","background-position":"center center","background-size":"auto","background-attachment":"scroll","background-type":"","background-media":"","overlay-type":"","overlay-color":"","overlay-opacity":"","overlay-gradient":""},"tablet":{"background-color":"","background-image":"","background-repeat":"repeat","background-position":"center center","background-size":"auto","background-attachment":"scroll","background-type":"","background-media":"","overlay-type":"","overlay-color":"","overlay-opacity":"","overlay-gradient":""},"mobile":{"background-color":"","background-image":"","background-repeat":"repeat","background-position":"center center","background-size":"auto","background-attachment":"scroll","background-type":"","background-media":"","overlay-type":"","overlay-color":"","overlay-opacity":"","overlay-gradient":""}},"ast-content-background-meta":{"desktop":{"background-color":"var(--ast-global-color-5)","background-image":"","background-repeat":"repeat","background-position":"center center","background-size":"auto","background-attachment":"scroll","background-type":"","background-media":"","overlay-type":"","overlay-color":"","overlay-opacity":"","overlay-gradient":""},"tablet":{"background-color":"var(--ast-global-color-5)","background-image":"","background-repeat":"repeat","background-position":"center center","background-size":"auto","background-attachment":"scroll","background-type":"","background-media":"","overlay-type":"","overlay-color":"","overlay-opacity":"","overlay-gradient":""},"mobile":{"background-color":"var(--ast-global-color-5)","background-image":"","background-repeat":"repeat","background-position":"center center","background-size":"auto","background-attachment":"scroll","background-type":"","background-media":"","overlay-type":"","overlay-color":"","overlay-opacity":"","overlay-gradient":""}},"footnotes":""},"class_list":["post-23678","page","type-page","status-publish","hentry"],"_links":{"self":[{"href":"https:\/\/www.fooevents.com\/pl\/wp-json\/wp\/v2\/pages\/23678","targetHints":{"allow":["GET"]}}],"collection":[{"href":"https:\/\/www.fooevents.com\/pl\/wp-json\/wp\/v2\/pages"}],"about":[{"href":"https:\/\/www.fooevents.com\/pl\/wp-json\/wp\/v2\/types\/page"}],"author":[{"embeddable":true,"href":"https:\/\/www.fooevents.com\/pl\/wp-json\/wp\/v2\/users\/2"}],"replies":[{"embeddable":true,"href":"https:\/\/www.fooevents.com\/pl\/wp-json\/wp\/v2\/comments?post=23678"}],"version-history":[{"count":0,"href":"https:\/\/www.fooevents.com\/pl\/wp-json\/wp\/v2\/pages\/23678\/revisions"}],"wp:attachment":[{"href":"https:\/\/www.fooevents.com\/pl\/wp-json\/wp\/v2\/media?parent=23678"}],"curies":[{"name":"wp","href":"https:\/\/api.w.org\/{rel}","templated":true}]}}