{"id":10075,"date":"2017-07-25T09:52:16","date_gmt":"2017-07-25T07:52:16","guid":{"rendered":"https:\/\/www.fooevents.com\/?post_type=product&#038;p=10075"},"modified":"2026-03-09T04:23:49","modified_gmt":"2026-03-09T11:23:49","slug":"fooevents-multi-day-2","status":"publish","type":"product","link":"https:\/\/www.fooevents.com\/pl\/product\/fooevents-multi-day\/","title":{"rendered":"FooEvents Multi-Day (Licencja: Pojedyncza)"},"content":{"rendered":"<p>Wtyczka FooEvents Multi-day to rozszerzenie dla FooEvents, kt\u00f3re dodaje obs\u0142ug\u0119 wydarze\u0144 trwaj\u0105cych wiele dni, takich jak koncerty, konferencje i wystawy. Jest to niezb\u0119dna wtyczka, je\u015bli masz wydarzenie trwaj\u0105ce d\u0142u\u017cej ni\u017c jeden dzie\u0144, poniewa\u017c mo\u017cesz teraz sprzedawa\u0107 bilety \u0142\u0105czone na wydarzenia wielodniowe i mie\u0107 wiele zameldowa\u0144! Zaktualizowali\u015bmy r\u00f3wnie\u017c niekt\u00f3re z naszych innych popularnych wtyczek, aby by\u0142y kompatybilne z wtyczk\u0105 Multi-day. Wtyczka FooEvents Calendar wy\u015bwietla teraz wydarzenia jako zakres dat, a wtyczka FooEvents Express Check-in i aplikacja FooEvents Check-in obs\u0142uguj\u0105 wielokrotne zameldowania.<\/p>\n<h3>Zakup obejmuje:<\/h3>\n<p>Niestandardowe pola uczestnik\u00f3w FooEvents do pobrania,<br \/>\n12-miesi\u0119czne wsparcie premium,<br \/>\n12-miesi\u0119czne aktualizacje wtyczek,<br \/>\nPrzyjazna dla u\u017cytkownika dokumentacja.<\/p>\n<p><strong>Uwaga: nie obejmuje <a href=\"\/pl\/produkt\/wtyczka-fooevents\/\">FooEvents dla wtyczki WooCommerce<\/a> (wymagane)\u00a0<\/strong><\/p>","protected":false},"excerpt":{"rendered":"<p>1.0.3<br \/>\n-DODANO: Skrypt powiadomienia o aktualizacji wtyczki<\/p>\n<p>1.0.2<br \/>\n-Zaktualizowana dokumentacja<\/p>\n<p>1.0.1<br \/>\n-Komunikat publiczny<\/p>","protected":false},"featured_media":130669,"template":"","meta":{"site-sidebar-layout":"default","site-content-layout":"default","ast-site-content-layout":"default","site-content-style":"default","site-sidebar-style":"default","ast-global-header-display":"","ast-banner-title-visibility":"","ast-main-header-display":"","ast-hfb-above-header-display":"","ast-hfb-below-header-display":"","ast-hfb-mobile-header-display":"","site-post-title":"","ast-breadcrumbs-content":"","ast-featured-img":"","footer-sml-layout":"","ast-disable-related-posts":"","theme-transparent-header-meta":"default","adv-header-id-meta":"","stick-header-meta":"default","header-above-stick-meta":"","header-main-stick-meta":"","header-below-stick-meta":"","astra-migrate-meta-layouts":"set","ast-page-background-enabled":"default","ast-page-background-meta":{"desktop":{"background-color":"var(--ast-global-color-4)","background-image":"","background-repeat":"repeat","background-position":"center center","background-size":"auto","background-attachment":"scroll","background-type":"","background-media":"","overlay-type":"","overlay-color":"","overlay-opacity":"","overlay-gradient":""},"tablet":{"background-color":"","background-image":"","background-repeat":"repeat","background-position":"center center","background-size":"auto","background-attachment":"scroll","background-type":"","background-media":"","overlay-type":"","overlay-color":"","overlay-opacity":"","overlay-gradient":""},"mobile":{"background-color":"","background-image":"","background-repeat":"repeat","background-position":"center center","background-size":"auto","background-attachment":"scroll","background-type":"","background-media":"","overlay-type":"","overlay-color":"","overlay-opacity":"","overlay-gradient":""}},"ast-content-background-meta":{"desktop":{"background-color":"var(--ast-global-color-5)","background-image":"","background-repeat":"repeat","background-position":"center center","background-size":"auto","background-attachment":"scroll","background-type":"","background-media":"","overlay-type":"","overlay-color":"","overlay-opacity":"","overlay-gradient":""},"tablet":{"background-color":"var(--ast-global-color-5)","background-image":"","background-repeat":"repeat","background-position":"center center","background-size":"auto","background-attachment":"scroll","background-type":"","background-media":"","overlay-type":"","overlay-color":"","overlay-opacity":"","overlay-gradient":""},"mobile":{"background-color":"var(--ast-global-color-5)","background-image":"","background-repeat":"repeat","background-position":"center center","background-size":"auto","background-attachment":"scroll","background-type":"","background-media":"","overlay-type":"","overlay-color":"","overlay-opacity":"","overlay-gradient":""}}},"product_brand":[],"product_cat":[11,27,58,45],"product_tag":[],"class_list":{"0":"post-10075","1":"product","2":"type-product","3":"status-publish","4":"has-post-thumbnail","6":"product_cat-wordpress","7":"product_cat-extension","8":"product_cat-license-single","9":"product_cat-plugins","10":"desktop-align-left","11":"tablet-align-left","12":"mobile-align-left","13":"ast-product-gallery-layout-horizontal-slider","14":"ast-product-gallery-with-no-image","15":"ast-magnify-disabled","16":"ast-product-tabs-layout-horizontal","18":"first","19":"instock","20":"downloadable","21":"virtual","22":"taxable","23":"purchasable","24":"product-type-subscription"},"_links":{"self":[{"href":"https:\/\/www.fooevents.com\/pl\/wp-json\/wp\/v2\/product\/10075","targetHints":{"allow":["GET"]}}],"collection":[{"href":"https:\/\/www.fooevents.com\/pl\/wp-json\/wp\/v2\/product"}],"about":[{"href":"https:\/\/www.fooevents.com\/pl\/wp-json\/wp\/v2\/types\/product"}],"wp:featuredmedia":[{"embeddable":true,"href":"https:\/\/www.fooevents.com\/pl\/wp-json\/wp\/v2\/media\/130669"}],"wp:attachment":[{"href":"https:\/\/www.fooevents.com\/pl\/wp-json\/wp\/v2\/media?parent=10075"}],"wp:term":[{"taxonomy":"product_brand","embeddable":true,"href":"https:\/\/www.fooevents.com\/pl\/wp-json\/wp\/v2\/product_brand?post=10075"},{"taxonomy":"product_cat","embeddable":true,"href":"https:\/\/www.fooevents.com\/pl\/wp-json\/wp\/v2\/product_cat?post=10075"},{"taxonomy":"product_tag","embeddable":true,"href":"https:\/\/www.fooevents.com\/pl\/wp-json\/wp\/v2\/product_tag?post=10075"}],"curies":[{"name":"wp","href":"https:\/\/api.w.org\/{rel}","templated":true}]}}