{"id":133325,"date":"2020-10-22T03:25:51","date_gmt":"2020-10-22T09:25:51","guid":{"rendered":"https:\/\/www.fooevents.com\/?post_type=product&#038;p=133325"},"modified":"2026-03-09T03:46:11","modified_gmt":"2026-03-09T10:46:11","slug":"fooevents-rezerwacje-licencja-wielokrotna","status":"publish","type":"product","link":"https:\/\/www.fooevents.com\/pl\/product\/fooevents-bookings-license-multiple\/","title":{"rendered":"FooEvents Bookings (Licencja: Wielokrotna)"},"content":{"rendered":"<p>Sprzedawaj dost\u0119p do wydarze\u0144, miejsc, zaj\u0119\u0107 i us\u0142ug, kt\u00f3re mo\u017cna zarezerwowa\u0107. Pozw\u00f3l swoim klientom sprawdzi\u0107 dost\u0119pno\u015b\u0107 na swojej stronie internetowej i zarezerwowa\u0107 miejsce. Bez telefon\u00f3w i e-maili, samoobs\u0142uga 100%.<\/p>\n<h3>Zakup obejmuje:<\/h3>\n<ul>\n<li>Do pobrania wtyczka FooEvents dla WooCommerce,<\/li>\n<li>12-miesi\u0119czne wsparcie premium,<\/li>\n<li>12-miesi\u0119czne aktualizacje wtyczek,<\/li>\n<li>Darmowy\u00a0<a href=\"https:\/\/www.fooevents.com\/pl\/aplikacje\/\" target=\"_blank\" rel=\"noopener noreferrer\">iOS<\/a> &amp; <a href=\"https:\/\/www.fooevents.com\/pl\/aplikacje\/\" target=\"_blank\" rel=\"noopener noreferrer\">Android<\/a> aplikacje do odprawy,<\/li>\n<li>Przyjazna dla u\u017cytkownika dokumentacja.<\/li>\n<\/ul>","protected":false},"excerpt":{"rendered":"<p>1.0.0<\/p>\n<p>Pierwsze wydanie<\/p>","protected":false},"featured_media":133460,"template":"","meta":{"site-sidebar-layout":"default","site-content-layout":"default","ast-site-content-layout":"default","site-content-style":"default","site-sidebar-style":"default","ast-global-header-display":"","ast-banner-title-visibility":"","ast-main-header-display":"","ast-hfb-above-header-display":"","ast-hfb-below-header-display":"","ast-hfb-mobile-header-display":"","site-post-title":"","ast-breadcrumbs-content":"","ast-featured-img":"","footer-sml-layout":"","ast-disable-related-posts":"","theme-transparent-header-meta":"default","adv-header-id-meta":"","stick-header-meta":"default","header-above-stick-meta":"","header-main-stick-meta":"","header-below-stick-meta":"","astra-migrate-meta-layouts":"set","ast-page-background-enabled":"default","ast-page-background-meta":{"desktop":{"background-color":"var(--ast-global-color-4)","background-image":"","background-repeat":"repeat","background-position":"center center","background-size":"auto","background-attachment":"scroll","background-type":"","background-media":"","overlay-type":"","overlay-color":"","overlay-opacity":"","overlay-gradient":""},"tablet":{"background-color":"","background-image":"","background-repeat":"repeat","background-position":"center center","background-size":"auto","background-attachment":"scroll","background-type":"","background-media":"","overlay-type":"","overlay-color":"","overlay-opacity":"","overlay-gradient":""},"mobile":{"background-color":"","background-image":"","background-repeat":"repeat","background-position":"center center","background-size":"auto","background-attachment":"scroll","background-type":"","background-media":"","overlay-type":"","overlay-color":"","overlay-opacity":"","overlay-gradient":""}},"ast-content-background-meta":{"desktop":{"background-color":"var(--ast-global-color-5)","background-image":"","background-repeat":"repeat","background-position":"center center","background-size":"auto","background-attachment":"scroll","background-type":"","background-media":"","overlay-type":"","overlay-color":"","overlay-opacity":"","overlay-gradient":""},"tablet":{"background-color":"var(--ast-global-color-5)","background-image":"","background-repeat":"repeat","background-position":"center center","background-size":"auto","background-attachment":"scroll","background-type":"","background-media":"","overlay-type":"","overlay-color":"","overlay-opacity":"","overlay-gradient":""},"mobile":{"background-color":"var(--ast-global-color-5)","background-image":"","background-repeat":"repeat","background-position":"center center","background-size":"auto","background-attachment":"scroll","background-type":"","background-media":"","overlay-type":"","overlay-color":"","overlay-opacity":"","overlay-gradient":""}}},"product_brand":[],"product_cat":[292,59,45],"product_tag":[],"class_list":{"0":"post-133325","1":"product","2":"type-product","3":"status-publish","4":"has-post-thumbnail","6":"product_cat-bookings","7":"product_cat-license-multiple","8":"product_cat-plugins","9":"desktop-align-left","10":"tablet-align-left","11":"mobile-align-left","12":"ast-product-gallery-layout-horizontal-slider","13":"ast-product-gallery-with-no-image","14":"ast-magnify-disabled","15":"ast-product-tabs-layout-horizontal","17":"first","18":"instock","19":"featured","20":"downloadable","21":"virtual","22":"taxable","23":"purchasable","24":"product-type-subscription"},"_links":{"self":[{"href":"https:\/\/www.fooevents.com\/pl\/wp-json\/wp\/v2\/product\/133325","targetHints":{"allow":["GET"]}}],"collection":[{"href":"https:\/\/www.fooevents.com\/pl\/wp-json\/wp\/v2\/product"}],"about":[{"href":"https:\/\/www.fooevents.com\/pl\/wp-json\/wp\/v2\/types\/product"}],"wp:featuredmedia":[{"embeddable":true,"href":"https:\/\/www.fooevents.com\/pl\/wp-json\/wp\/v2\/media\/133460"}],"wp:attachment":[{"href":"https:\/\/www.fooevents.com\/pl\/wp-json\/wp\/v2\/media?parent=133325"}],"wp:term":[{"taxonomy":"product_brand","embeddable":true,"href":"https:\/\/www.fooevents.com\/pl\/wp-json\/wp\/v2\/product_brand?post=133325"},{"taxonomy":"product_cat","embeddable":true,"href":"https:\/\/www.fooevents.com\/pl\/wp-json\/wp\/v2\/product_cat?post=133325"},{"taxonomy":"product_tag","embeddable":true,"href":"https:\/\/www.fooevents.com\/pl\/wp-json\/wp\/v2\/product_tag?post=133325"}],"curies":[{"name":"wp","href":"https:\/\/api.w.org\/{rel}","templated":true}]}}