{"id":134051,"date":"2020-11-03T13:15:46","date_gmt":"2020-11-03T20:15:46","guid":{"rendered":"https:\/\/www.fooevents.com\/?post_type=product&#038;p=134051"},"modified":"2025-05-07T06:43:08","modified_gmt":"2025-05-07T13:43:08","slug":"domyslna-wielokrotnosc-pdf","status":"publish","type":"product","link":"https:\/\/www.fooevents.com\/pl\/product\/default-pdf-multiple\/","title":{"rendered":"Domy\u015blny wielokrotny plik PDF"},"content":{"rendered":"","protected":false},"excerpt":{"rendered":"<p><a class=\"button color-preview\" href=\"http:\/\/demo.fooevents.com\/ticket-themes\/default_pdf_multiple\/default-pdf-multiple-preview.pdf\" target=\"_blank\" rel=\"noopener noreferrer\">Podgl\u0105d na \u017cywo<\/a><\/p>\n<p>The <strong>Domy\u015blny motyw wielu bilet\u00f3w PDF<\/strong> mo\u017cna wykorzysta\u0107 jako szablon do dostosowania wygl\u0105du wiadomo\u015bci e-mail FooEvents PDF i bilet\u00f3w do pobrania.<\/p>\n<p>Aby skorzysta\u0107 z tego szablonu, wystarczy doda\u0107 go do koszyka i uko\u0144czy\u0107 proces p\u0142atno\u015bci. Nie martw si\u0119, jest darmowy i nie wymaga p\u0142atno\u015bci. Po zako\u0144czeniu procesu zakupu szablon b\u0119dzie dost\u0119pny w folderze <a href=\"https:\/\/www.fooevents.com\/pl\/moje-konto\/pliki-do-pobrania\/\">Pliki do pobrania<\/a> sekcja. Po pobraniu go na pulpit, przejd\u017a do sekcji <strong>FooEvents<\/strong> &gt; <strong>Bilety<\/strong> &gt; <strong>Motywy bilet\u00f3w<\/strong> w swoim <strong>Obszar administracyjny WordPress<\/strong>. Prze\u015blij plik ZIP motywu, a b\u0119dziesz m\u00f3g\u0142 przypisa\u0107 go do dowolnego wydarzenia.<\/p>\n<p><em>Uwaga: To nie jest motyw WordPress. Motywy bilet\u00f3w FooEvents s\u0105 specjalnie zaprojektowane do stylizacji bilet\u00f3w FooEvents i nie mog\u0105 by\u0107 u\u017cywane do og\u00f3lnego tworzenia motyw\u00f3w witryn WordPress.<\/em><\/p>","protected":false},"featured_media":134053,"template":"","meta":{"site-sidebar-layout":"default","site-content-layout":"default","ast-site-content-layout":"default","site-content-style":"default","site-sidebar-style":"default","ast-global-header-display":"","ast-banner-title-visibility":"","ast-main-header-display":"","ast-hfb-above-header-display":"","ast-hfb-below-header-display":"","ast-hfb-mobile-header-display":"","site-post-title":"","ast-breadcrumbs-content":"","ast-featured-img":"","footer-sml-layout":"","ast-disable-related-posts":"","theme-transparent-header-meta":"default","adv-header-id-meta":"","stick-header-meta":"default","header-above-stick-meta":"","header-main-stick-meta":"","header-below-stick-meta":"","astra-migrate-meta-layouts":"set","ast-page-background-enabled":"default","ast-page-background-meta":{"desktop":{"background-color":"var(--ast-global-color-4)","background-image":"","background-repeat":"repeat","background-position":"center center","background-size":"auto","background-attachment":"scroll","background-type":"","background-media":"","overlay-type":"","overlay-color":"","overlay-opacity":"","overlay-gradient":""},"tablet":{"background-color":"","background-image":"","background-repeat":"repeat","background-position":"center center","background-size":"auto","background-attachment":"scroll","background-type":"","background-media":"","overlay-type":"","overlay-color":"","overlay-opacity":"","overlay-gradient":""},"mobile":{"background-color":"","background-image":"","background-repeat":"repeat","background-position":"center center","background-size":"auto","background-attachment":"scroll","background-type":"","background-media":"","overlay-type":"","overlay-color":"","overlay-opacity":"","overlay-gradient":""}},"ast-content-background-meta":{"desktop":{"background-color":"var(--ast-global-color-5)","background-image":"","background-repeat":"repeat","background-position":"center center","background-size":"auto","background-attachment":"scroll","background-type":"","background-media":"","overlay-type":"","overlay-color":"","overlay-opacity":"","overlay-gradient":""},"tablet":{"background-color":"var(--ast-global-color-5)","background-image":"","background-repeat":"repeat","background-position":"center center","background-size":"auto","background-attachment":"scroll","background-type":"","background-media":"","overlay-type":"","overlay-color":"","overlay-opacity":"","overlay-gradient":""},"mobile":{"background-color":"var(--ast-global-color-5)","background-image":"","background-repeat":"repeat","background-position":"center center","background-size":"auto","background-attachment":"scroll","background-type":"","background-media":"","overlay-type":"","overlay-color":"","overlay-opacity":"","overlay-gradient":""}}},"product_brand":[],"product_cat":[44],"product_tag":[],"class_list":{"0":"post-134051","1":"product","2":"type-product","3":"status-publish","4":"has-post-thumbnail","6":"product_cat-ticket-themes","7":"desktop-align-left","8":"tablet-align-left","9":"mobile-align-left","10":"ast-product-gallery-layout-horizontal-slider","11":"ast-product-gallery-with-no-image","12":"ast-magnify-disabled","13":"ast-product-tabs-layout-horizontal","15":"first","16":"instock","17":"downloadable","18":"virtual","19":"taxable","20":"purchasable","21":"product-type-simple"},"_links":{"self":[{"href":"https:\/\/www.fooevents.com\/pl\/wp-json\/wp\/v2\/product\/134051","targetHints":{"allow":["GET"]}}],"collection":[{"href":"https:\/\/www.fooevents.com\/pl\/wp-json\/wp\/v2\/product"}],"about":[{"href":"https:\/\/www.fooevents.com\/pl\/wp-json\/wp\/v2\/types\/product"}],"wp:featuredmedia":[{"embeddable":true,"href":"https:\/\/www.fooevents.com\/pl\/wp-json\/wp\/v2\/media\/134053"}],"wp:attachment":[{"href":"https:\/\/www.fooevents.com\/pl\/wp-json\/wp\/v2\/media?parent=134051"}],"wp:term":[{"taxonomy":"product_brand","embeddable":true,"href":"https:\/\/www.fooevents.com\/pl\/wp-json\/wp\/v2\/product_brand?post=134051"},{"taxonomy":"product_cat","embeddable":true,"href":"https:\/\/www.fooevents.com\/pl\/wp-json\/wp\/v2\/product_cat?post=134051"},{"taxonomy":"product_tag","embeddable":true,"href":"https:\/\/www.fooevents.com\/pl\/wp-json\/wp\/v2\/product_tag?post=134051"}],"curies":[{"name":"wp","href":"https:\/\/api.w.org\/{rel}","templated":true}]}}