{"id":189801,"date":"2024-10-23T02:10:24","date_gmt":"2024-10-23T09:10:24","guid":{"rendered":"https:\/\/www.fooevents.com\/?post_type=product&#038;p=189801"},"modified":"2026-02-18T06:05:22","modified_gmt":"2026-02-18T14:05:22","slug":"motyw-biletu-do-pawilonu","status":"publish","type":"product","link":"https:\/\/www.fooevents.com\/pl\/product\/pavilion-ticket-theme\/","title":{"rendered":"Motyw biletu do pawilonu"},"content":{"rendered":"","protected":false},"excerpt":{"rendered":"<p><strong><a class=\"\" href=\"https:\/\/demo.fooevents.com\/ticket-themes\/pavilion\/\" target=\"_blank\" rel=\"noopener noreferrer\"> <u>Podgl\u0105d biletu HTML<\/u><\/a><\/strong> | <strong><a class=\"\" href=\"https:\/\/demo.fooevents.com\/ticket-themes\/pavilion\/ticket.pdf\" target=\"_blank\" rel=\"noopener noreferrer\"><u>Podgl\u0105d biletu PDF<\/u><\/a><\/strong> | <strong><a class=\"\" href=\"https:\/\/help.fooevents.com\/docs\/topics\/changelogs\/ticket-themes\/\" target=\"_blank\" rel=\"noopener noreferrer\"><u>Dziennik zmian<\/u><\/a><\/strong><\/p>\n<h4><strong>Download for free!<\/strong><\/h4>\n<p><\/p>\n<p>Motyw Pavilion Ticket oferuje uk\u0142ad o pe\u0142nej szeroko\u015bci w stylu poziomym, kt\u00f3ry zapewnia czysty i przestronny wygl\u0105d. Motyw ten umo\u017cliwia u\u017cycie obrazu jako separatora mi\u0119dzy g\u00f3rn\u0105 i doln\u0105 sekcj\u0105, tworz\u0105c efektowny wizualnie i konfigurowalny format biletu.<\/p>\n<p>Aby skorzysta\u0107 z tego szablonu, wystarczy doda\u0107 go do koszyka i uko\u0144czy\u0107 proces p\u0142atno\u015bci. Nie martw si\u0119, jest darmowy i nie wymaga p\u0142atno\u015bci. Po zako\u0144czeniu procesu zakupu szablon b\u0119dzie dost\u0119pny w folderze <a href=\"https:\/\/www.fooevents.com\/pl\/moje-konto\/pliki-do-pobrania\/\">Pliki do pobrania<\/a> sekcja. Po pobraniu go na pulpit, przejd\u017a do sekcji <strong>FooEvents<\/strong> &gt; <strong>Bilety<\/strong> &gt; <strong>Motywy bilet\u00f3w<\/strong> w swoim <strong>Obszar administracyjny WordPress<\/strong>. Prze\u015blij plik ZIP motywu, a b\u0119dziesz m\u00f3g\u0142 przypisa\u0107 go do dowolnego wydarzenia.<\/p>\n<p><em>Uwaga: To nie jest motyw WordPress. Motywy bilet\u00f3w FooEvents s\u0105 specjalnie zaprojektowane do stylizacji bilet\u00f3w FooEvents i nie mog\u0105 by\u0107 u\u017cywane do og\u00f3lnego tworzenia motyw\u00f3w witryn WordPress.<\/em><\/p>","protected":false},"featured_media":189803,"template":"","meta":{"site-sidebar-layout":"default","site-content-layout":"","ast-site-content-layout":"default","site-content-style":"default","site-sidebar-style":"default","ast-global-header-display":"","ast-banner-title-visibility":"","ast-main-header-display":"","ast-hfb-above-header-display":"","ast-hfb-below-header-display":"","ast-hfb-mobile-header-display":"","site-post-title":"","ast-breadcrumbs-content":"","ast-featured-img":"","footer-sml-layout":"","ast-disable-related-posts":"","theme-transparent-header-meta":"default","adv-header-id-meta":"","stick-header-meta":"default","header-above-stick-meta":"","header-main-stick-meta":"","header-below-stick-meta":"","astra-migrate-meta-layouts":"set","ast-page-background-enabled":"default","ast-page-background-meta":{"desktop":{"background-color":"var(--ast-global-color-4)","background-image":"","background-repeat":"repeat","background-position":"center center","background-size":"auto","background-attachment":"scroll","background-type":"","background-media":"","overlay-type":"","overlay-color":"","overlay-opacity":"","overlay-gradient":""},"tablet":{"background-color":"","background-image":"","background-repeat":"repeat","background-position":"center center","background-size":"auto","background-attachment":"scroll","background-type":"","background-media":"","overlay-type":"","overlay-color":"","overlay-opacity":"","overlay-gradient":""},"mobile":{"background-color":"","background-image":"","background-repeat":"repeat","background-position":"center center","background-size":"auto","background-attachment":"scroll","background-type":"","background-media":"","overlay-type":"","overlay-color":"","overlay-opacity":"","overlay-gradient":""}},"ast-content-background-meta":{"desktop":{"background-color":"var(--ast-global-color-5)","background-image":"","background-repeat":"repeat","background-position":"center center","background-size":"auto","background-attachment":"scroll","background-type":"","background-media":"","overlay-type":"","overlay-color":"","overlay-opacity":"","overlay-gradient":""},"tablet":{"background-color":"var(--ast-global-color-5)","background-image":"","background-repeat":"repeat","background-position":"center center","background-size":"auto","background-attachment":"scroll","background-type":"","background-media":"","overlay-type":"","overlay-color":"","overlay-opacity":"","overlay-gradient":""},"mobile":{"background-color":"var(--ast-global-color-5)","background-image":"","background-repeat":"repeat","background-position":"center center","background-size":"auto","background-attachment":"scroll","background-type":"","background-media":"","overlay-type":"","overlay-color":"","overlay-opacity":"","overlay-gradient":""}}},"product_brand":[],"product_cat":[44,466],"product_tag":[],"class_list":{"0":"post-189801","1":"product","2":"type-product","3":"status-publish","4":"has-post-thumbnail","6":"product_cat-ticket-themes","7":"product_cat-base-collection","8":"desktop-align-left","9":"tablet-align-left","10":"mobile-align-left","11":"ast-product-gallery-layout-horizontal-slider","12":"ast-magnify-disabled","13":"ast-product-tabs-layout-horizontal","15":"first","16":"instock","17":"downloadable","18":"virtual","19":"sold-individually","20":"taxable","21":"purchasable","22":"product-type-simple"},"_links":{"self":[{"href":"https:\/\/www.fooevents.com\/pl\/wp-json\/wp\/v2\/product\/189801","targetHints":{"allow":["GET"]}}],"collection":[{"href":"https:\/\/www.fooevents.com\/pl\/wp-json\/wp\/v2\/product"}],"about":[{"href":"https:\/\/www.fooevents.com\/pl\/wp-json\/wp\/v2\/types\/product"}],"wp:featuredmedia":[{"embeddable":true,"href":"https:\/\/www.fooevents.com\/pl\/wp-json\/wp\/v2\/media\/189803"}],"wp:attachment":[{"href":"https:\/\/www.fooevents.com\/pl\/wp-json\/wp\/v2\/media?parent=189801"}],"wp:term":[{"taxonomy":"product_brand","embeddable":true,"href":"https:\/\/www.fooevents.com\/pl\/wp-json\/wp\/v2\/product_brand?post=189801"},{"taxonomy":"product_cat","embeddable":true,"href":"https:\/\/www.fooevents.com\/pl\/wp-json\/wp\/v2\/product_cat?post=189801"},{"taxonomy":"product_tag","embeddable":true,"href":"https:\/\/www.fooevents.com\/pl\/wp-json\/wp\/v2\/product_tag?post=189801"}],"curies":[{"name":"wp","href":"https:\/\/api.w.org\/{rel}","templated":true}]}}