{"id":19135,"date":"2018-03-02T08:16:51","date_gmt":"2018-03-02T06:16:51","guid":{"rendered":"https:\/\/www.fooevents.com\/?post_type=product&#038;p=19135"},"modified":"2026-03-16T03:34:55","modified_gmt":"2026-03-16T10:34:55","slug":"fooevents-dla-woocommerce-licencja-nieograniczona","status":"publish","type":"product","link":"https:\/\/www.fooevents.com\/pl\/product\/fooevents-for-woocommerce-license-unlimited\/","title":{"rendered":"FooEvents za WooCommerce (Licencja: Bez ogranicze\u0144)"},"content":{"rendered":"<p>Sprzedawaj bilety bez prowizji lub op\u0142at za bilety i zarz\u0105dzaj bezp\u0142atn\u0105 rejestracj\u0105 na praktycznie ka\u017cdy rodzaj fizycznego lub wirtualnego wydarzenia, takiego jak koncert, ob\u00f3z ko\u015bcielny, funkcja szkolna, zbi\u00f3rka pieni\u0119dzy, konferencja lub zawody sportowe. FooEvents pozwoli Ci rozpocz\u0105\u0107 dzia\u0142alno\u015b\u0107 w ci\u0105gu kilku minut. Nie s\u0105 wymagane \u017cadne umiej\u0119tno\u015bci techniczne.<\/p>\n<h3>Zakup obejmuje:<\/h3>\n<ul>\n<li>Wtyczka FooEvents dla WooCommerce do pobrania<\/li>\n<li>12-miesi\u0119czne wsparcie premium<\/li>\n<li>12-miesi\u0119czne aktualizacje wtyczek<\/li>\n<li>Darmowy\u00a0<a href=\"https:\/\/www.fooevents.com\/pl\/aplikacje\/\" target=\"_blank\" rel=\"noopener noreferrer\">iOS<\/a> &amp; <a href=\"https:\/\/www.fooevents.com\/pl\/aplikacje\/\" target=\"_blank\" rel=\"noopener noreferrer\">Android<\/a> aplikacje do odprawy<\/li>\n<li>Przyjazna dla u\u017cytkownika dokumentacja<\/li>\n<\/ul>","protected":false},"excerpt":{"rendered":"<p>1.5.19<br \/>\nNAPRAWIONO: B\u0142\u0105d niestandardowego uczestnika wielu wydarze\u0144<br \/>\nNAPRAWIONO: B\u0142\u0105d rozliczenia na stronie administratora bilet\u00f3w<br \/>\nDODANO: Opcja motywu do u\u017cywania symboli zast\u0119pczych<\/p>\n<p>1.5.15<br \/>\nNAPRAWIONO: B\u0142\u0105d wariacji CSV<br \/>\nNAPRAWIONO: B\u0142\u0105d odmian meta bilet\u00f3w<br \/>\nNAPRAWIONO: B\u0142\u0105d numeru aktualizacji wersji<br \/>\nNAPRAWIONO: B\u0142\u0105d z ponad 10 uczestnikami<\/p>\n<p>1.5.5<br \/>\n-FIXED: Ostrze\u017cenie PHP na karcie szczeg\u00f3\u0142\u00f3w zdarzenia<\/p>\n<p>1.5.4<br \/>\n-FIXED: B\u0142\u0105d logowania do aplikacji<br \/>\n-FIXED: R\u00f3\u017cne drobne b\u0142\u0119dy<\/p>\n<p>1.5.1<br \/>\n-FIXED: Wielodniowa aktualizacja wsparcia<\/p>\n<p>1.5.0<br \/>\n-DODANO: Rozszerzenie wielodniowe gotowe<br \/>\n-FIXED: R\u00f3\u017cne drobne b\u0142\u0119dy<\/p>\n<p>1.4.4<br \/>\n-FIXED: Wi\u0119cej b\u0142\u0119d\u00f3w Wordpress 4.8, kt\u00f3re mog\u0105 wp\u0142ywa\u0107 na wysy\u0142anie zg\u0142osze\u0144<br \/>\n-USUNI\u0118TO: B\u0142\u0105d zduplikowanego biletu z niekt\u00f3rymi bramkami p\u0142atno\u015bci<\/p>\n<p>1.3.12<br \/>\n-FIXED: B\u0142\u0105d Wordpress 4.8 powoduj\u0105cy niewysy\u0142anie bilet\u00f3w po zako\u0144czeniu zam\u00f3wienia<br \/>\n-FIXED: B\u0142\u0105d eksportu CSV<br \/>\n-NAPRAWIONO: R\u00f3\u017cne inne drobne b\u0142\u0119dy<br \/>\n-FIXED: Zaktualizowane t\u0142umaczenia<\/p>\n<p>1.3.8<br \/>\n-DODANO: wid\u017cet pulpitu nawigacyjnego FooEvents<br \/>\n-DODANO: Pobierz bilet od administratora biletu<br \/>\n-DODANO: Ulepszenia eksportu CSV<br \/>\n-FIXED: Komunikaty ostrzegawcze WooCommerce 3<br \/>\n-FIXED: Brakuj\u0105cy b\u0142\u0105d nazwy nabywcy biletu<br \/>\n-NAPRAWIONO: R\u00f3\u017cne inne drobne b\u0142\u0119dy<\/p>\n<p>1.3.3<br \/>\n-FIXED: B\u0142\u0105d masowego wysy\u0142ania bilet\u00f3w<br \/>\n-FIXED: B\u0142\u0105d braku nazwy nabywcy<br \/>\n-NAPRAWIONO: R\u00f3\u017cne inne drobne b\u0142\u0119dy<\/p>\n<p>1.3.0<br \/>\n-FIXED: Komunikaty ostrzegawcze WooCommerce 3<br \/>\n-DODANO: Ulepszenia eksportu CSV<br \/>\n-DODANO: Edytuj temat biletu<\/p>\n<p>1.2.17<br \/>\n-FIXED: B\u0142\u0105d aplikacji z niekt\u00f3rymi symbolami walut<br \/>\n-FIXED: B\u0142\u0105d biletu e-mail przy pierwszej instalacji<br \/>\n-FIXED: Wordpress MU aktywuje b\u0142\u0105d wtyczki<br \/>\n-DODANO: Niestandardowe pola uczestnik\u00f3w do eksportu CSV<\/p>\n<p>1.2.16<br \/>\n-FIXED: B\u0142\u0105d uniemo\u017cliwiaj\u0105cy zapis w katalogu kod\u00f3w kreskowych<\/p>\n<p>1.2.15<br \/>\n- DODANO: Obs\u0142uga niestandardowych p\u00f3l uczestnik\u00f3w FooEvents<br \/>\n- NAPRAWIONO: R\u00f3\u017cne drobne b\u0142\u0119dy<\/p>\n<p>1.2.11<br \/>\n- NAPRAWIONO: B\u0142\u0105d menu administratora<\/p>\n<p>1.2.10<br \/>\n- NAPRAWIONO: Aktualizacja krytycznego b\u0142\u0119du<\/p>\n<p>1.2.8<br \/>\n- NAPRAWIONO: Ostrze\u017cenie o aktywacji wtyczki<br \/>\n- NAPRAWIONO: Pusta lista wydarze\u0144 podczas r\u0119cznego dodawania bilet\u00f3w<br \/>\n- DODANO: Wskaz\u00f3wki dotycz\u0105ce bilet\u00f3w<br \/>\n- DODANO: Firma, oznaczenie, numer telefonu do bilet\u00f3w<br \/>\n- DODANO: Cena do aplikacji<br \/>\n- DODANO: Powiadomienie o aktualizacji wtyczki<\/p>\n<p>1.2.6<br \/>\n- DODANO: Opcja ukrywania nieop\u0142aconych bilet\u00f3w w panelu administracyjnym<br \/>\n- DODANO: Sprawd\u017a, czy katalog kod\u00f3w kreskowych jest zapisywalny<br \/>\n- NAPRAWIONO: Usuni\u0119to referencje \"Auto Draft\" w panelu administracyjnym zg\u0142oszenia.<br \/>\n- NAPRAWIONO: B\u0142\u0105d, w wyniku kt\u00f3rego dodawanie bilet\u00f3w mog\u0142o nie \u0142\u0105czy\u0107 si\u0119 z utworzonym u\u017cytkownikiem.<br \/>\n- NAPRAWIONO: Ukrywanie daty rozpocz\u0119cia i zako\u0144czenia na karcie szczeg\u00f3\u0142\u00f3w wydarzenia<br \/>\n- NAPRAWIONO: B\u0142\u0105d zast\u0119powania szablonu<\/p>\n<p>1.2.4<br \/>\n- Naprawiono: B\u0142\u0105d wariacji, w wyniku kt\u00f3rego zapisywana by\u0142a tylko pierwsza wariacja bilet\u00f3w.<br \/>\n- Naprawiono: Lokalizacja Javascript DatePicker<br \/>\n- Naprawiono: R\u00f3\u017cne inne drobne b\u0142\u0119dy<br \/>\n- Dodano: Sortowanie wed\u0142ug dodatkowych p\u00f3l w panelu administracyjnym<\/p>\n<p>1.2.2<br \/>\n- NOWO\u015a\u0106: Generowanie kod\u00f3w kreskowych .JPG dla wtyczki PDF Ticket<br \/>\n- NAPRAWIONO: Wska\u017anik mapy Google<br \/>\n- USUNI\u0118TO: T\u0142umaczenia selektora daty. Buggy, przyjrzymy si\u0119 innej implementacji.<\/p>\n<p>1.2.1<br \/>\n- NOWO\u015a\u0106: Aktualizacja kompatybilno\u015bci dla obs\u0142ugi offline nowej aplikacji Events Pro (https:\/\/www.fooevents.com\/apps\/)<br \/>\n- NOWO\u015a\u0106: Kompatybilno\u015b\u0107 z obs\u0142ug\u0105 wtyczki FooEvents PDF Tickets (https:\/\/www.fooevents.com\/product\/fooevents-pdf-tickets\/)<br \/>\n- NOWO\u015a\u0106: Filtrowanie wed\u0142ug nazwy wydarzenia, identyfikatora zam\u00f3wienia i statusu na li\u015bcie bilet\u00f3w administratora<br \/>\n- NOWO\u015a\u0106: Formaty czasu dla am-pm<br \/>\n- AKTUALIZACJA: Nowa obs\u0142uga interfejsu API Map Google<br \/>\n- AKTUALIZACJA: T\u0142umaczenia w selektorze dat<br \/>\n- AKTUALIZACJA: Wy\u015blij lokalizacj\u0119 do .ics<br \/>\n- NAPRAWIONO: Naprawiono ostrze\u017cenie HTTPS administratora<\/p>\n<p>1.2.0<br \/>\n- Nowo\u015b\u0107: Integracja z aplikacj\u0105 Event Check-ins Pro iOS - Zobacz https:\/\/www.fooevents.com\/apps\/<br \/>\n- Nowo\u015b\u0107: Aplikacja Event Check-ins Pro iOS - automatyczne check-iny (szybkie, bezproblemowe checkiny)<br \/>\n- Nowo\u015b\u0107: Event Check-ins Pro iOS App - Custom Branding (Ustaw w\u0142asny schemat kolor\u00f3w i logo)<br \/>\n- Aktualizacja: Dokumentacja<br \/>\n- Poprawka: b\u0142\u0105d kodu pocztowego .ics<br \/>\n- Naprawiono: B\u0142\u0105d uprawnie\u0144 dodawania nowego biletu<\/p>\n<p>1.1.17<br \/>\n- Dodano funkcj\u0119 r\u0119cznego zarz\u0105dzania biletami w panelu administracyjnym WordPress.<br \/>\n- R\u00f3\u017cne drobne poprawki b\u0142\u0119d\u00f3w i ulepszenia.<\/p>\n<p>1.1.14<br \/>\n- Integracja aplikacji z obs\u0142ug\u0105 edycji zbiorczej<br \/>\n- Wstaw niestandardow\u0105 wiadomo\u015b\u0107 na stronie z podzi\u0119kowaniem<br \/>\n- Dodanie r\u00f3\u017cnych opcjonalnych p\u00f3l rejestracji uczestnik\u00f3w<br \/>\n- R\u00f3\u017cne poprawki b\u0142\u0119d\u00f3w<\/p>\n<p>1.1.11<br \/>\n- R\u00f3\u017cne poprawki b\u0142\u0119d\u00f3w<\/p>\n<p>1.1.8<br \/>\n- Obs\u0142uga plik\u00f3w j\u0119zykowych .po i .mo<br \/>\n- Opcja niewysy\u0142ania wiadomo\u015bci e-mail z biletami<br \/>\n- R\u00f3\u017cne poprawki b\u0142\u0119d\u00f3w<\/p>\n<p>1.1.5<br \/>\n- R\u00f3\u017cne poprawki b\u0142\u0119d\u00f3w<\/p>\n<p>1.1.4<br \/>\n- Ulepszone wyszukiwanie administrator\u00f3w<br \/>\n- Usuni\u0119ty b\u0142\u0105d listy bilet\u00f3w i wydarze\u0144 w aplikacji<br \/>\n- R\u00f3\u017cne inne drobne poprawki b\u0142\u0119d\u00f3w<\/p>\n<p>1.1.2<br \/>\n- R\u00f3\u017cne poprawki b\u0142\u0119d\u00f3w<\/p>\n<p>1.10<br \/>\n- Rejestrowanie danych uczestnik\u00f3w przy kasie<br \/>\n- Opcja wys\u0142ania uczestnikom bilet\u00f3w poczt\u0105 elektroniczn\u0105<br \/>\n- Przegl\u0105danie atrybut\u00f3w\/zmian bilet\u00f3w i szczeg\u00f3\u0142\u00f3w bilet\u00f3w<br \/>\n- Opcja zmiany \"Dodaj do koszyka\" na \"Zarezerwuj bilet\"<br \/>\n- Wsparcie dla aplikacji iOS (uruchomienie wkr\u00f3tce!)<br \/>\n- R\u00f3\u017cne poprawki b\u0142\u0119d\u00f3w<\/p>\n<p>1.0.8<br \/>\n- Konflikt z przesy\u0142aniem obraz\u00f3w WooCommerce.<\/p>\n<p>1.0.6<br \/>\n- Dodano dodatkowe opcje do kontrolowania wydruk\u00f3w bilet\u00f3w<br \/>\n- Naprawiono b\u0142\u0105d, w wyniku kt\u00f3rego niekt\u00f3re produkty niezwi\u0105zane z wydarzeniami wysy\u0142a\u0142y bilety.<br \/>\n- Naprawiono r\u00f3\u017cne inne drobne b\u0142\u0119dy<\/p>\n<p>1.0.3<br \/>\n- Naprawiono b\u0142\u0105d wy\u015bwietlania w Mapach Google<br \/>\n- Naprawiono b\u0142\u0105d, w wyniku kt\u00f3rego uczestnik nie by\u0142 wy\u015bwietlany na bilecie.<br \/>\n- Naprawiono b\u0142\u0105d, w wyniku kt\u00f3rego u\u017cytkownik admin by\u0142 wy\u015bwietlany jako w\u0142a\u015bciciel zg\u0142oszenia.<br \/>\n- R\u00f3\u017cne inne drobne b\u0142\u0119dy<\/p>\n<p>&nbsp;<\/p>","protected":false},"featured_media":130680,"template":"","meta":{"site-sidebar-layout":"default","site-content-layout":"default","ast-site-content-layout":"default","site-content-style":"default","site-sidebar-style":"default","ast-global-header-display":"","ast-banner-title-visibility":"","ast-main-header-display":"","ast-hfb-above-header-display":"","ast-hfb-below-header-display":"","ast-hfb-mobile-header-display":"","site-post-title":"","ast-breadcrumbs-content":"","ast-featured-img":"","footer-sml-layout":"","ast-disable-related-posts":"","theme-transparent-header-meta":"default","adv-header-id-meta":"","stick-header-meta":"default","header-above-stick-meta":"","header-main-stick-meta":"","header-below-stick-meta":"","astra-migrate-meta-layouts":"set","ast-page-background-enabled":"default","ast-page-background-meta":{"desktop":{"background-color":"var(--ast-global-color-4)","background-image":"","background-repeat":"repeat","background-position":"center center","background-size":"auto","background-attachment":"scroll","background-type":"","background-media":"","overlay-type":"","overlay-color":"","overlay-opacity":"","overlay-gradient":""},"tablet":{"background-color":"","background-image":"","background-repeat":"repeat","background-position":"center center","background-size":"auto","background-attachment":"scroll","background-type":"","background-media":"","overlay-type":"","overlay-color":"","overlay-opacity":"","overlay-gradient":""},"mobile":{"background-color":"","background-image":"","background-repeat":"repeat","background-position":"center center","background-size":"auto","background-attachment":"scroll","background-type":"","background-media":"","overlay-type":"","overlay-color":"","overlay-opacity":"","overlay-gradient":""}},"ast-content-background-meta":{"desktop":{"background-color":"var(--ast-global-color-5)","background-image":"","background-repeat":"repeat","background-position":"center center","background-size":"auto","background-attachment":"scroll","background-type":"","background-media":"","overlay-type":"","overlay-color":"","overlay-opacity":"","overlay-gradient":""},"tablet":{"background-color":"var(--ast-global-color-5)","background-image":"","background-repeat":"repeat","background-position":"center center","background-size":"auto","background-attachment":"scroll","background-type":"","background-media":"","overlay-type":"","overlay-color":"","overlay-opacity":"","overlay-gradient":""},"mobile":{"background-color":"var(--ast-global-color-5)","background-image":"","background-repeat":"repeat","background-position":"center center","background-size":"auto","background-attachment":"scroll","background-type":"","background-media":"","overlay-type":"","overlay-color":"","overlay-opacity":"","overlay-gradient":""}}},"product_brand":[],"product_cat":[60,45,28],"product_tag":[],"class_list":{"0":"post-19135","1":"product","2":"type-product","3":"status-publish","4":"has-post-thumbnail","6":"product_cat-license-unlimited","7":"product_cat-plugins","8":"product_cat-primary","9":"desktop-align-left","10":"tablet-align-left","11":"mobile-align-left","12":"ast-product-gallery-layout-horizontal-slider","13":"ast-product-gallery-with-no-image","14":"ast-magnify-disabled","15":"ast-product-tabs-layout-horizontal","17":"first","18":"instock","19":"featured","20":"downloadable","21":"virtual","22":"taxable","23":"purchasable","24":"product-type-subscription"},"_links":{"self":[{"href":"https:\/\/www.fooevents.com\/pl\/wp-json\/wp\/v2\/product\/19135","targetHints":{"allow":["GET"]}}],"collection":[{"href":"https:\/\/www.fooevents.com\/pl\/wp-json\/wp\/v2\/product"}],"about":[{"href":"https:\/\/www.fooevents.com\/pl\/wp-json\/wp\/v2\/types\/product"}],"wp:featuredmedia":[{"embeddable":true,"href":"https:\/\/www.fooevents.com\/pl\/wp-json\/wp\/v2\/media\/130680"}],"wp:attachment":[{"href":"https:\/\/www.fooevents.com\/pl\/wp-json\/wp\/v2\/media?parent=19135"}],"wp:term":[{"taxonomy":"product_brand","embeddable":true,"href":"https:\/\/www.fooevents.com\/pl\/wp-json\/wp\/v2\/product_brand?post=19135"},{"taxonomy":"product_cat","embeddable":true,"href":"https:\/\/www.fooevents.com\/pl\/wp-json\/wp\/v2\/product_cat?post=19135"},{"taxonomy":"product_tag","embeddable":true,"href":"https:\/\/www.fooevents.com\/pl\/wp-json\/wp\/v2\/product_tag?post=19135"}],"curies":[{"name":"wp","href":"https:\/\/api.w.org\/{rel}","templated":true}]}}