{"id":19137,"date":"2018-03-02T08:16:59","date_gmt":"2018-03-02T06:16:59","guid":{"rendered":"https:\/\/www.fooevents.com\/?post_type=product&#038;p=19137"},"modified":"2026-03-16T03:53:53","modified_gmt":"2026-03-16T10:53:53","slug":"fooevents-pdf-bilety-licencja-nieograniczona","status":"publish","type":"product","link":"https:\/\/www.fooevents.com\/pl\/product\/fooevents-pdf-tickets-license-unlimited\/","title":{"rendered":"FooEvents PDF Tickets (Licencja: bez ogranicze\u0144)"},"content":{"rendered":"<p>Wtyczka FooEvents PDF Tickets to rozszerzenie dla FooEvents dla WooCommerce, kt\u00f3re do\u0142\u0105cza bilety jako pliki PDF do wiadomo\u015bci e-mail wysy\u0142anej do uczestnika lub nabywcy biletu. Istnieje mo\u017cliwo\u015b\u0107 wyboru mi\u0119dzy pojedynczymi lub wieloma biletami na stronie.<\/p>\n<h3>Zakup obejmuje:<\/h3>\n<p>Wtyczka FooEvents PDF Tickets do pobrania,<br \/>\n12-miesi\u0119czne wsparcie premium,<br \/>\n12-miesi\u0119czne aktualizacje wtyczek,<br \/>\nPrzyjazna dla u\u017cytkownika dokumentacja.<\/p>\n<p><strong>Uwaga: nie obejmuje <a href=\"\/pl\/produkt\/wtyczka-fooevents\/\">FooEvents dla wtyczki WooCommerce<\/a> (wymagane)\u00a0<\/strong><\/p>","protected":false},"excerpt":{"rendered":"<p>1.2.9<br \/>\n-AKTUALIZACJA: Biblioteka DomPDF<br \/>\n-FIXED: B\u0142\u0105d wyceny<\/p>\n<p>1.2.7<br \/>\n-FIXED: B\u0142\u0105d logo w szablonie wielu bilet\u00f3w<\/p>\n<p>1.2.6<br \/>\n-FIXED: R\u00f3\u017cne drobne b\u0142\u0119dy<\/p>\n<p>1.2.4<br \/>\n-FIXED: B\u0142\u0105d logo biletu<\/p>\n<p>1.2.3<br \/>\n-DODANE: Zast\u0105pienie wiadomo\u015bci e-mail z biletem PDF<br \/>\n-DODANO: Pobierz bilet w formacie PDF od administratora biletu.<br \/>\n-FIXED: R\u00f3\u017cne drobne poprawki b\u0142\u0119d\u00f3w<\/p>\n<p>1.2.1<br \/>\n- NAPRAWIONO: R\u00f3\u017cne drobne poprawki b\u0142\u0119d\u00f3w<\/p>\n<p>1.2.0<br \/>\n- NAPRAWIONO: Komunikaty ostrzegawcze WooCommerce 3<br \/>\n- DODANO: Zast\u0105pienie wiadomo\u015bci e-mail z biletem PDF<\/p>\n<p>1.0.7<br \/>\n- NAPRAWIONO: R\u00f3\u017cne drobne b\u0142\u0119dy<\/p>\n<p>1.0.6<br \/>\n- DODANO: Powiadomienie o aktualizacji wtyczki<br \/>\n- NAPRAWIONO: R\u00f3\u017cne drobne b\u0142\u0119dy<\/p>\n<p>1.0.5<br \/>\n- DODANO: Czcionka Unicode<br \/>\n- DODANO: Sprawd\u017a, czy katalog pdftickets jest zapisywalny-.<br \/>\n- NAPRAWIONO: Problemy z formatowaniem na niekt\u00f3rych serwerach<br \/>\n- NAPRAWIONO: Inne drobne b\u0142\u0119dy i poprawki<\/p>\n<p>1.0.2<br \/>\n- NOWO\u015a\u0106: Teraz u\u017cywa plik\u00f3w .jpg dla kod\u00f3w kreskowych<br \/>\n- AKTUALIZACJA: T\u0142umaczenia<\/p>\n<p>1.0.0<br \/>\n- Publikacja publiczna<\/p>","protected":false},"featured_media":130675,"template":"","meta":{"site-sidebar-layout":"default","site-content-layout":"default","ast-site-content-layout":"default","site-content-style":"default","site-sidebar-style":"default","ast-global-header-display":"","ast-banner-title-visibility":"","ast-main-header-display":"","ast-hfb-above-header-display":"","ast-hfb-below-header-display":"","ast-hfb-mobile-header-display":"","site-post-title":"","ast-breadcrumbs-content":"","ast-featured-img":"","footer-sml-layout":"","ast-disable-related-posts":"","theme-transparent-header-meta":"default","adv-header-id-meta":"","stick-header-meta":"default","header-above-stick-meta":"","header-main-stick-meta":"","header-below-stick-meta":"","astra-migrate-meta-layouts":"set","ast-page-background-enabled":"default","ast-page-background-meta":{"desktop":{"background-color":"var(--ast-global-color-4)","background-image":"","background-repeat":"repeat","background-position":"center center","background-size":"auto","background-attachment":"scroll","background-type":"","background-media":"","overlay-type":"","overlay-color":"","overlay-opacity":"","overlay-gradient":""},"tablet":{"background-color":"","background-image":"","background-repeat":"repeat","background-position":"center center","background-size":"auto","background-attachment":"scroll","background-type":"","background-media":"","overlay-type":"","overlay-color":"","overlay-opacity":"","overlay-gradient":""},"mobile":{"background-color":"","background-image":"","background-repeat":"repeat","background-position":"center center","background-size":"auto","background-attachment":"scroll","background-type":"","background-media":"","overlay-type":"","overlay-color":"","overlay-opacity":"","overlay-gradient":""}},"ast-content-background-meta":{"desktop":{"background-color":"var(--ast-global-color-5)","background-image":"","background-repeat":"repeat","background-position":"center center","background-size":"auto","background-attachment":"scroll","background-type":"","background-media":"","overlay-type":"","overlay-color":"","overlay-opacity":"","overlay-gradient":""},"tablet":{"background-color":"var(--ast-global-color-5)","background-image":"","background-repeat":"repeat","background-position":"center center","background-size":"auto","background-attachment":"scroll","background-type":"","background-media":"","overlay-type":"","overlay-color":"","overlay-opacity":"","overlay-gradient":""},"mobile":{"background-color":"var(--ast-global-color-5)","background-image":"","background-repeat":"repeat","background-position":"center center","background-size":"auto","background-attachment":"scroll","background-type":"","background-media":"","overlay-type":"","overlay-color":"","overlay-opacity":"","overlay-gradient":""}}},"product_brand":[],"product_cat":[27,60,45],"product_tag":[],"class_list":{"0":"post-19137","1":"product","2":"type-product","3":"status-publish","4":"has-post-thumbnail","6":"product_cat-extension","7":"product_cat-license-unlimited","8":"product_cat-plugins","9":"desktop-align-left","10":"tablet-align-left","11":"mobile-align-left","12":"ast-product-gallery-layout-horizontal-slider","13":"ast-magnify-disabled","14":"ast-product-tabs-layout-horizontal","16":"first","17":"instock","18":"downloadable","19":"virtual","20":"taxable","21":"purchasable","22":"product-type-subscription"},"_links":{"self":[{"href":"https:\/\/www.fooevents.com\/pl\/wp-json\/wp\/v2\/product\/19137","targetHints":{"allow":["GET"]}}],"collection":[{"href":"https:\/\/www.fooevents.com\/pl\/wp-json\/wp\/v2\/product"}],"about":[{"href":"https:\/\/www.fooevents.com\/pl\/wp-json\/wp\/v2\/types\/product"}],"wp:featuredmedia":[{"embeddable":true,"href":"https:\/\/www.fooevents.com\/pl\/wp-json\/wp\/v2\/media\/130675"}],"wp:attachment":[{"href":"https:\/\/www.fooevents.com\/pl\/wp-json\/wp\/v2\/media?parent=19137"}],"wp:term":[{"taxonomy":"product_brand","embeddable":true,"href":"https:\/\/www.fooevents.com\/pl\/wp-json\/wp\/v2\/product_brand?post=19137"},{"taxonomy":"product_cat","embeddable":true,"href":"https:\/\/www.fooevents.com\/pl\/wp-json\/wp\/v2\/product_cat?post=19137"},{"taxonomy":"product_tag","embeddable":true,"href":"https:\/\/www.fooevents.com\/pl\/wp-json\/wp\/v2\/product_tag?post=19137"}],"curies":[{"name":"wp","href":"https:\/\/api.w.org\/{rel}","templated":true}]}}