{"id":19139,"date":"2018-03-02T08:17:09","date_gmt":"2018-03-02T06:17:09","guid":{"rendered":"https:\/\/www.fooevents.com\/?post_type=product&#038;p=19139"},"modified":"2026-03-09T04:00:03","modified_gmt":"2026-03-09T11:00:03","slug":"fooevents-niestandardowe-pola-uczestnikow-licencja-nieograniczona","status":"publish","type":"product","link":"https:\/\/www.fooevents.com\/pl\/product\/fooevents-custom-attendee-fields-license-unlimited\/","title":{"rendered":"FooEvents Custom Attendee Fields (Licencja: bez ogranicze\u0144)"},"content":{"rendered":"<p>Wtyczka FooEvents Custom Attendee Fields to rozszerzenie dla FooEvents, kt\u00f3re umo\u017cliwia przechwytywanie niestandardowych p\u00f3l uczestnik\u00f3w przy kasie, dzi\u0119ki czemu mo\u017cna dostosowa\u0107 FooEvents do unikalnych wymaga\u0144 wydarzenia. Jest to przydatne do pozyskiwania dodatkowych informacji od uczestnik\u00f3w, takich jak rozmiary odzie\u017cy, preferencje dotycz\u0105ce posi\u0142k\u00f3w, informacje demograficzne, akceptacja zrzeczenia si\u0119 itp. Mo\u017cliwo\u015bci s\u0105 praktycznie nieograniczone!<\/p>\n<h3>Zakup obejmuje:<\/h3>\n<p>Niestandardowe pola uczestnik\u00f3w FooEvents do pobrania,<br \/>\n12-miesi\u0119czne wsparcie premium,<br \/>\n12-miesi\u0119czne aktualizacje wtyczek,<br \/>\nPrzyjazna dla u\u017cytkownika dokumentacja.<\/p>\n<p><strong>Uwaga: nie obejmuje <a href=\"\/pl\/produkt\/wtyczka-fooevents\/\">FooEvents dla wtyczki WooCommerce<\/a> (wymagane)\u00a0<\/strong><\/p>","protected":false},"excerpt":{"rendered":"<p>1.1.9<br \/>\nNAPRAWIONO: B\u0142\u0105d niestandardowego uczestnika wielu wydarze\u0144<br \/>\nNAPRAWIONO: B\u0142\u0105d pola wyboru<br \/>\nDODANO: Opcja motywu do u\u017cywania symboli zast\u0119pczych<\/p>\n<p>1.1.5<br \/>\nNAPRAWIONO: B\u0142\u0105d z ponad 10 uczestnikami<\/p>\n<p>1.1.2<br \/>\nNAPRAWIONO: B\u0142\u0105d powiadomienia o aktualizacji<\/p>\n<p>1.1.0<br \/>\n-FIXED: B\u0142\u0119dy w Wordpress 4.8<\/p>\n<p>1.0.7<br \/>\n-FIXED: Pola s\u0105 teraz d\u0142u\u017csze<br \/>\n-FIXED: Zaktualizowane t\u0142umaczenia<br \/>\n-NAPRAWIONO: R\u00f3\u017cne inne drobne b\u0142\u0119dy<\/p>\n<p>1.0.4<br \/>\n-FIXED: B\u0142\u0105d wymaganych p\u00f3l<br \/>\n-NAPRAWIONO: R\u00f3\u017cne inne drobne b\u0142\u0119dy<\/p>\n<p>1.0.1<br \/>\n-FIXED: B\u0142\u0105d powiadomienia o aktualizacji<\/p>\n<p>1.0.0<br \/>\n- Publikacja publiczna<\/p>","protected":false},"featured_media":130674,"template":"","meta":{"site-sidebar-layout":"default","site-content-layout":"default","ast-site-content-layout":"default","site-content-style":"default","site-sidebar-style":"default","ast-global-header-display":"","ast-banner-title-visibility":"","ast-main-header-display":"","ast-hfb-above-header-display":"","ast-hfb-below-header-display":"","ast-hfb-mobile-header-display":"","site-post-title":"","ast-breadcrumbs-content":"","ast-featured-img":"","footer-sml-layout":"","ast-disable-related-posts":"","theme-transparent-header-meta":"default","adv-header-id-meta":"","stick-header-meta":"default","header-above-stick-meta":"","header-main-stick-meta":"","header-below-stick-meta":"","astra-migrate-meta-layouts":"set","ast-page-background-enabled":"default","ast-page-background-meta":{"desktop":{"background-color":"var(--ast-global-color-4)","background-image":"","background-repeat":"repeat","background-position":"center center","background-size":"auto","background-attachment":"scroll","background-type":"","background-media":"","overlay-type":"","overlay-color":"","overlay-opacity":"","overlay-gradient":""},"tablet":{"background-color":"","background-image":"","background-repeat":"repeat","background-position":"center center","background-size":"auto","background-attachment":"scroll","background-type":"","background-media":"","overlay-type":"","overlay-color":"","overlay-opacity":"","overlay-gradient":""},"mobile":{"background-color":"","background-image":"","background-repeat":"repeat","background-position":"center center","background-size":"auto","background-attachment":"scroll","background-type":"","background-media":"","overlay-type":"","overlay-color":"","overlay-opacity":"","overlay-gradient":""}},"ast-content-background-meta":{"desktop":{"background-color":"var(--ast-global-color-5)","background-image":"","background-repeat":"repeat","background-position":"center center","background-size":"auto","background-attachment":"scroll","background-type":"","background-media":"","overlay-type":"","overlay-color":"","overlay-opacity":"","overlay-gradient":""},"tablet":{"background-color":"var(--ast-global-color-5)","background-image":"","background-repeat":"repeat","background-position":"center center","background-size":"auto","background-attachment":"scroll","background-type":"","background-media":"","overlay-type":"","overlay-color":"","overlay-opacity":"","overlay-gradient":""},"mobile":{"background-color":"var(--ast-global-color-5)","background-image":"","background-repeat":"repeat","background-position":"center center","background-size":"auto","background-attachment":"scroll","background-type":"","background-media":"","overlay-type":"","overlay-color":"","overlay-opacity":"","overlay-gradient":""}}},"product_brand":[],"product_cat":[11,27,60,45],"product_tag":[],"class_list":{"0":"post-19139","1":"product","2":"type-product","3":"status-publish","4":"has-post-thumbnail","6":"product_cat-wordpress","7":"product_cat-extension","8":"product_cat-license-unlimited","9":"product_cat-plugins","10":"desktop-align-left","11":"tablet-align-left","12":"mobile-align-left","13":"ast-product-gallery-layout-horizontal-slider","14":"ast-product-gallery-with-no-image","15":"ast-magnify-disabled","16":"ast-product-tabs-layout-horizontal","18":"first","19":"instock","20":"downloadable","21":"virtual","22":"taxable","23":"purchasable","24":"product-type-subscription"},"_links":{"self":[{"href":"https:\/\/www.fooevents.com\/pl\/wp-json\/wp\/v2\/product\/19139","targetHints":{"allow":["GET"]}}],"collection":[{"href":"https:\/\/www.fooevents.com\/pl\/wp-json\/wp\/v2\/product"}],"about":[{"href":"https:\/\/www.fooevents.com\/pl\/wp-json\/wp\/v2\/types\/product"}],"wp:featuredmedia":[{"embeddable":true,"href":"https:\/\/www.fooevents.com\/pl\/wp-json\/wp\/v2\/media\/130674"}],"wp:attachment":[{"href":"https:\/\/www.fooevents.com\/pl\/wp-json\/wp\/v2\/media?parent=19139"}],"wp:term":[{"taxonomy":"product_brand","embeddable":true,"href":"https:\/\/www.fooevents.com\/pl\/wp-json\/wp\/v2\/product_brand?post=19139"},{"taxonomy":"product_cat","embeddable":true,"href":"https:\/\/www.fooevents.com\/pl\/wp-json\/wp\/v2\/product_cat?post=19139"},{"taxonomy":"product_tag","embeddable":true,"href":"https:\/\/www.fooevents.com\/pl\/wp-json\/wp\/v2\/product_tag?post=19139"}],"curies":[{"name":"wp","href":"https:\/\/api.w.org\/{rel}","templated":true}]}}