{"id":30273,"date":"2018-08-29T05:30:49","date_gmt":"2018-08-29T11:30:49","guid":{"rendered":"https:\/\/www.fooevents.com\/?post_type=product&#038;p=30273"},"modified":"2026-03-09T05:18:15","modified_gmt":"2026-03-09T12:18:15","slug":"fooevents-seating-license-single","status":"publish","type":"product","link":"https:\/\/www.fooevents.com\/pl\/product\/fooevents-seating-license-single\/","title":{"rendered":"FooEvents Seating (Licencja: Pojedyncza)"},"content":{"rendered":"<p>Wtyczka FooEvents Seating to rozszerzenie dla FooEvents, kt\u00f3re umo\u017cliwia przechwytywanie rz\u0119d\u00f3w i numer\u00f3w miejsc przy kasie. Jest to przydatne, aby umo\u017cliwi\u0107 uczestnikom wybranie w\u0142asnych miejsc w oparciu o uk\u0142ad miejsca. Wtyczka ta mo\u017ce by\u0107 u\u017cywana do okre\u015blania rz\u0119d\u00f3w i miejsc w sali konferencyjnej lub teatralnej, sto\u0142\u00f3w i liczby krzese\u0142 przy stole itp. Mo\u017cesz tworzy\u0107 sekcje VIP lub ogranicza\u0107 uczestnik\u00f3w do miejsc w innych obszarach o wy\u017cszej lub ni\u017cszej cenie.<\/p>\n<h3>Zakup obejmuje:<\/h3>\n<ul>\n<li>Wtyczka FooEvents Seating do pobrania,<\/li>\n<li>12-miesi\u0119czne wsparcie premium,<\/li>\n<li>12-miesi\u0119czne aktualizacje wtyczek,<\/li>\n<li>Darmowy\u00a0<a href=\"https:\/\/www.fooevents.com\/pl\/aplikacje\/\" target=\"_blank\" rel=\"noopener noreferrer\">iOS<\/a> &amp; <a href=\"https:\/\/www.fooevents.com\/pl\/aplikacje\/\" target=\"_blank\" rel=\"noopener noreferrer\">Android<\/a> aplikacje do odprawy,<\/li>\n<li>Przyjazna dla u\u017cytkownika dokumentacja.<\/li>\n<\/ul>","protected":false},"excerpt":{"rendered":"<p>The FooEvents Seating plugin is an extension for FooEvents that allows for the capture of rows and seat numbers at checkout. This is useful for letting attendees select their own seats based on the layout of your venue. This plugin can be used to specify rows and seats in a conference room or theater, tables [&hellip;]<\/p>\n","protected":false},"featured_media":130666,"template":"","meta":{"site-sidebar-layout":"default","site-content-layout":"default","ast-site-content-layout":"default","site-content-style":"default","site-sidebar-style":"default","ast-global-header-display":"","ast-banner-title-visibility":"","ast-main-header-display":"","ast-hfb-above-header-display":"","ast-hfb-below-header-display":"","ast-hfb-mobile-header-display":"","site-post-title":"","ast-breadcrumbs-content":"","ast-featured-img":"","footer-sml-layout":"","ast-disable-related-posts":"","theme-transparent-header-meta":"default","adv-header-id-meta":"","stick-header-meta":"default","header-above-stick-meta":"","header-main-stick-meta":"","header-below-stick-meta":"","astra-migrate-meta-layouts":"set","ast-page-background-enabled":"default","ast-page-background-meta":{"desktop":{"background-color":"var(--ast-global-color-4)","background-image":"","background-repeat":"repeat","background-position":"center center","background-size":"auto","background-attachment":"scroll","background-type":"","background-media":"","overlay-type":"","overlay-color":"","overlay-opacity":"","overlay-gradient":""},"tablet":{"background-color":"","background-image":"","background-repeat":"repeat","background-position":"center center","background-size":"auto","background-attachment":"scroll","background-type":"","background-media":"","overlay-type":"","overlay-color":"","overlay-opacity":"","overlay-gradient":""},"mobile":{"background-color":"","background-image":"","background-repeat":"repeat","background-position":"center center","background-size":"auto","background-attachment":"scroll","background-type":"","background-media":"","overlay-type":"","overlay-color":"","overlay-opacity":"","overlay-gradient":""}},"ast-content-background-meta":{"desktop":{"background-color":"var(--ast-global-color-5)","background-image":"","background-repeat":"repeat","background-position":"center center","background-size":"auto","background-attachment":"scroll","background-type":"","background-media":"","overlay-type":"","overlay-color":"","overlay-opacity":"","overlay-gradient":""},"tablet":{"background-color":"var(--ast-global-color-5)","background-image":"","background-repeat":"repeat","background-position":"center center","background-size":"auto","background-attachment":"scroll","background-type":"","background-media":"","overlay-type":"","overlay-color":"","overlay-opacity":"","overlay-gradient":""},"mobile":{"background-color":"var(--ast-global-color-5)","background-image":"","background-repeat":"repeat","background-position":"center center","background-size":"auto","background-attachment":"scroll","background-type":"","background-media":"","overlay-type":"","overlay-color":"","overlay-opacity":"","overlay-gradient":""}}},"product_brand":[],"product_cat":[58,45],"product_tag":[],"class_list":{"0":"post-30273","1":"product","2":"type-product","3":"status-publish","4":"has-post-thumbnail","6":"product_cat-license-single","7":"product_cat-plugins","8":"desktop-align-left","9":"tablet-align-left","10":"mobile-align-left","11":"ast-product-gallery-layout-horizontal-slider","12":"ast-product-gallery-with-no-image","13":"ast-magnify-disabled","14":"ast-product-tabs-layout-horizontal","16":"first","17":"instock","18":"featured","19":"downloadable","20":"virtual","21":"taxable","22":"purchasable","23":"product-type-subscription"},"_links":{"self":[{"href":"https:\/\/www.fooevents.com\/pl\/wp-json\/wp\/v2\/product\/30273","targetHints":{"allow":["GET"]}}],"collection":[{"href":"https:\/\/www.fooevents.com\/pl\/wp-json\/wp\/v2\/product"}],"about":[{"href":"https:\/\/www.fooevents.com\/pl\/wp-json\/wp\/v2\/types\/product"}],"wp:featuredmedia":[{"embeddable":true,"href":"https:\/\/www.fooevents.com\/pl\/wp-json\/wp\/v2\/media\/130666"}],"wp:attachment":[{"href":"https:\/\/www.fooevents.com\/pl\/wp-json\/wp\/v2\/media?parent=30273"}],"wp:term":[{"taxonomy":"product_brand","embeddable":true,"href":"https:\/\/www.fooevents.com\/pl\/wp-json\/wp\/v2\/product_brand?post=30273"},{"taxonomy":"product_cat","embeddable":true,"href":"https:\/\/www.fooevents.com\/pl\/wp-json\/wp\/v2\/product_cat?post=30273"},{"taxonomy":"product_tag","embeddable":true,"href":"https:\/\/www.fooevents.com\/pl\/wp-json\/wp\/v2\/product_tag?post=30273"}],"curies":[{"name":"wp","href":"https:\/\/api.w.org\/{rel}","templated":true}]}}