{"id":4028,"date":"2017-02-22T14:32:26","date_gmt":"2017-02-22T12:32:26","guid":{"rendered":"https:\/\/www.fooevents.com\/product\/fooevents-calendar\/"},"modified":"2026-03-09T05:29:41","modified_gmt":"2026-03-09T12:29:41","slug":"kalendarz-fooevents","status":"publish","type":"product","link":"https:\/\/www.fooevents.com\/pl\/product\/fooevents-calendar\/","title":{"rendered":"Kalendarz FooEvents (Licencja: Pojedyncza)"},"content":{"rendered":"<p>Wtyczka FooEvents Calendar to rozszerzenie dla FooEvents, kt\u00f3re dodaje widok kalendarza wszystkich wydarze\u0144 do Twojej witryny. Kalendarze mo\u017cna dodawa\u0107 do post\u00f3w i stron za pomoc\u0105 prostych skr\u00f3t\u00f3w. Dost\u0119pny jest r\u00f3wnie\u017c widok wid\u017cetu kalendarza, co zapewnia wi\u0119ksz\u0105 elastyczno\u015b\u0107. Jest to niezb\u0119dne rozszerzenie, je\u015bli organizujesz regularne wydarzenia i chcesz je promowa\u0107!<\/p>\n<h3>Zakup obejmuje:<\/h3>\n<p>Wtyczka kalendarza FooEvents do pobrania,<br \/>\n12-miesi\u0119czne wsparcie premium,<br \/>\n12-miesi\u0119czne aktualizacje wtyczek,<br \/>\nPrzyjazna dla u\u017cytkownika dokumentacja.<\/p>\n<p><strong>Uwaga: nie obejmuje <a href=\"\/pl\/produkt\/wtyczka-fooevents\/\">FooEvents dla wtyczki WooCommerce<\/a> (wymagane)\u00a0<\/strong><\/p>","protected":false},"excerpt":{"rendered":"<p>1.2.8<br \/>\n-FIXED: B\u0142\u0105d opisu listy zdarze\u0144<br \/>\n-DODANO: Opcja w\u0142\u0105czenia wydarze\u0144 ca\u0142odniowych<\/p>\n<p>1.2.6<br \/>\n-FIXED: B\u0142\u0105d apostrofu<br \/>\n-FIXED: b\u0142\u0105d limitu wid\u017cet\u00f3w<br \/>\n-dodano: sortowanie listy zdarze\u0144<br \/>\n-DODANY filtr kategorii<\/p>\n<p>1.2.1<br \/>\n-NAPRAWIONO: B\u0142\u0105d powoduj\u0105cy wy\u015bwietlanie w kalendarzu wydarze\u0144 bez daty<br \/>\n-FIXED: B\u0142\u0105d t\u0142umacze\u0144 kalendarza<br \/>\n-AKTUALIZACJA: FullCalendar<\/p>\n<p>1.1.2<br \/>\n-FIXED: Wielodniowa aktualizacja wsparcia<\/p>\n<p>1.1.0<br \/>\n-DODANO: Rozszerzenie wielodniowe gotowe<\/p>\n<p>1.0.13<br \/>\n-FIXED: Ostrze\u017cenia PHP<\/p>\n<p>1.0.11<br \/>\n-FIXED: B\u0142\u0105d opisu kalendarza<br \/>\n-FIXED: Znaki specjalne w tytu\u0142ach wydarze\u0144<br \/>\n-NAPRAWIONO: R\u00f3\u017cne inne drobne b\u0142\u0119dy<br \/>\n-DODANO: T\u0142umaczenia<\/p>\n<p>&nbsp;<\/p>\n<p>1.0.6<br \/>\n-FIXED: Wyj\u015bcie ostrze\u017cenia PHP<\/p>\n<p>1.0.5<br \/>\n-DODANO: Dodatkowe role u\u017cytkownik\u00f3w maj\u0105 teraz dost\u0119p<br \/>\n-DODANO: Powiadomienie o aktualizacji wtyczki<br \/>\n-FIXED: R\u00f3\u017cne drobne b\u0142\u0119dy<\/p>","protected":false},"featured_media":130673,"template":"","meta":{"site-sidebar-layout":"default","site-content-layout":"default","ast-site-content-layout":"default","site-content-style":"default","site-sidebar-style":"default","ast-global-header-display":"","ast-banner-title-visibility":"","ast-main-header-display":"","ast-hfb-above-header-display":"","ast-hfb-below-header-display":"","ast-hfb-mobile-header-display":"","site-post-title":"","ast-breadcrumbs-content":"","ast-featured-img":"","footer-sml-layout":"","ast-disable-related-posts":"","theme-transparent-header-meta":"default","adv-header-id-meta":"","stick-header-meta":"default","header-above-stick-meta":"","header-main-stick-meta":"","header-below-stick-meta":"","astra-migrate-meta-layouts":"set","ast-page-background-enabled":"default","ast-page-background-meta":{"desktop":{"background-color":"var(--ast-global-color-4)","background-image":"","background-repeat":"repeat","background-position":"center center","background-size":"auto","background-attachment":"scroll","background-type":"","background-media":"","overlay-type":"","overlay-color":"","overlay-opacity":"","overlay-gradient":""},"tablet":{"background-color":"","background-image":"","background-repeat":"repeat","background-position":"center center","background-size":"auto","background-attachment":"scroll","background-type":"","background-media":"","overlay-type":"","overlay-color":"","overlay-opacity":"","overlay-gradient":""},"mobile":{"background-color":"","background-image":"","background-repeat":"repeat","background-position":"center center","background-size":"auto","background-attachment":"scroll","background-type":"","background-media":"","overlay-type":"","overlay-color":"","overlay-opacity":"","overlay-gradient":""}},"ast-content-background-meta":{"desktop":{"background-color":"var(--ast-global-color-5)","background-image":"","background-repeat":"repeat","background-position":"center center","background-size":"auto","background-attachment":"scroll","background-type":"","background-media":"","overlay-type":"","overlay-color":"","overlay-opacity":"","overlay-gradient":""},"tablet":{"background-color":"var(--ast-global-color-5)","background-image":"","background-repeat":"repeat","background-position":"center center","background-size":"auto","background-attachment":"scroll","background-type":"","background-media":"","overlay-type":"","overlay-color":"","overlay-opacity":"","overlay-gradient":""},"mobile":{"background-color":"var(--ast-global-color-5)","background-image":"","background-repeat":"repeat","background-position":"center center","background-size":"auto","background-attachment":"scroll","background-type":"","background-media":"","overlay-type":"","overlay-color":"","overlay-opacity":"","overlay-gradient":""}}},"product_brand":[],"product_cat":[11,27,58,45],"product_tag":[],"class_list":{"0":"post-4028","1":"product","2":"type-product","3":"status-publish","4":"has-post-thumbnail","6":"product_cat-wordpress","7":"product_cat-extension","8":"product_cat-license-single","9":"product_cat-plugins","10":"desktop-align-left","11":"tablet-align-left","12":"mobile-align-left","13":"ast-product-gallery-layout-horizontal-slider","14":"ast-product-gallery-with-no-image","15":"ast-magnify-disabled","16":"ast-product-tabs-layout-horizontal","18":"first","19":"instock","20":"downloadable","21":"virtual","22":"taxable","23":"purchasable","24":"product-type-subscription"},"_links":{"self":[{"href":"https:\/\/www.fooevents.com\/pl\/wp-json\/wp\/v2\/product\/4028","targetHints":{"allow":["GET"]}}],"collection":[{"href":"https:\/\/www.fooevents.com\/pl\/wp-json\/wp\/v2\/product"}],"about":[{"href":"https:\/\/www.fooevents.com\/pl\/wp-json\/wp\/v2\/types\/product"}],"wp:featuredmedia":[{"embeddable":true,"href":"https:\/\/www.fooevents.com\/pl\/wp-json\/wp\/v2\/media\/130673"}],"wp:attachment":[{"href":"https:\/\/www.fooevents.com\/pl\/wp-json\/wp\/v2\/media?parent=4028"}],"wp:term":[{"taxonomy":"product_brand","embeddable":true,"href":"https:\/\/www.fooevents.com\/pl\/wp-json\/wp\/v2\/product_brand?post=4028"},{"taxonomy":"product_cat","embeddable":true,"href":"https:\/\/www.fooevents.com\/pl\/wp-json\/wp\/v2\/product_cat?post=4028"},{"taxonomy":"product_tag","embeddable":true,"href":"https:\/\/www.fooevents.com\/pl\/wp-json\/wp\/v2\/product_tag?post=4028"}],"curies":[{"name":"wp","href":"https:\/\/api.w.org\/{rel}","templated":true}]}}