{"id":861,"date":"2016-07-08T16:15:28","date_gmt":"2016-07-08T14:15:28","guid":{"rendered":"https:\/\/www.fooevents.com\/?post_type=product&#038;p=861"},"modified":"2026-03-09T04:11:06","modified_gmt":"2026-03-09T11:11:06","slug":"ekspresowa-odprawa-fooevents","status":"publish","type":"product","link":"https:\/\/www.fooevents.com\/pl\/product\/fooevents-express-check-in\/","title":{"rendered":"FooEvents Express Check-in (Licencja: Pojedyncza)"},"content":{"rendered":"<p>Wtyczka FooEvents Express Check-in to rozszerzenie dla FooEvents dla WooCommerce, kt\u00f3re sprawia, \u017ce odprawa uczestnik\u00f3w wydarzenia jest szybkim i \u0142atwym procesem. Intuicyjny interfejs pozwala znale\u017a\u0107 uczestnik\u00f3w w ci\u0105gu kilku sekund dzi\u0119ki sprytnej funkcji automatycznego wyszukiwania lub mo\u017cna u\u017cy\u0107 zwyk\u0142ego skanera kod\u00f3w kreskowych do zeskanowania wydrukowanych bilet\u00f3w i automatycznego zameldowania uczestnik\u00f3w, co jest idealne w przypadku du\u017cych wydarze\u0144. Bez ba\u0142aganu, bez zamieszania podej\u015bcie do zarz\u0105dzania odprawami na Twoim wydarzeniu!<\/p>\n<h3>Zakup obejmuje:<\/h3>\n<p>Wtyczka FooEvents Express Check-in do pobrania,<br \/>\n12-miesi\u0119czne wsparcie premium,<br \/>\n12-miesi\u0119czne aktualizacje wtyczek,<br \/>\nPrzyjazna dla u\u017cytkownika dokumentacja.<\/p>\n<p><strong>Uwaga: nie obejmuje <a href=\"\/pl\/produkt\/wtyczka-fooevents\/\">FooEvents dla wtyczki WooCommerce<\/a> (wymagane)\u00a0<\/strong><\/p>","protected":false},"excerpt":{"rendered":"<p>Wyszukiwanie wed\u0142ug nazwiska nabywcy lub uczestnika, identyfikatora biletu lub statusu biletu<br \/>\n\u0141adowanie wynik\u00f3w Ajax, bez od\u015bwie\u017cania strony<br \/>\nAutomatyczne wyszukiwanie - wyszukiwanie podczas pisania<br \/>\nAutomatyczna odprawa - Automatyczna odprawa uczestnika w przypadku znalezienia identyfikatora biletu.<br \/>\nPrzyjazny dla urz\u0105dze\u0144 mobilnych - dzia\u0142a na komputerach stacjonarnych, tabletach i telefonach kom\u00f3rkowych<br \/>\nZmie\u0144 status zameldowania uczestnik\u00f3w na \"zameldowany\", \"niezameldowany\", \"anulowany\" lub \"nieop\u0142acony\".<br \/>\nDzia\u0142a doskonale z wi\u0119kszo\u015bci\u0105 skaner\u00f3w kod\u00f3w kreskowych 2D!!!<\/p>\n<p>https:\/\/www.youtube.com\/watch?v=h3zI-oNi6_o<\/p>\n<p>DZIENNIK AKTUALIZACJI<\/p>\n<p>------<br \/>\n1.2.2<br \/>\n-FIXED: B\u0142\u0105d powiadomienia o aktualizacji<\/p>\n<p>1.2.1<br \/>\n-FIXED: Wielodniowa aktualizacja wsparcia<\/p>\n<p>1.2.0<br \/>\n-DODANO: Rozszerzenie wydarze\u0144 wielodniowych gotowe<\/p>\n<p>1.0.7<\/p>\n<p>-FIXED: Ostrze\u017cenie PHP na interfejsie u\u017cytkownika<\/p>\n<p>1.0.6<\/p>\n<p>-FIXED: Wyj\u015bcie ostrze\u017cenia PHP<\/p>\n<p>1.0.5<\/p>\n<p>-DODANO: Dodatkowe role u\u017cytkownik\u00f3w maj\u0105 teraz dost\u0119p<br \/>\n-DODANO: Powiadomienie o aktualizacji wtyczki<br \/>\n-FIXED: R\u00f3\u017cne drobne b\u0142\u0119dy<\/p>\n<div style=\"position: static !important;\"><\/div>\n<div style=\"position: static !important;\"><\/div>","protected":false},"featured_media":130678,"template":"","meta":{"site-sidebar-layout":"default","site-content-layout":"default","ast-site-content-layout":"default","site-content-style":"default","site-sidebar-style":"default","ast-global-header-display":"","ast-banner-title-visibility":"","ast-main-header-display":"","ast-hfb-above-header-display":"","ast-hfb-below-header-display":"","ast-hfb-mobile-header-display":"","site-post-title":"","ast-breadcrumbs-content":"","ast-featured-img":"","footer-sml-layout":"","ast-disable-related-posts":"","theme-transparent-header-meta":"default","adv-header-id-meta":"","stick-header-meta":"default","header-above-stick-meta":"","header-main-stick-meta":"","header-below-stick-meta":"","astra-migrate-meta-layouts":"set","ast-page-background-enabled":"default","ast-page-background-meta":{"desktop":{"background-color":"var(--ast-global-color-4)","background-image":"","background-repeat":"repeat","background-position":"center center","background-size":"auto","background-attachment":"scroll","background-type":"","background-media":"","overlay-type":"","overlay-color":"","overlay-opacity":"","overlay-gradient":""},"tablet":{"background-color":"","background-image":"","background-repeat":"repeat","background-position":"center center","background-size":"auto","background-attachment":"scroll","background-type":"","background-media":"","overlay-type":"","overlay-color":"","overlay-opacity":"","overlay-gradient":""},"mobile":{"background-color":"","background-image":"","background-repeat":"repeat","background-position":"center center","background-size":"auto","background-attachment":"scroll","background-type":"","background-media":"","overlay-type":"","overlay-color":"","overlay-opacity":"","overlay-gradient":""}},"ast-content-background-meta":{"desktop":{"background-color":"var(--ast-global-color-5)","background-image":"","background-repeat":"repeat","background-position":"center center","background-size":"auto","background-attachment":"scroll","background-type":"","background-media":"","overlay-type":"","overlay-color":"","overlay-opacity":"","overlay-gradient":""},"tablet":{"background-color":"var(--ast-global-color-5)","background-image":"","background-repeat":"repeat","background-position":"center center","background-size":"auto","background-attachment":"scroll","background-type":"","background-media":"","overlay-type":"","overlay-color":"","overlay-opacity":"","overlay-gradient":""},"mobile":{"background-color":"var(--ast-global-color-5)","background-image":"","background-repeat":"repeat","background-position":"center center","background-size":"auto","background-attachment":"scroll","background-type":"","background-media":"","overlay-type":"","overlay-color":"","overlay-opacity":"","overlay-gradient":""}}},"product_brand":[],"product_cat":[27,58,45],"product_tag":[],"class_list":{"0":"post-861","1":"product","2":"type-product","3":"status-publish","4":"has-post-thumbnail","6":"product_cat-extension","7":"product_cat-license-single","8":"product_cat-plugins","9":"desktop-align-left","10":"tablet-align-left","11":"mobile-align-left","12":"ast-product-gallery-layout-horizontal-slider","13":"ast-magnify-disabled","14":"ast-product-tabs-layout-horizontal","16":"first","17":"instock","18":"downloadable","19":"virtual","20":"taxable","21":"purchasable","22":"product-type-subscription"},"_links":{"self":[{"href":"https:\/\/www.fooevents.com\/pl\/wp-json\/wp\/v2\/product\/861","targetHints":{"allow":["GET"]}}],"collection":[{"href":"https:\/\/www.fooevents.com\/pl\/wp-json\/wp\/v2\/product"}],"about":[{"href":"https:\/\/www.fooevents.com\/pl\/wp-json\/wp\/v2\/types\/product"}],"wp:featuredmedia":[{"embeddable":true,"href":"https:\/\/www.fooevents.com\/pl\/wp-json\/wp\/v2\/media\/130678"}],"wp:attachment":[{"href":"https:\/\/www.fooevents.com\/pl\/wp-json\/wp\/v2\/media?parent=861"}],"wp:term":[{"taxonomy":"product_brand","embeddable":true,"href":"https:\/\/www.fooevents.com\/pl\/wp-json\/wp\/v2\/product_brand?post=861"},{"taxonomy":"product_cat","embeddable":true,"href":"https:\/\/www.fooevents.com\/pl\/wp-json\/wp\/v2\/product_cat?post=861"},{"taxonomy":"product_tag","embeddable":true,"href":"https:\/\/www.fooevents.com\/pl\/wp-json\/wp\/v2\/product_tag?post=861"}],"curies":[{"name":"wp","href":"https:\/\/api.w.org\/{rel}","templated":true}]}}