{"id":188725,"date":"2024-09-17T19:35:02","date_gmt":"2024-09-18T02:35:02","guid":{"rendered":"https:\/\/www.fooevents.com\/privacy-statement-ca\/"},"modified":"2025-03-13T14:57:27","modified_gmt":"2025-03-13T21:57:27","slug":"declaracao-de-privacidade-ca","status":"publish","type":"page","link":"https:\/\/www.fooevents.com\/pt\/privacy-statement-ca\/","title":{"rendered":"Declara\u00e7\u00e3o de privacidade (CA)"},"content":{"rendered":"<!-- Legal document generated by Complianz | GDPR\/CCPA Cookie Consent https:\/\/wordpress.org\/plugins\/complianz-gdpr -->\n<div id=\"cmplz-document\" class=\"cmplz-document privacy-statement cmplz-document-ca\"><p><i>Esta Declara\u00e7\u00e3o de Privacidade foi alterada pela \u00faltima vez em Outubro 14, 2025, foi verificada pela \u00faltima vez em Outubro 14, 2025 e se aplica aos cidad\u00e3os e residentes legais permanentes do Canad\u00e1.<\/i><br \/><br \/><\/p><p>Nesta Declara\u00e7\u00e3o de Privacidade, explicamos o que fazemos com os dados que obtemos sobre si por meio de <a href=\"https:\/\/www.fooevents.com\/pt\">https:\/\/www.fooevents.com\/pt<\/a>. Recomendamos que leia atentamente esta declara\u00e7\u00e3o. No nosso processamento, cumprimos os requisitos da legisla\u00e7\u00e3o de privacidade. Isso significa, entre outras coisas, que:<ul>\n                <li>declaramos claramente as finalidades para as quais processamos dados pessoais. Fazemos isso por meio desta declara\u00e7\u00e3o de privacidade;<\/li>\n                <li>pretendemos limitar a nossa recolha de dados pessoais apenas aos dados pessoais necess\u00e1rios para fins leg\u00edtimos;<\/li>\n                <li>primeiro solicitamos o seu consentimento expl\u00edcito para processar os seus dados pessoais nos casos que requerem o seu consentimento;<\/li>\n                <li>tomamos medidas de seguran\u00e7a adequadas para proteger os seus dados pessoais e tamb\u00e9m exigimos isso das partes que processam dados pessoais em nosso nome;<\/li>\n                <li>respeitamos o seu direito de aceder aos seus dados pessoais, corrigi-los ou apag\u00e1-los, a seu pedido.<\/li>\n            <\/ul><\/p>Se tiver alguma d\u00favida ou quiser saber exatamente quais os dados que mantemos de si, entre em contacto connosco.<h2>1. Objetivo e categorias de dados<\/h2><p>Podemos recolher ou receber informa\u00e7\u00f5es pessoais para v\u00e1rios fins relacionados com as nossas opera\u00e7\u00f5es comerciais, que podem incluir o seguinte: (clique para expandir)<\/b><\/p><details class=\"cmplz-dropdown dropdown-privacy-statement\"><summary><div><h3>1.1 Para vender ou partilhar dados com terceiros<\/h3><\/div><\/summary><p class=\"cmplz-subtitle\">As seguintes categorias de dados s\u00e3o recolhidas<\/p><p><ul><li>Informa\u00e7\u00f5es sobre atividades na internet, incluindo, mas n\u00e3o se limitando a, hist\u00f3rico de navega\u00e7\u00e3o, hist\u00f3rico de pesquisa e informa\u00e7\u00f5es sobre a intera\u00e7\u00e3o de um consumidor com um site, aplicativo ou an\u00fancio na internet<\/li><li>Dados de geolocaliza\u00e7\u00e3o<\/li><\/ul><\/p><p class=\"cmplz-subtitle\">Per\u00edodo de reten\u00e7\u00e3o<\/p><p>Retemos esses dados ap\u00f3s o encerramento do servi\u00e7o pelo seguinte n\u00famero de meses: 24<\/p><\/details><details class=\"cmplz-dropdown dropdown-privacy-statement\"><summary><div><h3>1.2 Contacto - Atrav\u00e9s de telefone, correio, e-mail e\/ou formul\u00e1rios web<\/h3><\/div><\/summary><p class=\"cmplz-subtitle\">As seguintes categorias de dados s\u00e3o recolhidas<\/p><p><ul><li>Um nome e apelido<\/li><li>Nome da conta ou apelido<\/li><li>Uma casa ou outro endere\u00e7o f\u00edsico, incluindo nome de rua e nome da cidade<\/li><li>Um endere\u00e7o de e-mail<\/li><li>Um n\u00famero de telefone<\/li><li>Endere\u00e7o IP<\/li><li>Informa\u00e7\u00f5es sobre atividades na internet, incluindo, mas n\u00e3o se limitando a, hist\u00f3rico de navega\u00e7\u00e3o, hist\u00f3rico de pesquisa e informa\u00e7\u00f5es sobre a intera\u00e7\u00e3o de um consumidor com um site, aplicativo ou an\u00fancio na internet<\/li><li>Dados de geolocaliza\u00e7\u00e3o<\/li><\/ul><\/p><p class=\"cmplz-subtitle\">Per\u00edodo de reten\u00e7\u00e3o<\/p><p>Retemos esses dados ap\u00f3s o encerramento do servi\u00e7o pelo seguinte n\u00famero de meses: 24<\/p><\/details><details class=\"cmplz-dropdown dropdown-privacy-statement\"><summary><div><h3>1.3 Registar uma conta<\/h3><\/div><\/summary><p class=\"cmplz-subtitle\">As seguintes categorias de dados s\u00e3o recolhidas<\/p><p><ul><li>Um nome e apelido<\/li><li>Nome da conta ou apelido<\/li><li>Uma casa ou outro endere\u00e7o f\u00edsico, incluindo nome de rua e nome da cidade<\/li><li>Um endere\u00e7o de e-mail<\/li><li>Um n\u00famero de telefone<\/li><li>Endere\u00e7o IP<\/li><li>Informa\u00e7\u00f5es sobre atividades na internet, incluindo, mas n\u00e3o se limitando a, hist\u00f3rico de navega\u00e7\u00e3o, hist\u00f3rico de pesquisa e informa\u00e7\u00f5es sobre a intera\u00e7\u00e3o de um consumidor com um site, aplicativo ou an\u00fancio na internet<\/li><li>Dados de geolocaliza\u00e7\u00e3o<\/li><\/ul><\/p><p class=\"cmplz-subtitle\">Per\u00edodo de reten\u00e7\u00e3o<\/p><p>Retemos esses dados ap\u00f3s o encerramento do servi\u00e7o pelo seguinte n\u00famero de meses: 24<\/p><\/details><details class=\"cmplz-dropdown dropdown-privacy-statement\"><summary><div><h3>1.4 Pagamentos<\/h3><\/div><\/summary><p class=\"cmplz-subtitle\">As seguintes categorias de dados s\u00e3o recolhidas<\/p><p><ul><li>Nome da conta ou apelido<\/li><li>Um nome e apelido<\/li><li>Uma casa ou outro endere\u00e7o f\u00edsico, incluindo nome de rua e nome da cidade<\/li><li>Um endere\u00e7o de e-mail<\/li><li>Um n\u00famero de telefone<\/li><li>Endere\u00e7o IP<\/li><li>Informa\u00e7\u00f5es sobre atividades na internet, incluindo, mas n\u00e3o se limitando a, hist\u00f3rico de navega\u00e7\u00e3o, hist\u00f3rico de pesquisa e informa\u00e7\u00f5es sobre a intera\u00e7\u00e3o de um consumidor com um site, aplicativo ou an\u00fancio na internet<\/li><li>Dados de geolocaliza\u00e7\u00e3o<\/li><\/ul><\/p><p class=\"cmplz-subtitle\">Per\u00edodo de reten\u00e7\u00e3o<\/p><p>Retemos esses dados ap\u00f3s o encerramento do servi\u00e7o pelo seguinte n\u00famero de meses: 24<\/p><\/details><details class=\"cmplz-dropdown dropdown-privacy-statement\"><summary><div><h3>1.5 Boletins informativos<\/h3><\/div><\/summary><p class=\"cmplz-subtitle\">As seguintes categorias de dados s\u00e3o recolhidas<\/p><p><ul><li>Um nome e apelido<\/li><li>Nome da conta ou apelido<\/li><li>Uma casa ou outro endere\u00e7o f\u00edsico, incluindo nome de rua e nome da cidade<\/li><li>Um endere\u00e7o de e-mail<\/li><li>Um n\u00famero de telefone<\/li><li>Informa\u00e7\u00f5es sobre atividades na internet, incluindo, mas n\u00e3o se limitando a, hist\u00f3rico de navega\u00e7\u00e3o, hist\u00f3rico de pesquisa e informa\u00e7\u00f5es sobre a intera\u00e7\u00e3o de um consumidor com um site, aplicativo ou an\u00fancio na internet<\/li><li>Dados de geolocaliza\u00e7\u00e3o<\/li><\/ul><\/p><p class=\"cmplz-subtitle\">Per\u00edodo de reten\u00e7\u00e3o<\/p><p>Retemos esses dados at\u00e9 que o servi\u00e7o seja encerrado.<\/p><\/details><details class=\"cmplz-dropdown dropdown-privacy-statement\"><summary><div><h3>1.6 Para apoiar servi\u00e7os ou produtos que um cliente quer comprar ou comprou<\/h3><\/div><\/summary><p class=\"cmplz-subtitle\">As seguintes categorias de dados s\u00e3o recolhidas<\/p><p><ul><li>Um nome e apelido<\/li><li>Nome da conta ou apelido<\/li><li>Um endere\u00e7o de e-mail<\/li><li>Endere\u00e7o IP<\/li><li>Informa\u00e7\u00f5es sobre atividades na internet, incluindo, mas n\u00e3o se limitando a, hist\u00f3rico de navega\u00e7\u00e3o, hist\u00f3rico de pesquisa e informa\u00e7\u00f5es sobre a intera\u00e7\u00e3o de um consumidor com um site, aplicativo ou an\u00fancio na internet<\/li><\/ul><\/p><p class=\"cmplz-subtitle\">Per\u00edodo de reten\u00e7\u00e3o<\/p><p>Determinamos o per\u00edodo de reten\u00e7\u00e3o de acordo com crit\u00e9rios objectivos fixos: Conservados indefinidamente, exceto se a pessoa solicitar a remo\u00e7\u00e3o da sua conta e dos seus dados pessoais.<\/p><\/details><details class=\"cmplz-dropdown dropdown-privacy-statement\"><summary><div><h3>1.7 Compilar e analisar estat\u00edsticas para melhoria do site.<\/h3><\/div><\/summary><p class=\"cmplz-subtitle\">As seguintes categorias de dados s\u00e3o recolhidas<\/p><p><ul><li>Informa\u00e7\u00f5es sobre atividades na internet, incluindo, mas n\u00e3o se limitando a, hist\u00f3rico de navega\u00e7\u00e3o, hist\u00f3rico de pesquisa e informa\u00e7\u00f5es sobre a intera\u00e7\u00e3o de um consumidor com um site, aplicativo ou an\u00fancio na internet<\/li><li>Dados de geolocaliza\u00e7\u00e3o<\/li><li>Endere\u00e7o IP<\/li><\/ul><\/p><p class=\"cmplz-subtitle\">Per\u00edodo de reten\u00e7\u00e3o<\/p><p>Determinamos o per\u00edodo de reten\u00e7\u00e3o de acordo com crit\u00e9rios objectivos fixos: Conservados indefinidamente, exceto se a pessoa solicitar a remo\u00e7\u00e3o da sua conta e dos seus dados pessoais.<\/p><\/details><details class=\"cmplz-dropdown dropdown-privacy-statement\"><summary><div><h3>1.8 Para poder oferecer produtos e servi\u00e7os personalizados<\/h3><\/div><\/summary><p class=\"cmplz-subtitle\">As seguintes categorias de dados s\u00e3o recolhidas<\/p><p><ul><li>Um nome e apelido<\/li><li>Nome da conta ou apelido<\/li><li>Uma casa ou outro endere\u00e7o f\u00edsico, incluindo nome de rua e nome da cidade<\/li><li>Um endere\u00e7o de e-mail<\/li><li>Um n\u00famero de telefone<\/li><li>Endere\u00e7o IP<\/li><li>Informa\u00e7\u00f5es sobre atividades na internet, incluindo, mas n\u00e3o se limitando a, hist\u00f3rico de navega\u00e7\u00e3o, hist\u00f3rico de pesquisa e informa\u00e7\u00f5es sobre a intera\u00e7\u00e3o de um consumidor com um site, aplicativo ou an\u00fancio na internet<\/li><li>Dados de geolocaliza\u00e7\u00e3o<\/li><\/ul><\/p><p class=\"cmplz-subtitle\">Per\u00edodo de reten\u00e7\u00e3o<\/p><p>Ap\u00f3s o encerramento do servi\u00e7o, retemos esses dados pelo seguinte per\u00edodo: Retidos indefinidamente, a menos que a pessoa solicite a remo\u00e7\u00e3o da sua conta e dados pessoais.<\/p><\/details><h2>2. Partilhar com outras partes<\/h2><p>Apenas partilhamos ou divulgamos esses dados com outros destinat\u00e1rios para os seguintes fins:<\/p><h2>3. Pr\u00e1ticas de divulga\u00e7\u00e3o<\/h2><p><p>Divulgamos informa\u00e7\u00f5es pessoais se formos obrigados por lei ou por ordem judicial, em resposta a uma ag\u00eancia de aplica\u00e7\u00e3o da lei, na medida permitida por outras disposi\u00e7\u00f5es da lei, para fornecer informa\u00e7\u00f5es ou para uma investiga\u00e7\u00e3o sobre um assunto relacionado \u00e0 seguran\u00e7a p\u00fablica.<\/p><p>Se o nosso site ou organiza\u00e7\u00e3o for adquirido, vendido ou estiver envolvido numa fus\u00e3o ou aquisi\u00e7\u00e3o, os seus dados poder\u00e3o ser divulgados aos nossos consultores e a quaisquer potenciais compradores e ser\u00e3o repassados aos novos propriet\u00e1rios.<\/p><\/p><h2>4. Como tratamos as solicita\u00e7\u00f5es de N\u00e3o Rastrear &amp; Controlo de Privacidade Global<\/h2><p>O nosso site n\u00e3o responde e n\u00e3o oferece suporte ao campo de requisi\u00e7\u00e3o de cabe\u00e7alho N\u00e3o Rastrear (DNT).<\/p><h2>5. Biscoitos<\/h2><p>O nosso site utiliza cookies. Para obter mais informa\u00e7\u00f5es sobre cookies, consulte a nossa Pol\u00edtica de Cookies na nossa p\u00e1gina da web <a href=\"https:\/\/www.fooevents.com\/pt\/cookie-policy-ca\/\">Pol\u00edtica de cookies (CA)<\/a>.&nbsp;<\/p><p>Conclu\u00edmos um Acordo de Processamento de dados com o Google.<\/p><p>O Google n\u00e3o pode utilizar os dados para nenhum outro servi\u00e7o do Google.<\/p><p>A inclus\u00e3o de endere\u00e7os IP completos \u00e9 bloqueada por n\u00f3s.<\/p><h2>6. Seguran\u00e7a<\/h2><p>Estamos comprometidos com a seguran\u00e7a dos dados pessoais. Tomamos medidas de seguran\u00e7a adequadas para limitar o abuso e o acesso n\u00e3o autorizado aos dados pessoais. Isso garante que apenas as pessoas necess\u00e1rias tenham acesso aos seus dados, que o acesso aos dados seja protegido e que as nossas medidas de seguran\u00e7a sejam revistas regularmente.<\/p><p>As medidas de seguran\u00e7a que utilizamos consistem em:<\/p><p><ul><li>Seguran\u00e7a do in\u00edcio de sess\u00e3o<\/li><li>DKIM, SPF, DMARC e outras defini\u00e7\u00f5es espec\u00edficas de DNS<\/li><li>encripta\u00e7\u00e3o (START)TLS \/ SSL \/ DANE<\/li><li>HTTP Strict Transport Security e cabe\u00e7alhos de seguran\u00e7a relacionados e pol\u00edticas do navegador<\/li><li>Carater\u00edsticas de seguran\u00e7a\/resist\u00eancia do s\u00edtio Web<\/li><li>Dete\u00e7\u00e3o de vulnerabilidades<\/li><\/ul><\/p><h2>7. Sites de terceiros<\/h2><p>Esta declara\u00e7\u00e3o de privacidade n\u00e3o se aplica a sites de terceiros ligados por links do nosso site. N\u00e3o podemos garantir que esses terceiros manuseiem os seus dados pessoais de forma confi\u00e1vel ou segura. Recomendamos que leia as declara\u00e7\u00f5es de privacidade desses sites antes de fazer uso deles.<\/p><h2>8. Altera\u00e7\u00f5es a esta declara\u00e7\u00e3o de privacidade<\/h2><p>Reservamo-nos o direito de fazer altera\u00e7\u00f5es a esta declara\u00e7\u00e3o de privacidade. \u00c9 recomend\u00e1vel que consulte esta declara\u00e7\u00e3o de privacidade regularmente, a fim de estar ciente de quaisquer altera\u00e7\u00f5es. Al\u00e9m disso, iremos inform\u00e1-lo ativamente sempre que poss\u00edvel.<\/p><h2>9. Acedendo e modificando os seus dados<\/h2><p>Se tiver alguma d\u00favida ou quiser saber quais os dados pessoais que temos sobre si, entre em contacto connosco. Certifique-se de sempre declarar claramente quem \u00e9, para que possamos ter certeza de que n\u00e3o modificaremos ou excluiremos quaisquer dados da pessoa errada. Forneceremos as informa\u00e7\u00f5es solicitadas somente ap\u00f3s o recebimento de um pedido verific\u00e1vel do consumidor. Pode nos contactar usando as informa\u00e7\u00f5es abaixo.<\/p><p class=\"cmplz-subtitle\">9.1 Tem os seguintes direitos em rela\u00e7\u00e3o aos seus dados pessoais<\/p><ol class=\"alphabetic\">\n                        <li>Pode enviar uma solicita\u00e7\u00e3o de acesso aos dados que processamos sobre si.<\/li>\n                        <li>Pode solicitar uma vis\u00e3o geral, num formato habitualmente usado, dos dados que processamos sobre si.<\/li>\n                        <li>Pode solicitar a corre\u00e7\u00e3o ou exclus\u00e3o dos dados se estiverem incorretos ou n\u00e3o ou se j\u00e1 n\u00e3o forem relevantes. Se for caso disso, as informa\u00e7\u00f5es alteradas ser\u00e3o transmitidas a terceiros com acesso \u00e0s informa\u00e7\u00f5es em quest\u00e3o.<\/li>\n                        <li>Tem o direito de retirar o consentimento a qualquer momento, sujeito a restri\u00e7\u00f5es legais ou contratuais e aviso razo\u00e1vel. Ser\u00e1 informado das implica\u00e7\u00f5es de tal retirada.<\/li>\n                        <li>Tem o direito de encaminhar uma reclama\u00e7\u00e3o relativa ao n\u00e3o cumprimento do PIPEDA \u00e0 nossa organiza\u00e7\u00e3o e, se o problema n\u00e3o for resolvido, ao Office of the Privacy Commissioner do Canad\u00e1.<\/li>\n                        <li>Daremos acesso \u00e0s informa\u00e7\u00f5es pessoais em um formato alternativo a um indiv\u00edduo com defici\u00eancia sensorial que tenha direito de acesso \u00e0s informa\u00e7\u00f5es pessoais nos termos do PIPEDA e que solicite que sejam transmitidas no formato alternativo se (a) uma vers\u00e3o das informa\u00e7\u00f5es j\u00e1 existe nesse formato; ou (b) a sua convers\u00e3o nesse formato for razo\u00e1vel e necess\u00e1ria para que o indiv\u00edduo possa exercer os seus direitos.<\/li>\n                      <\/ol><h2>10. Crian\u00e7as<\/h2><p>O nosso site n\u00e3o foi projetado para atrair crian\u00e7as e n\u00e3o \u00e9 nossa inten\u00e7\u00e3o recolher dados pessoais de crian\u00e7as menores de idade no seu pa\u00eds de resid\u00eancia. Portanto, solicitamos que as crian\u00e7as menores de idade n\u00e3o nos enviem quaisquer dados pessoais.<\/p><h2>11. Detalhes do contacto<\/h2><p>Grenade Technologies, Inc<br \/>\n        301-3450 Uptown Boulevard<br \/>\nVictoria BC V8Z 0B9<br \/>\n        Canad\u00e1<br \/>\n        Local na rede Internet: <a href=\"https:\/\/www.fooevents.com\/pt\">https:\/\/www.fooevents.com\/pt<\/a> <br \/>\n        Correio eletr\u00f3nico: <span class=\"cmplz-obfuscate\">privacidade@<span class=\"cmplz-fmail-domain\">ex.com<\/span>&#102;o&#111;ev&#101;nts.com<\/span> <br \/>\n        <br \/>\n        <\/p><p>Nomeamos uma pessoa de contacto para as pol\u00edticas e pr\u00e1ticas da organiza\u00e7\u00e3o e para quem as reclama\u00e7\u00f5es ou consultas podem ser encaminhadas:<br \/>Att: Respons\u00e1vel pela privacidade<br \/>301-3450 Uptown Boulevard<br \/>\nVictoria BC V8Z 0B9<br \/>\nCanad\u00e1<\/p><\/div>","protected":false},"excerpt":{"rendered":"","protected":false},"author":2,"featured_media":0,"parent":0,"menu_order":0,"comment_status":"closed","ping_status":"closed","template":"","meta":{"site-sidebar-layout":"default","site-content-layout":"","ast-site-content-layout":"default","site-content-style":"default","site-sidebar-style":"default","ast-global-header-display":"","ast-banner-title-visibility":"","ast-main-header-display":"","ast-hfb-above-header-display":"","ast-hfb-below-header-display":"","ast-hfb-mobile-header-display":"","site-post-title":"","ast-breadcrumbs-content":"","ast-featured-img":"","footer-sml-layout":"","ast-disable-related-posts":"","theme-transparent-header-meta":"","adv-header-id-meta":"","stick-header-meta":"","header-above-stick-meta":"","header-main-stick-meta":"","header-below-stick-meta":"","astra-migrate-meta-layouts":"default","ast-page-background-enabled":"default","ast-page-background-meta":{"desktop":{"background-color":"var(--ast-global-color-4)","background-image":"","background-repeat":"repeat","background-position":"center center","background-size":"auto","background-attachment":"scroll","background-type":"","background-media":"","overlay-type":"","overlay-color":"","overlay-opacity":"","overlay-gradient":""},"tablet":{"background-color":"","background-image":"","background-repeat":"repeat","background-position":"center center","background-size":"auto","background-attachment":"scroll","background-type":"","background-media":"","overlay-type":"","overlay-color":"","overlay-opacity":"","overlay-gradient":""},"mobile":{"background-color":"","background-image":"","background-repeat":"repeat","background-position":"center center","background-size":"auto","background-attachment":"scroll","background-type":"","background-media":"","overlay-type":"","overlay-color":"","overlay-opacity":"","overlay-gradient":""}},"ast-content-background-meta":{"desktop":{"background-color":"var(--ast-global-color-5)","background-image":"","background-repeat":"repeat","background-position":"center center","background-size":"auto","background-attachment":"scroll","background-type":"","background-media":"","overlay-type":"","overlay-color":"","overlay-opacity":"","overlay-gradient":""},"tablet":{"background-color":"var(--ast-global-color-5)","background-image":"","background-repeat":"repeat","background-position":"center center","background-size":"auto","background-attachment":"scroll","background-type":"","background-media":"","overlay-type":"","overlay-color":"","overlay-opacity":"","overlay-gradient":""},"mobile":{"background-color":"var(--ast-global-color-5)","background-image":"","background-repeat":"repeat","background-position":"center center","background-size":"auto","background-attachment":"scroll","background-type":"","background-media":"","overlay-type":"","overlay-color":"","overlay-opacity":"","overlay-gradient":""}},"footnotes":""},"class_list":["post-188725","page","type-page","status-publish","hentry"],"_links":{"self":[{"href":"https:\/\/www.fooevents.com\/pt\/wp-json\/wp\/v2\/pages\/188725","targetHints":{"allow":["GET"]}}],"collection":[{"href":"https:\/\/www.fooevents.com\/pt\/wp-json\/wp\/v2\/pages"}],"about":[{"href":"https:\/\/www.fooevents.com\/pt\/wp-json\/wp\/v2\/types\/page"}],"author":[{"embeddable":true,"href":"https:\/\/www.fooevents.com\/pt\/wp-json\/wp\/v2\/users\/2"}],"replies":[{"embeddable":true,"href":"https:\/\/www.fooevents.com\/pt\/wp-json\/wp\/v2\/comments?post=188725"}],"version-history":[{"count":0,"href":"https:\/\/www.fooevents.com\/pt\/wp-json\/wp\/v2\/pages\/188725\/revisions"}],"wp:attachment":[{"href":"https:\/\/www.fooevents.com\/pt\/wp-json\/wp\/v2\/media?parent=188725"}],"curies":[{"name":"wp","href":"https:\/\/api.w.org\/{rel}","templated":true}]}}