{"id":23678,"date":"2018-05-25T12:24:47","date_gmt":"2018-05-25T18:24:47","guid":{"rendered":"https:\/\/www.fooevents.com\/?page_id=23678"},"modified":"2021-11-04T14:24:34","modified_gmt":"2021-11-04T20:24:34","slug":"privacidade","status":"publish","type":"page","link":"https:\/\/www.fooevents.com\/pt\/privacy\/","title":{"rendered":"Pol\u00edtica de privacidade"},"content":{"rendered":"<div data-elementor-type=\"wp-page\" data-elementor-id=\"23678\" class=\"elementor elementor-23678\" data-elementor-post-type=\"page\">\n\t\t\t\t\t\t<section class=\"elementor-section elementor-top-section elementor-element elementor-element-4c1ad695 elementor-section-full_width elementor-section-height-default elementor-section-height-default\" data-id=\"4c1ad695\" data-element_type=\"section\" data-e-type=\"section\">\n\t\t\t\t\t\t<div class=\"elementor-container elementor-column-gap-no\">\n\t\t\t\t\t<div class=\"elementor-column elementor-col-100 elementor-top-column elementor-element elementor-element-3fb2ee2\" data-id=\"3fb2ee2\" data-element_type=\"column\" data-e-type=\"column\">\n\t\t\t<div class=\"elementor-widget-wrap elementor-element-populated\">\n\t\t\t\t\t\t<div class=\"elementor-element elementor-element-b8e0f30 elementor-widget elementor-widget-text-editor\" data-id=\"b8e0f30\" data-element_type=\"widget\" data-e-type=\"widget\" data-widget_type=\"text-editor.default\">\n\t\t\t\t<div class=\"elementor-widget-container\">\n\t\t\t\t\t\t\t\t\t<p><em>\u00daltima atualiza\u00e7\u00e3o: 8 de abril de 2019<\/em><\/p>\n<h3><a name=\"who_we_are\"><\/a><br>1. QUEM SOMOS<\/h3>\n<p>O FooEvents \u00e9 um produto propriedade da Grenade Technologies (Pty) Ltd. que est\u00e1 registada na Rep\u00fablica da \u00c1frica do Sul (Reg. n.\u00ba 2012\/051365\/07).<\/p>\n<p>O endere\u00e7o do nosso s\u00edtio Web \u00e9: <a href=\"https:\/\/www.fooevents.com\/pt\/\">https:\/\/www.fooevents.com<\/a><\/p>\n<p>Para quaisquer quest\u00f5es relativas \u00e0 nossa pol\u00edtica de privacidade ou para pedidos de direito de acesso, pode enviar uma mensagem de correio eletr\u00f3nico para: privacy (at) fooevents.com<\/p>\n<h3><a name=\"personal_data_collection\"><\/a><br>2. QUE DADOS PESSOAIS RECOLHEMOS E PORQUE OS RECOLHEMOS<\/h3>\n<p>FooEvents segue os seguintes princ\u00edpios para proteger a sua privacidade:<br>- N\u00e3o recolhemos mais informa\u00e7\u00f5es do que as necess\u00e1rias;<br>- N\u00e3o utilizamos os dados do utilizador para outros fins que n\u00e3o os especificados;<br>- N\u00e3o conservamos os seus dados se j\u00e1 n\u00e3o forem necess\u00e1rios;<br>- N\u00e3o divulgamos os seus dados a terceiros sem o seu consentimento.<\/p>\n<p>Se tiver alguma d\u00favida sobre a nossa Pol\u00edtica de Privacidade ou se n\u00e3o concordar com a mesma, contacte-nos antes de utilizar este s\u00edtio Web. A nossa pol\u00edtica pode ser alterada periodicamente, pelo que o utilizador deve consultar esta p\u00e1gina com frequ\u00eancia para se certificar de que tem conhecimento de quaisquer altera\u00e7\u00f5es que tenham sido efectuadas.<\/p>\n<h3><a name=\"comments\"><\/a><br>3. COMENT\u00c1RIOS<\/h3>\n<p>Quando os visitantes deixam coment\u00e1rios no s\u00edtio, recolhemos os dados apresentados no formul\u00e1rio de coment\u00e1rios, bem como o endere\u00e7o IP do visitante e a cadeia de agentes do utilizador do navegador para ajudar a detetar spam.<\/p>\n<p>Uma cadeia de caracteres an\u00f3nima criada a partir do seu endere\u00e7o de e-mail (tamb\u00e9m designada por hash) pode ser fornecida ao servi\u00e7o Gravatar para verificar se o est\u00e1 a utilizar. A pol\u00edtica de privacidade do servi\u00e7o Gravatar est\u00e1 dispon\u00edvel aqui: <a href=\"https:\/\/automattic.com\/privacy\/\" rel=\"nofollow noopener\" target=\"_blank\">https:\/\/automattic.com\/privacy\/<\/a><\/p>\n<p>Ap\u00f3s a aprova\u00e7\u00e3o do seu coment\u00e1rio, a sua fotografia de perfil fica vis\u00edvel para o p\u00fablico no contexto do seu coment\u00e1rio.<\/p>\n<h3><a name=\"media\"><\/a><br>4. MEDIA<\/h3>\n<p>Se o utilizador carregar imagens para o s\u00edtio Web, deve evitar carregar imagens com dados de localiza\u00e7\u00e3o incorporados (EXIF GPS). Os visitantes do s\u00edtio Web podem descarregar e extrair quaisquer dados de localiza\u00e7\u00e3o das imagens no s\u00edtio Web.<\/p>\n<h3><a name=\"contact_forms\"><\/a><br>5. FORMUL\u00c1RIOS DE CONTACTO<\/h3>\n<p>Utilizamos formul\u00e1rios de contacto neste s\u00edtio Web para permitir que os clientes e visitantes se inscrevam em listas de correio, respondam a inqu\u00e9ritos, enviem pedidos de apoio e entrem em contacto connosco.<\/p>\n<p>Para fins de servi\u00e7o ao cliente e de governa\u00e7\u00e3o empresarial, arquivamos indefinidamente na base de dados do nosso s\u00edtio Web as seguintes informa\u00e7\u00f5es pessoais que s\u00e3o enviadas atrav\u00e9s de qualquer formul\u00e1rio de contacto: o seu nome completo, endere\u00e7o de correio eletr\u00f3nico e endere\u00e7o IP.<\/p>\n<p>O FooEvents n\u00e3o alugar\u00e1 ou vender\u00e1 informa\u00e7\u00f5es de identifica\u00e7\u00e3o pessoal a ningu\u00e9m. Al\u00e9m de seus funcion\u00e1rios e contratados, conforme descrito acima, o FooEvents divulga informa\u00e7\u00f5es de identifica\u00e7\u00e3o pessoal e de identifica\u00e7\u00e3o pessoal apenas em resposta a uma intima\u00e7\u00e3o, ordem judicial ou outra solicita\u00e7\u00e3o governamental, ou quando o FooEvents acredita de boa f\u00e9 que a divulga\u00e7\u00e3o \u00e9 razoavelmente necess\u00e1ria para proteger a propriedade ou os direitos do FooEvents, de terceiros ou do p\u00fablico em geral.<\/p>\n<p>Se for cliente do FooEvents e tiver optado por receber not\u00edcias e actualiza\u00e7\u00f5es da nossa parte, o FooEvents poder\u00e1 ocasionalmente enviar-lhe um e-mail para o informar sobre novas funcionalidades, solicitar o seu feedback, ou simplesmente mant\u00ea-lo atualizado sobre o que se passa com o FooEvents e os nossos produtos. Se nos enviar um pedido (por exemplo, atrav\u00e9s de um e-mail de apoio ou atrav\u00e9s de um dos nossos mecanismos de feedback), reservamo-nos o direito de o publicar para nos ajudar a esclarecer ou responder ao seu pedido ou para nos ajudar a apoiar outros utilizadores.<\/p>\n<p>O FooEvents toma todas as medidas razoavelmente necess\u00e1rias para proteger contra o acesso n\u00e3o autorizado, uso, altera\u00e7\u00e3o ou destrui\u00e7\u00e3o de informa\u00e7\u00f5es de identifica\u00e7\u00e3o pessoal e de identifica\u00e7\u00e3o pessoal.<\/p>\n<p>Como parte das nossas medidas de seguran\u00e7a, implement\u00e1mos HTTPS em todo o s\u00edtio Web e encriptamos o fluxo de dados entre o browser do cliente e o servidor Web.<\/p>\n<h3><a name=\"cookies\"><\/a><br>6. COOKIES<\/h3>\n<p>Para melhorar a sua experi\u00eancia no nosso s\u00edtio, utilizamos \"cookies\". Os cookies s\u00e3o um padr\u00e3o da ind\u00fastria e a maioria dos principais s\u00edtios Web utilizam-nos. Um cookie \u00e9 um pequeno ficheiro de texto que o nosso s\u00edtio coloca no seu computador como uma ferramenta para recordar as suas prefer\u00eancias. Pode recusar a utiliza\u00e7\u00e3o de cookies seleccionando as defini\u00e7\u00f5es apropriadas no seu browser. No entanto, tenha em aten\u00e7\u00e3o que, se o fizer, poder\u00e1 n\u00e3o conseguir utilizar todas as funcionalidades deste s\u00edtio Web.<\/p>\n<p>Utilizamos cookies do Google Analytics (descritos em pormenor na <a href=\"#analytics\">Anal\u00edtica<\/a> sec\u00e7\u00e3o) e o p\u00edxel do Facebook. O pixel do Facebook \u00e9 uma ferramenta de an\u00e1lise que nos permite medir a efic\u00e1cia da nossa publicidade, compreendendo as ac\u00e7\u00f5es que as pessoas realizam neste s\u00edtio Web. Os detalhes t\u00e9cnicos sobre o funcionamento do pixel do Facebook e os dados que recolhe podem ser consultados na Pol\u00edtica de Cookies do Facebook: <a href=\"https:\/\/www.facebook.com\/policies\/cookies\/\" target=\"_blank\" rel=\"noopener\">https:\/\/www.facebook.com\/policies\/cookies\/<\/a><\/p>\n<p>Se deixar um coment\u00e1rio no nosso site, pode optar por guardar o seu nome, endere\u00e7o de correio eletr\u00f3nico e s\u00edtio Web nos cookies. Estes cookies s\u00e3o para sua conveni\u00eancia, para que n\u00e3o tenha de preencher os seus dados novamente quando deixar outro coment\u00e1rio. Estes cookies ter\u00e3o a dura\u00e7\u00e3o de um ano.<\/p>\n<p>Se tiver uma conta e iniciar sess\u00e3o neste s\u00edtio, definiremos um cookie tempor\u00e1rio para determinar se o seu navegador aceita cookies. Este cookie n\u00e3o cont\u00e9m dados pessoais e \u00e9 eliminado quando o utilizador fecha o seu browser.<\/p>\n<p>Quando iniciar sess\u00e3o, tamb\u00e9m configuraremos v\u00e1rios cookies para guardar as suas informa\u00e7\u00f5es de in\u00edcio de sess\u00e3o e as suas op\u00e7\u00f5es de visualiza\u00e7\u00e3o do ecr\u00e3. Os cookies de in\u00edcio de sess\u00e3o duram dois dias e os cookies de op\u00e7\u00f5es de ecr\u00e3 duram um ano. Se selecionar \"Lembrar-me\", o seu in\u00edcio de sess\u00e3o persistir\u00e1 durante duas semanas. Se terminar a sess\u00e3o na sua conta, os cookies de in\u00edcio de sess\u00e3o ser\u00e3o removidos.<\/p>\n<p>Se editar ou publicar um artigo, ser\u00e1 guardado um cookie adicional no seu browser. Este cookie n\u00e3o inclui dados pessoais e indica simplesmente o ID de publica\u00e7\u00e3o do artigo que acabou de editar. Expira ao fim de 1 dia.<\/p>\n<h3><a name=\"embedded_content\"><\/a><br>7. CONTE\u00daDO INCORPORADO DE OUTROS S\u00cdTIOS WEB<\/h3>\n<p>Os artigos deste s\u00edtio podem incluir conte\u00fados incorporados (por exemplo, v\u00eddeos, imagens, artigos, etc.). O conte\u00fado incorporado de outros s\u00edtios Web comporta-se exatamente da mesma forma como se o visitante tivesse visitado o outro s\u00edtio Web.<\/p>\n<p>Estes s\u00edtios Web podem recolher dados sobre o utilizador, utilizar cookies, incorporar rastreio adicional de terceiros e monitorizar a sua intera\u00e7\u00e3o com esse conte\u00fado incorporado, incluindo o rastreio da sua intera\u00e7\u00e3o com o conte\u00fado incorporado se tiver uma conta e estiver ligado a esse s\u00edtio Web.<\/p>\n<h3><a name=\"analytics\"><\/a><br>8. ANAL\u00cdTICA<\/h3>\n<p>O nosso s\u00edtio Web utiliza o Google Analytics, um servi\u00e7o que transmite os dados do s\u00edtio Web aos servidores da Google nos Estados Unidos. O Google Analytics n\u00e3o identifica utilizadores individuais nem associa o seu endere\u00e7o IP a quaisquer outros dados detidos pela Google. Utilizamos os relat\u00f3rios fornecidos pelo Google Analytics para nos ajudar a compreender o tr\u00e1fego do s\u00edtio Web e a utiliza\u00e7\u00e3o da p\u00e1gina Web.<\/p>\n<p>Pode aceder \u00e0 Pol\u00edtica de privacidade da Google aqui: <a href=\"https:\/\/policies.google.com\/privacy\" rel=\"nofollow noopener\" target=\"_blank\">https:\/\/policies.google.com\/privacy<\/a><\/p>\n<p>Leia mais sobre a forma como a Google utiliza as informa\u00e7\u00f5es de sites e aplica\u00e7\u00f5es que utilizam o seu servi\u00e7o aqui:&nbsp;<a href=\"https:\/\/policies.google.com\/technologies\/partner-sites\" rel=\"nofollow noopener\" target=\"_blank\">https:\/\/policies.google.com\/technologies\/partner-sites<\/a><\/p>\n<p>Uma lista de todos os cookies que o Google Analytics utiliza, juntamente com uma explica\u00e7\u00e3o de cada cookie, pode ser encontrada aqui: <a href=\"https:\/\/developers.google.com\/analytics\/devguides\/collection\/analyticsjs\/cookie-usage\" rel=\"nofollow noopener\" target=\"_blank\">https:\/\/developers.google.com\/analytics\/devguides\/collection\/analyticsjs\/cookie-usage<\/a><\/p>\n<p>Utilizamos o plugin Enhanced E-commerce for WooCommerce store da Tatvic para incorporar a funcionalidade avan\u00e7ada de com\u00e9rcio eletr\u00f3nico do Google Analytics neste s\u00edtio Web. Pode aceder \u00e0 Pol\u00edtica de Privacidade do plugin da Tatvic aqui: <a href=\"https:\/\/www.tatvic.com\/privacy-policy\/?ref=plugin_policy&amp;utm_source=plugin_backend&amp;utm_medium=woocommerce_free_plugin&amp;utm_campaign=GDPR_complaince_ecomm_plugins\" rel=\"nofollow noopener\" target=\"_blank\">https:\/\/www.tatvic.com\/privacy-policy\/?ref=plugin_policy&amp;utm_source=plugin_backend&amp;utm_medium=woocommerce_free_plugin&amp;utm_campaign=GDPR_complaince_ecomm_plugins<\/a><\/p>\n<p>Activ\u00e1mos a funcionalidade opcional de anonimiza\u00e7\u00e3o do IP e de exclus\u00e3o do Google Analytics neste plug-in para estarmos em conformidade com o Regulamento Geral sobre a Prote\u00e7\u00e3o de Dados (RGPD) europeu.<\/p>\n<p>Tamb\u00e9m pode instalar o Google Analytics Opt-out Browser Add-on para impedir completamente que os seus dados sejam registados no Google Analytics: <a href=\"https:\/\/tools.google.com\/dlpage\/gaoptout\/\" rel=\"nofollow noopener\" target=\"_blank\">https:\/\/tools.google.com\/dlpage\/gaoptout\/<\/a><\/p>\n<h3><a name=\"what_we_collect\"><\/a><br>9. O QUE RECOLHEMOS E ARMAZENAMOS<\/h3>\n<p>Durante a sua visita ao nosso s\u00edtio, iremos registar:<br>- Produtos que visualizou: utilizamos este dado para, por exemplo, lhe mostrar produtos que visualizou recentemente e para fazer recomenda\u00e7\u00f5es<br>- Localiza\u00e7\u00e3o, endere\u00e7o IP e tipo de browser: utilizamos estes dados para efeitos de estimativa de impostos e expedi\u00e7\u00e3o<\/p>\n<p>Tamb\u00e9m utilizamos cookies para acompanhar o conte\u00fado dos carrinhos enquanto navega no nosso site.<\/p>\n<p>Quando nos compra, pedimos-lhe que forne\u00e7a informa\u00e7\u00f5es, incluindo o seu nome, endere\u00e7o de fatura\u00e7\u00e3o, endere\u00e7o de envio, endere\u00e7o de correio eletr\u00f3nico, n\u00famero de telefone, dados do cart\u00e3o de cr\u00e9dito\/pagamento e informa\u00e7\u00f5es opcionais sobre a conta, como o nome de utilizador e a palavra-passe. Utilizaremos estas informa\u00e7\u00f5es para fins como, por exemplo, para:<br>- Enviar-lhe informa\u00e7\u00f5es sobre a sua conta e encomenda<br>- Responder aos seus pedidos, incluindo reembolsos e reclama\u00e7\u00f5es<br>- Processar pagamentos e evitar fraudes<br>- Criar a sua conta na nossa loja<br>- Cumprir com quaisquer obriga\u00e7\u00f5es legais que tenhamos, como o c\u00e1lculo de impostos<br>- Melhorar a nossa oferta de lojas<br>- Enviar-lhe mensagens de marketing, se o utilizador optar por receb\u00ea-las<\/p>\n<p>Se criar uma conta, armazenaremos o seu nome, endere\u00e7o, e-mail e n\u00famero de telefone, que ser\u00e3o utilizados para preencher o checkout para futuras encomendas.<\/p>\n<p>Geralmente, guardamos as informa\u00e7\u00f5es sobre o utilizador durante o tempo necess\u00e1rio para os fins para os quais as recolhemos e utilizamos, e n\u00e3o somos legalmente obrigados a continuar a guard\u00e1-las.<\/p>\n<h3><a name=\"data_retention\"><\/a><br>10. DURANTE QUANTO TEMPO CONSERVAMOS OS SEUS DADOS<\/h3>\n<p>Para os utilizadores que se registam no nosso s\u00edtio Web, tamb\u00e9m guardamos as informa\u00e7\u00f5es pessoais que fornecem no seu perfil de utilizador. Todos os utilizadores podem ver, editar ou eliminar as suas informa\u00e7\u00f5es pessoais em qualquer altura (exceto que n\u00e3o podem alterar o seu nome de utilizador). Os administradores do s\u00edtio Web tamb\u00e9m podem ver e editar essas informa\u00e7\u00f5es.<\/p>\n<p>Atualmente, conservamos os dados pessoais relativos \u00e0s encomendas efectuadas neste s\u00edtio Web durante o seguinte per\u00edodo de tempo<br>- Contas inactivas: 3 meses<br>- Encomendas pendentes: 3 meses<br>- Encomendas falhadas: 3 meses<br>- Encomendas canceladas: 3 meses<br>- Encomendas conclu\u00eddas: Indefinidamente<\/p>\n<p>Se deixar um coment\u00e1rio, o coment\u00e1rio e os seus metadados s\u00e3o mantidos indefinidamente. Isto \u00e9 para que possamos reconhecer e aprovar automaticamente quaisquer coment\u00e1rios subsequentes, em vez de os mantermos numa fila de modera\u00e7\u00e3o.<\/p>\n<h3><a name=\"send_data\"><\/a><br>11. PARA ONDE ENVIAMOS OS SEUS DADOS<\/h3>\n<p>Partilhamos informa\u00e7\u00f5es com os seguintes terceiros que nos ajudam a fornecer as nossas encomendas e servi\u00e7os de loja ao utilizador:<\/p>\n<p>Utilizamos um servi\u00e7o baseado na nuvem chamado MailChimp para enviar e-mails promocionais e actualiza\u00e7\u00f5es de produtos aos clientes que optaram por aderir \u00e0 nossa lista de correio. As informa\u00e7\u00f5es pessoais, incluindo o nome completo, o endere\u00e7o de correio eletr\u00f3nico, o pa\u00eds e o montante de receitas gastas connosco, s\u00e3o armazenadas na nossa lista do MailChimp. A Pol\u00edtica de Privacidade do MailChimp pode ser consultada aqui: <a href=\"https:\/\/mailchimp.com\/legal\/privacy\/\" target=\"_blank\" rel=\"noopener\">https:\/\/mailchimp.com\/legal\/privacy\/<\/a><\/p>\n<p>Utilizamos um servi\u00e7o baseado na nuvem chamado Freshdesk como nosso sistema de contacto e apoio. As informa\u00e7\u00f5es pessoais, incluindo o nome completo, o endere\u00e7o de correio eletr\u00f3nico, o n\u00famero de encomenda e o corpo da mensagem, s\u00e3o transmitidas ao sistema Freshdesk sempre que um cliente ou utilizador nos envia uma pergunta de apoio ou uma mensagem de correio eletr\u00f3nico geral. A Pol\u00edtica de Privacidade do Freshdesk pode ser consultada aqui: <a href=\"https:\/\/www.freshworks.com\/privacy\/\" rel=\"nofollow noopener\" target=\"_blank\">https:\/\/www.freshworks.com\/privacy\/<\/a><\/p>\n<p>Os coment\u00e1rios dos visitantes podem ser verificados atrav\u00e9s de um servi\u00e7o autom\u00e1tico de dete\u00e7\u00e3o de spam denominado Akismet, fornecido pela Automattic. A pol\u00edtica de privacidade da Automattic pode ser consultada aqui: <a href=\"https:\/\/automattic.com\/privacy\/\" rel=\"nofollow noopener\" target=\"_blank\">https:\/\/automattic.com\/privacy\/<\/a><\/p>\n<h3><a name=\"data_rights\"><\/a><br>12. QUE DIREITOS TEM SOBRE OS SEUS DADOS<\/h3>\n<p>Se tiver uma conta neste s\u00edtio ou tiver deixado coment\u00e1rios, pode pedir para receber um ficheiro exportado dos dados pessoais que temos sobre si, incluindo quaisquer dados que nos tenha fornecido. Tamb\u00e9m pode solicitar que apaguemos quaisquer dados pessoais que tenhamos sobre si. Isto n\u00e3o inclui quaisquer dados que sejamos obrigados a manter para fins administrativos, legais ou de seguran\u00e7a.<\/p>\n<h3><a name=\"data_access\"><\/a><br>13. QUEM NA NOSSA EQUIPA TEM ACESSO<\/h3>\n<p>Restringimos o acesso \u00e0s informa\u00e7\u00f5es que nos fornece ao menor n\u00famero poss\u00edvel de pessoas. Atualmente, apenas os administradores e os membros superiores da equipa podem aceder:<br>- Informa\u00e7\u00f5es sobre a encomenda, como o que foi comprado e quando foi comprado, e<br>- Informa\u00e7\u00f5es do cliente, como o seu nome, endere\u00e7o de correio eletr\u00f3nico e informa\u00e7\u00f5es de fatura\u00e7\u00e3o.<\/p>\n<p>Estas pessoas necessitam de aceder a estas informa\u00e7\u00f5es para ajudar a satisfazer encomendas, processar reembolsos e prestar apoio.<\/p>\n<h3><a name=\"payments\"><\/a><br>14. PAGAMENTOS<\/h3>\n<p>Aceitamos pagamentos atrav\u00e9s do PayPal. Ao processar os pagamentos, alguns dos seus dados ser\u00e3o transmitidos ao PayPal, incluindo as informa\u00e7\u00f5es necess\u00e1rias para processar ou suportar o pagamento, como o total da compra e as informa\u00e7\u00f5es de fatura\u00e7\u00e3o.<\/p>\n<p>Para mais informa\u00e7\u00f5es, consulte a Pol\u00edtica de privacidade do PayPal: <a href=\"https:\/\/www.paypal.com\/us\/webapps\/mpp\/ua\/privacy-full\" rel=\"nofollow noopener\" target=\"_blank\">https:\/\/www.paypal.com\/us\/webapps\/mpp\/ua\/privacy-full<\/a><\/p>\t\t\t\t\t\t\t\t<\/div>\n\t\t\t\t<\/div>\n\t\t\t\t\t<\/div>\n\t\t<\/div>\n\t\t\t\t\t<\/div>\n\t\t<\/section>\n\t\t\t\t<\/div>","protected":false},"excerpt":{"rendered":"<p>Last Updated: 8 April 2019 1. WHO WE ARE FooEvents is a product owned by Grenade Technologies (Pty) Ltd. which is registered in the Republic of South Africa (Reg. No. 2012\/051365\/07). Our website address is: https:\/\/www.fooevents.com For any questions regarding our privacy policy or for Right of Access Requests you can send an email to: [&hellip;]<\/p>\n","protected":false},"author":2,"featured_media":0,"parent":0,"menu_order":90,"comment_status":"closed","ping_status":"closed","template":"elementor_theme","meta":{"site-sidebar-layout":"no-sidebar","site-content-layout":"default","ast-site-content-layout":"default","site-content-style":"default","site-sidebar-style":"default","ast-global-header-display":"","ast-banner-title-visibility":"","ast-main-header-display":"","ast-hfb-above-header-display":"","ast-hfb-below-header-display":"","ast-hfb-mobile-header-display":"","site-post-title":"","ast-breadcrumbs-content":"","ast-featured-img":"","footer-sml-layout":"","ast-disable-related-posts":"","theme-transparent-header-meta":"default","adv-header-id-meta":"","stick-header-meta":"default","header-above-stick-meta":"","header-main-stick-meta":"","header-below-stick-meta":"","astra-migrate-meta-layouts":"default","ast-page-background-enabled":"default","ast-page-background-meta":{"desktop":{"background-color":"var(--ast-global-color-4)","background-image":"","background-repeat":"repeat","background-position":"center center","background-size":"auto","background-attachment":"scroll","background-type":"","background-media":"","overlay-type":"","overlay-color":"","overlay-opacity":"","overlay-gradient":""},"tablet":{"background-color":"","background-image":"","background-repeat":"repeat","background-position":"center center","background-size":"auto","background-attachment":"scroll","background-type":"","background-media":"","overlay-type":"","overlay-color":"","overlay-opacity":"","overlay-gradient":""},"mobile":{"background-color":"","background-image":"","background-repeat":"repeat","background-position":"center center","background-size":"auto","background-attachment":"scroll","background-type":"","background-media":"","overlay-type":"","overlay-color":"","overlay-opacity":"","overlay-gradient":""}},"ast-content-background-meta":{"desktop":{"background-color":"var(--ast-global-color-5)","background-image":"","background-repeat":"repeat","background-position":"center center","background-size":"auto","background-attachment":"scroll","background-type":"","background-media":"","overlay-type":"","overlay-color":"","overlay-opacity":"","overlay-gradient":""},"tablet":{"background-color":"var(--ast-global-color-5)","background-image":"","background-repeat":"repeat","background-position":"center center","background-size":"auto","background-attachment":"scroll","background-type":"","background-media":"","overlay-type":"","overlay-color":"","overlay-opacity":"","overlay-gradient":""},"mobile":{"background-color":"var(--ast-global-color-5)","background-image":"","background-repeat":"repeat","background-position":"center center","background-size":"auto","background-attachment":"scroll","background-type":"","background-media":"","overlay-type":"","overlay-color":"","overlay-opacity":"","overlay-gradient":""}},"footnotes":""},"class_list":["post-23678","page","type-page","status-publish","hentry"],"_links":{"self":[{"href":"https:\/\/www.fooevents.com\/pt\/wp-json\/wp\/v2\/pages\/23678","targetHints":{"allow":["GET"]}}],"collection":[{"href":"https:\/\/www.fooevents.com\/pt\/wp-json\/wp\/v2\/pages"}],"about":[{"href":"https:\/\/www.fooevents.com\/pt\/wp-json\/wp\/v2\/types\/page"}],"author":[{"embeddable":true,"href":"https:\/\/www.fooevents.com\/pt\/wp-json\/wp\/v2\/users\/2"}],"replies":[{"embeddable":true,"href":"https:\/\/www.fooevents.com\/pt\/wp-json\/wp\/v2\/comments?post=23678"}],"version-history":[{"count":0,"href":"https:\/\/www.fooevents.com\/pt\/wp-json\/wp\/v2\/pages\/23678\/revisions"}],"wp:attachment":[{"href":"https:\/\/www.fooevents.com\/pt\/wp-json\/wp\/v2\/media?parent=23678"}],"curies":[{"name":"wp","href":"https:\/\/api.w.org\/{rel}","templated":true}]}}