{"id":1100,"date":"2016-08-11T08:46:02","date_gmt":"2016-08-11T06:46:02","guid":{"rendered":"https:\/\/www.fooevents.com\/?post_type=product&#038;p=1100"},"modified":"2026-03-16T03:48:53","modified_gmt":"2026-03-16T10:48:53","slug":"fooevents-pdf-bilhetes-2","status":"publish","type":"product","link":"https:\/\/www.fooevents.com\/pt\/product\/fooevents-pdf-tickets\/","title":{"rendered":"FooEvents PDF Tickets (Licen\u00e7a: Individual)"},"content":{"rendered":"<p>O plugin FooEvents PDF Tickets \u00e9 uma extens\u00e3o do FooEvents para o WooCommerce que anexa os bilhetes como ficheiros PDF ao e-mail enviado ao participante ou comprador do bilhete. Existe a op\u00e7\u00e3o de escolher entre um ou v\u00e1rios bilhetes por p\u00e1gina.<\/p>\n<h3>Inclu\u00eddo na sua compra:<\/h3>\n<p>Plugin de bilhetes FooEvents PDF descarreg\u00e1vel,<br \/>\n12 meses de suporte premium,<br \/>\n12 meses de actualiza\u00e7\u00f5es de plugins,<br \/>\nDocumenta\u00e7\u00e3o de f\u00e1cil utiliza\u00e7\u00e3o.<\/p>\n<p><strong>NB: N\u00e3o inclui <a href=\"\/pt\/produto\/plugin-fooevents\/\">FooEvents para o plugin WooCommerce<\/a> (obrigat\u00f3rio)\u00a0<\/strong><\/p>","protected":false},"excerpt":{"rendered":"<p>1.2.9<br \/>\n-ACTUALIZADO: Biblioteca DomPDF<br \/>\n-FIXADO: Erro de pre\u00e7os<\/p>\n<p>1.2.7<br \/>\n-FIXADO: Erro de log\u00f3tipo em modelos de bilhetes m\u00faltiplos<\/p>\n<p>1.2.6<br \/>\n-FIXADO: V\u00e1rios pequenos bugs<\/p>\n<p>1.2.4<br \/>\n-FIXADO: Erro no log\u00f3tipo do bilhete<\/p>\n<p>1.2.3<br \/>\n-ADICIONADO: Substituir o correio eletr\u00f3nico do bilhete PDF<br \/>\n-ADICIONADO: Descarregue o bilhete em PDF a partir da administra\u00e7\u00e3o do bilhete.<br \/>\n-FIXADO: V\u00e1rias pequenas correc\u00e7\u00f5es de erros<\/p>\n<p>1.2.1<br \/>\n- CORRIGIDO: V\u00e1rias pequenas correc\u00e7\u00f5es de erros<\/p>\n<p>1.2.0<br \/>\n- CORRIGIDO: Mensagens de aviso do WooCommerce 3<br \/>\n- ADICIONADO: Substituir o e-mail do bilhete PDF<\/p>\n<p>1.0.7<br \/>\n- CORRIGIDO: V\u00e1rios pequenos erros<\/p>\n<p>1.0.6<br \/>\n- ADICIONADO: Notifica\u00e7\u00e3o de atualiza\u00e7\u00e3o de plugins<br \/>\n- CORRIGIDO: V\u00e1rios pequenos erros<\/p>\n<p>1.0.5<br \/>\n- ADICIONADO: Tipo de letra Unicode<br \/>\n- ADICIONADO: Verificar se o diret\u00f3rio pdftickets \u00e9 grav\u00e1vel-<br \/>\n- CORRIGIDO: Problemas de formata\u00e7\u00e3o em alguns servidores<br \/>\n- CORRIGIDO: Outros pequenos erros e correc\u00e7\u00f5es<\/p>\n<p>1.0.2<br \/>\n- NOVO: Agora utiliza ficheiros .jpg para c\u00f3digos de barras<br \/>\n- ACTUALIZADO: Tradu\u00e7\u00f5es<\/p>\n<p>1.0.0<br \/>\n- Divulga\u00e7\u00e3o p\u00fablica<\/p>","protected":false},"featured_media":130675,"template":"","meta":{"site-sidebar-layout":"default","site-content-layout":"default","ast-site-content-layout":"default","site-content-style":"default","site-sidebar-style":"default","ast-global-header-display":"","ast-banner-title-visibility":"","ast-main-header-display":"","ast-hfb-above-header-display":"","ast-hfb-below-header-display":"","ast-hfb-mobile-header-display":"","site-post-title":"","ast-breadcrumbs-content":"","ast-featured-img":"","footer-sml-layout":"","ast-disable-related-posts":"","theme-transparent-header-meta":"default","adv-header-id-meta":"","stick-header-meta":"default","header-above-stick-meta":"","header-main-stick-meta":"","header-below-stick-meta":"","astra-migrate-meta-layouts":"set","ast-page-background-enabled":"default","ast-page-background-meta":{"desktop":{"background-color":"var(--ast-global-color-4)","background-image":"","background-repeat":"repeat","background-position":"center center","background-size":"auto","background-attachment":"scroll","background-type":"","background-media":"","overlay-type":"","overlay-color":"","overlay-opacity":"","overlay-gradient":""},"tablet":{"background-color":"","background-image":"","background-repeat":"repeat","background-position":"center center","background-size":"auto","background-attachment":"scroll","background-type":"","background-media":"","overlay-type":"","overlay-color":"","overlay-opacity":"","overlay-gradient":""},"mobile":{"background-color":"","background-image":"","background-repeat":"repeat","background-position":"center center","background-size":"auto","background-attachment":"scroll","background-type":"","background-media":"","overlay-type":"","overlay-color":"","overlay-opacity":"","overlay-gradient":""}},"ast-content-background-meta":{"desktop":{"background-color":"var(--ast-global-color-5)","background-image":"","background-repeat":"repeat","background-position":"center center","background-size":"auto","background-attachment":"scroll","background-type":"","background-media":"","overlay-type":"","overlay-color":"","overlay-opacity":"","overlay-gradient":""},"tablet":{"background-color":"var(--ast-global-color-5)","background-image":"","background-repeat":"repeat","background-position":"center center","background-size":"auto","background-attachment":"scroll","background-type":"","background-media":"","overlay-type":"","overlay-color":"","overlay-opacity":"","overlay-gradient":""},"mobile":{"background-color":"var(--ast-global-color-5)","background-image":"","background-repeat":"repeat","background-position":"center center","background-size":"auto","background-attachment":"scroll","background-type":"","background-media":"","overlay-type":"","overlay-color":"","overlay-opacity":"","overlay-gradient":""}}},"product_brand":[],"product_cat":[27,58,45],"product_tag":[],"class_list":{"0":"post-1100","1":"product","2":"type-product","3":"status-publish","4":"has-post-thumbnail","6":"product_cat-extension","7":"product_cat-license-single","8":"product_cat-plugins","9":"desktop-align-left","10":"tablet-align-left","11":"mobile-align-left","12":"ast-product-gallery-layout-horizontal-slider","13":"ast-magnify-disabled","14":"ast-product-tabs-layout-horizontal","16":"first","17":"instock","18":"downloadable","19":"virtual","20":"taxable","21":"purchasable","22":"product-type-subscription"},"_links":{"self":[{"href":"https:\/\/www.fooevents.com\/pt\/wp-json\/wp\/v2\/product\/1100","targetHints":{"allow":["GET"]}}],"collection":[{"href":"https:\/\/www.fooevents.com\/pt\/wp-json\/wp\/v2\/product"}],"about":[{"href":"https:\/\/www.fooevents.com\/pt\/wp-json\/wp\/v2\/types\/product"}],"wp:featuredmedia":[{"embeddable":true,"href":"https:\/\/www.fooevents.com\/pt\/wp-json\/wp\/v2\/media\/130675"}],"wp:attachment":[{"href":"https:\/\/www.fooevents.com\/pt\/wp-json\/wp\/v2\/media?parent=1100"}],"wp:term":[{"taxonomy":"product_brand","embeddable":true,"href":"https:\/\/www.fooevents.com\/pt\/wp-json\/wp\/v2\/product_brand?post=1100"},{"taxonomy":"product_cat","embeddable":true,"href":"https:\/\/www.fooevents.com\/pt\/wp-json\/wp\/v2\/product_cat?post=1100"},{"taxonomy":"product_tag","embeddable":true,"href":"https:\/\/www.fooevents.com\/pt\/wp-json\/wp\/v2\/product_tag?post=1100"}],"curies":[{"name":"wp","href":"https:\/\/api.w.org\/{rel}","templated":true}]}}