{"id":134051,"date":"2020-11-03T13:15:46","date_gmt":"2020-11-03T20:15:46","guid":{"rendered":"https:\/\/www.fooevents.com\/?post_type=product&#038;p=134051"},"modified":"2025-05-07T06:43:08","modified_gmt":"2025-05-07T13:43:08","slug":"pdf-multiplo-por-defeito","status":"publish","type":"product","link":"https:\/\/www.fooevents.com\/pt\/product\/default-pdf-multiple\/","title":{"rendered":"PDF por defeito M\u00faltiplos"},"content":{"rendered":"","protected":false},"excerpt":{"rendered":"<p><a class=\"button color-preview\" href=\"http:\/\/demo.fooevents.com\/ticket-themes\/default_pdf_multiple\/default-pdf-multiple-preview.pdf\" target=\"_blank\" rel=\"noopener noreferrer\">Pr\u00e9-visualiza\u00e7\u00e3o em direto<\/a><\/p>\n<p>O <strong>Tema predefinido de bilhetes m\u00faltiplos para PDF<\/strong> pode ser usado como modelo para personalizar a apar\u00eancia do seu e-mail PDF FooEvents e dos bilhetes para download.<\/p>\n<p>Para utilizar este tema, basta adicion\u00e1-lo ao seu carrinho e concluir o processo de pagamento. N\u00e3o se preocupe, \u00e9 gratuito e n\u00e3o \u00e9 necess\u00e1rio efetuar qualquer pagamento. Assim que o checkout estiver conclu\u00eddo, o tema estar\u00e1 dispon\u00edvel no seu <a href=\"https:\/\/www.fooevents.com\/pt\/a-minha-conta\/descarregamentos\/\">Transfer\u00eancias<\/a> sec\u00e7\u00e3o. Depois de o descarregar para o seu ambiente de trabalho, v\u00e1 para <strong>FooEvents<\/strong> &gt; <strong>Bilhetes<\/strong> &gt; <strong>Temas de bilhetes<\/strong> no seu <strong>\u00c1rea de administra\u00e7\u00e3o do WordPress<\/strong>. Carregue o ficheiro ZIP do tema e poder\u00e1 atribu\u00ed-lo a qualquer evento.<\/p>\n<p><em>Observa\u00e7\u00e3o: este n\u00e3o \u00e9 um tema do WordPress. Os Temas de Bilhetes FooEvents s\u00e3o especificamente concebidos para estilizar bilhetes FooEvents e n\u00e3o podem ser utilizados para temas gerais de s\u00edtios WordPress.<\/em><\/p>","protected":false},"featured_media":134053,"template":"","meta":{"site-sidebar-layout":"default","site-content-layout":"default","ast-site-content-layout":"default","site-content-style":"default","site-sidebar-style":"default","ast-global-header-display":"","ast-banner-title-visibility":"","ast-main-header-display":"","ast-hfb-above-header-display":"","ast-hfb-below-header-display":"","ast-hfb-mobile-header-display":"","site-post-title":"","ast-breadcrumbs-content":"","ast-featured-img":"","footer-sml-layout":"","ast-disable-related-posts":"","theme-transparent-header-meta":"default","adv-header-id-meta":"","stick-header-meta":"default","header-above-stick-meta":"","header-main-stick-meta":"","header-below-stick-meta":"","astra-migrate-meta-layouts":"set","ast-page-background-enabled":"default","ast-page-background-meta":{"desktop":{"background-color":"var(--ast-global-color-4)","background-image":"","background-repeat":"repeat","background-position":"center center","background-size":"auto","background-attachment":"scroll","background-type":"","background-media":"","overlay-type":"","overlay-color":"","overlay-opacity":"","overlay-gradient":""},"tablet":{"background-color":"","background-image":"","background-repeat":"repeat","background-position":"center center","background-size":"auto","background-attachment":"scroll","background-type":"","background-media":"","overlay-type":"","overlay-color":"","overlay-opacity":"","overlay-gradient":""},"mobile":{"background-color":"","background-image":"","background-repeat":"repeat","background-position":"center center","background-size":"auto","background-attachment":"scroll","background-type":"","background-media":"","overlay-type":"","overlay-color":"","overlay-opacity":"","overlay-gradient":""}},"ast-content-background-meta":{"desktop":{"background-color":"var(--ast-global-color-5)","background-image":"","background-repeat":"repeat","background-position":"center center","background-size":"auto","background-attachment":"scroll","background-type":"","background-media":"","overlay-type":"","overlay-color":"","overlay-opacity":"","overlay-gradient":""},"tablet":{"background-color":"var(--ast-global-color-5)","background-image":"","background-repeat":"repeat","background-position":"center center","background-size":"auto","background-attachment":"scroll","background-type":"","background-media":"","overlay-type":"","overlay-color":"","overlay-opacity":"","overlay-gradient":""},"mobile":{"background-color":"var(--ast-global-color-5)","background-image":"","background-repeat":"repeat","background-position":"center center","background-size":"auto","background-attachment":"scroll","background-type":"","background-media":"","overlay-type":"","overlay-color":"","overlay-opacity":"","overlay-gradient":""}}},"product_brand":[],"product_cat":[44],"product_tag":[],"class_list":{"0":"post-134051","1":"product","2":"type-product","3":"status-publish","4":"has-post-thumbnail","6":"product_cat-ticket-themes","7":"desktop-align-left","8":"tablet-align-left","9":"mobile-align-left","10":"ast-product-gallery-layout-horizontal-slider","11":"ast-product-gallery-with-no-image","12":"ast-magnify-disabled","13":"ast-product-tabs-layout-horizontal","15":"first","16":"instock","17":"downloadable","18":"virtual","19":"taxable","20":"purchasable","21":"product-type-simple"},"_links":{"self":[{"href":"https:\/\/www.fooevents.com\/pt\/wp-json\/wp\/v2\/product\/134051","targetHints":{"allow":["GET"]}}],"collection":[{"href":"https:\/\/www.fooevents.com\/pt\/wp-json\/wp\/v2\/product"}],"about":[{"href":"https:\/\/www.fooevents.com\/pt\/wp-json\/wp\/v2\/types\/product"}],"wp:featuredmedia":[{"embeddable":true,"href":"https:\/\/www.fooevents.com\/pt\/wp-json\/wp\/v2\/media\/134053"}],"wp:attachment":[{"href":"https:\/\/www.fooevents.com\/pt\/wp-json\/wp\/v2\/media?parent=134051"}],"wp:term":[{"taxonomy":"product_brand","embeddable":true,"href":"https:\/\/www.fooevents.com\/pt\/wp-json\/wp\/v2\/product_brand?post=134051"},{"taxonomy":"product_cat","embeddable":true,"href":"https:\/\/www.fooevents.com\/pt\/wp-json\/wp\/v2\/product_cat?post=134051"},{"taxonomy":"product_tag","embeddable":true,"href":"https:\/\/www.fooevents.com\/pt\/wp-json\/wp\/v2\/product_tag?post=134051"}],"curies":[{"name":"wp","href":"https:\/\/api.w.org\/{rel}","templated":true}]}}