{"id":189792,"date":"2024-10-23T01:52:09","date_gmt":"2024-10-23T08:52:09","guid":{"rendered":"https:\/\/www.fooevents.com\/?post_type=product&#038;p=189792"},"modified":"2026-02-18T06:07:51","modified_gmt":"2026-02-18T14:07:51","slug":"tema-de-bilhetes-em-tela","status":"publish","type":"product","link":"https:\/\/www.fooevents.com\/pt\/product\/canvas-ticket-theme\/","title":{"rendered":"Tema do Canvas Ticket"},"content":{"rendered":"","protected":false},"excerpt":{"rendered":"<p><strong><a class=\"\" href=\"https:\/\/demo.fooevents.com\/ticket-themes\/canvas\/\" target=\"_blank\" rel=\"noopener noreferrer\"> <u>Pr\u00e9-visualiza\u00e7\u00e3o de bilhetes HTML<\/u><\/a><\/strong> | <strong><a class=\"\" href=\"https:\/\/demo.fooevents.com\/ticket-themes\/canvas\/ticket.pdf\" target=\"_blank\" rel=\"noopener noreferrer\"><u>Pr\u00e9-visualiza\u00e7\u00e3o dos bilhetes em PDF<\/u><\/a><\/strong> | <strong><a class=\"\" href=\"https:\/\/help.fooevents.com\/docs\/topics\/changelogs\/ticket-themes\/\" target=\"_blank\" rel=\"noopener noreferrer\"><u>Registo de altera\u00e7\u00f5es<\/u><\/a><\/strong><\/p>\n<h4><strong>Download for free!<\/strong><\/h4>\n<p><\/p>\n<p>O Canvas Ticket Theme \u00e9 um modelo inicial concebido como base para a cria\u00e7\u00e3o de modelos de bilhetes personalizados. Apresenta todos os dados dos bilhetes FooEvents num formato simples e limpo, com um estilo HTML b\u00e1sico, facilitando a cria\u00e7\u00e3o e implementa\u00e7\u00e3o dos seus pr\u00f3prios desenhos personalizados.<\/p>\n<p>Para utilizar este tema, basta adicion\u00e1-lo ao seu carrinho e concluir o processo de pagamento. N\u00e3o se preocupe, \u00e9 gratuito e n\u00e3o \u00e9 necess\u00e1rio efetuar qualquer pagamento. Assim que o checkout estiver conclu\u00eddo, o tema estar\u00e1 dispon\u00edvel no seu <a href=\"https:\/\/www.fooevents.com\/pt\/a-minha-conta\/descarregamentos\/\">Transfer\u00eancias<\/a> sec\u00e7\u00e3o. Depois de o descarregar para o seu ambiente de trabalho, v\u00e1 para <strong>FooEvents<\/strong> &gt; <strong>Bilhetes<\/strong> &gt; <strong>Temas de bilhetes<\/strong> no seu <strong>\u00c1rea de administra\u00e7\u00e3o do WordPress<\/strong>. Carregue o ficheiro ZIP do tema e poder\u00e1 atribu\u00ed-lo a qualquer evento.<\/p>\n<p><em>Observa\u00e7\u00e3o: este n\u00e3o \u00e9 um tema do WordPress. Os Temas de Bilhetes FooEvents s\u00e3o especificamente concebidos para estilizar bilhetes FooEvents e n\u00e3o podem ser utilizados para temas gerais de s\u00edtios WordPress.<\/em><\/p>","protected":false},"featured_media":189793,"template":"","meta":{"site-sidebar-layout":"default","site-content-layout":"","ast-site-content-layout":"default","site-content-style":"default","site-sidebar-style":"default","ast-global-header-display":"","ast-banner-title-visibility":"","ast-main-header-display":"","ast-hfb-above-header-display":"","ast-hfb-below-header-display":"","ast-hfb-mobile-header-display":"","site-post-title":"","ast-breadcrumbs-content":"","ast-featured-img":"","footer-sml-layout":"","ast-disable-related-posts":"","theme-transparent-header-meta":"default","adv-header-id-meta":"","stick-header-meta":"default","header-above-stick-meta":"","header-main-stick-meta":"","header-below-stick-meta":"","astra-migrate-meta-layouts":"set","ast-page-background-enabled":"default","ast-page-background-meta":{"desktop":{"background-color":"var(--ast-global-color-4)","background-image":"","background-repeat":"repeat","background-position":"center center","background-size":"auto","background-attachment":"scroll","background-type":"","background-media":"","overlay-type":"","overlay-color":"","overlay-opacity":"","overlay-gradient":""},"tablet":{"background-color":"","background-image":"","background-repeat":"repeat","background-position":"center center","background-size":"auto","background-attachment":"scroll","background-type":"","background-media":"","overlay-type":"","overlay-color":"","overlay-opacity":"","overlay-gradient":""},"mobile":{"background-color":"","background-image":"","background-repeat":"repeat","background-position":"center center","background-size":"auto","background-attachment":"scroll","background-type":"","background-media":"","overlay-type":"","overlay-color":"","overlay-opacity":"","overlay-gradient":""}},"ast-content-background-meta":{"desktop":{"background-color":"var(--ast-global-color-5)","background-image":"","background-repeat":"repeat","background-position":"center center","background-size":"auto","background-attachment":"scroll","background-type":"","background-media":"","overlay-type":"","overlay-color":"","overlay-opacity":"","overlay-gradient":""},"tablet":{"background-color":"var(--ast-global-color-5)","background-image":"","background-repeat":"repeat","background-position":"center center","background-size":"auto","background-attachment":"scroll","background-type":"","background-media":"","overlay-type":"","overlay-color":"","overlay-opacity":"","overlay-gradient":""},"mobile":{"background-color":"var(--ast-global-color-5)","background-image":"","background-repeat":"repeat","background-position":"center center","background-size":"auto","background-attachment":"scroll","background-type":"","background-media":"","overlay-type":"","overlay-color":"","overlay-opacity":"","overlay-gradient":""}}},"product_brand":[],"product_cat":[466,44],"product_tag":[],"class_list":{"0":"post-189792","1":"product","2":"type-product","3":"status-publish","4":"has-post-thumbnail","6":"product_cat-base-collection","7":"product_cat-ticket-themes","8":"desktop-align-left","9":"tablet-align-left","10":"mobile-align-left","11":"ast-product-gallery-layout-horizontal-slider","12":"ast-magnify-disabled","13":"ast-product-tabs-layout-horizontal","15":"first","16":"instock","17":"downloadable","18":"virtual","19":"sold-individually","20":"taxable","21":"purchasable","22":"product-type-simple"},"_links":{"self":[{"href":"https:\/\/www.fooevents.com\/pt\/wp-json\/wp\/v2\/product\/189792","targetHints":{"allow":["GET"]}}],"collection":[{"href":"https:\/\/www.fooevents.com\/pt\/wp-json\/wp\/v2\/product"}],"about":[{"href":"https:\/\/www.fooevents.com\/pt\/wp-json\/wp\/v2\/types\/product"}],"wp:featuredmedia":[{"embeddable":true,"href":"https:\/\/www.fooevents.com\/pt\/wp-json\/wp\/v2\/media\/189793"}],"wp:attachment":[{"href":"https:\/\/www.fooevents.com\/pt\/wp-json\/wp\/v2\/media?parent=189792"}],"wp:term":[{"taxonomy":"product_brand","embeddable":true,"href":"https:\/\/www.fooevents.com\/pt\/wp-json\/wp\/v2\/product_brand?post=189792"},{"taxonomy":"product_cat","embeddable":true,"href":"https:\/\/www.fooevents.com\/pt\/wp-json\/wp\/v2\/product_cat?post=189792"},{"taxonomy":"product_tag","embeddable":true,"href":"https:\/\/www.fooevents.com\/pt\/wp-json\/wp\/v2\/product_tag?post=189792"}],"curies":[{"name":"wp","href":"https:\/\/api.w.org\/{rel}","templated":true}]}}