{"id":19135,"date":"2018-03-02T08:16:51","date_gmt":"2018-03-02T06:16:51","guid":{"rendered":"https:\/\/www.fooevents.com\/?post_type=product&#038;p=19135"},"modified":"2026-03-16T03:34:55","modified_gmt":"2026-03-16T10:34:55","slug":"fooevents-para-woocommerce-licenca-ilimitada","status":"publish","type":"product","link":"https:\/\/www.fooevents.com\/pt\/product\/fooevents-for-woocommerce-license-unlimited\/","title":{"rendered":"FooEvents para WooCommerce (Licen\u00e7a: Ilimitada)"},"content":{"rendered":"<p>Venda bilhetes sem comiss\u00f5es ou taxas de bilhetes e fa\u00e7a a gest\u00e3o de inscri\u00e7\u00f5es gratuitas para praticamente qualquer tipo de evento f\u00edsico ou virtual, como um concerto, um acampamento de igreja, um evento escolar, uma angaria\u00e7\u00e3o de fundos, uma confer\u00eancia ou um evento desportivo. O FooEvents p\u00f4-lo-\u00e1 a funcionar em poucos minutos. N\u00e3o s\u00e3o necess\u00e1rios conhecimentos t\u00e9cnicos.<\/p>\n<h3>Inclu\u00eddo na sua compra:<\/h3>\n<ul>\n<li>Plugin FooEvents para WooCommerce descarreg\u00e1vel<\/li>\n<li>12 meses de suporte premium<\/li>\n<li>12 meses de actualiza\u00e7\u00f5es de plugins<\/li>\n<li>Gr\u00e1tis\u00a0<a href=\"https:\/\/www.fooevents.com\/pt\/aplicacoes\/\" target=\"_blank\" rel=\"noopener noreferrer\">iOS<\/a> &amp; <a href=\"https:\/\/www.fooevents.com\/pt\/aplicacoes\/\" target=\"_blank\" rel=\"noopener noreferrer\">Android<\/a> aplica\u00e7\u00f5es de check-in<\/li>\n<li>Documenta\u00e7\u00e3o de f\u00e1cil utiliza\u00e7\u00e3o<\/li>\n<\/ul>","protected":false},"excerpt":{"rendered":"<p>1.5.19<br \/>\nCORRIGIDO: Erro de evento m\u00faltiplo de participante personalizado<br \/>\nCORRIGIDO: Erro de fatura\u00e7\u00e3o na p\u00e1gina de administra\u00e7\u00e3o de bilhetes<br \/>\nADICIONADO: Op\u00e7\u00e3o de tema para utilizar marcadores de posi\u00e7\u00e3o<\/p>\n<p>1.5.15<br \/>\nCORRIGIDO: Erro nas varia\u00e7\u00f5es de CSV<br \/>\nCORRIGIDO: Erro nas meta varia\u00e7\u00f5es de tickets<br \/>\nCORRIGIDO: Erro no n\u00famero de atualiza\u00e7\u00e3o da vers\u00e3o<br \/>\nCORRIGIDO: Erro de 10+ participantes<\/p>\n<p>1.5.5<br \/>\n-FIXADO: Aviso PHP do separador de detalhes do evento<\/p>\n<p>1.5.4<br \/>\n-FIXADO: Erro no login da aplica\u00e7\u00e3o<br \/>\n-FIXADO: V\u00e1rios pequenos bugs<\/p>\n<p>1.5.1<br \/>\n-FIXADO: Atualiza\u00e7\u00e3o do suporte de v\u00e1rios dias<\/p>\n<p>1.5.0<br \/>\n-ADICIONADO: Extens\u00e3o para v\u00e1rios dias pronta<br \/>\n-FIXADO: V\u00e1rios pequenos bugs<\/p>\n<p>1.4.4<br \/>\n-FIXADO: Mais bugs do Wordpress 4.8 que podem afetar o envio de bilhetes<br \/>\n-FIXADO: Erro de duplica\u00e7\u00e3o de ticket com certos gateways de pagamento<\/p>\n<p>1.3.12<br \/>\n-FIXADO: Erro no Wordpress 4.8 que fazia com que os bilhetes n\u00e3o fossem enviados ap\u00f3s a conclus\u00e3o da encomenda<br \/>\n-FIXADO: Erro na exporta\u00e7\u00e3o de CSV<br \/>\n-FIXADO: V\u00e1rios outros pequenos bugs<br \/>\n-FIXADO: Tradu\u00e7\u00f5es actualizadas<\/p>\n<p>1.3.8<br \/>\n-ADICIONADO: widget do painel de controlo FooEvents<br \/>\n-ADICIONADO: Descarregar bilhete do administrador de bilhetes<br \/>\n-ADICIONADO: Melhorias na exporta\u00e7\u00e3o de CSV<br \/>\n-FIXADO: WooCommerce 3 mensagens de aviso<br \/>\n-FIXADO: Erro no nome do comprador de bilhetes<br \/>\n-FIXADO: V\u00e1rios outros pequenos bugs<\/p>\n<p>1.3.3<br \/>\n-FIXADO: Bug de reenvio de tickets em massa<br \/>\n-FIXADO: Erro no nome do comprador<br \/>\n-FIXADO: V\u00e1rios outros pequenos bugs<\/p>\n<p>1.3.0<br \/>\n-FIXADO: WooCommerce 3 mensagens de aviso<br \/>\n-ADICIONADO: Melhorias na exporta\u00e7\u00e3o de CSV<br \/>\n-ADICIONADO: Editar o assunto do bilhete<\/p>\n<p>1.2.17<br \/>\n-FIXADO: Erro na aplica\u00e7\u00e3o com certos s\u00edmbolos de moeda<br \/>\n-FIXADO: Erro no ticket de e-mail na primeira instala\u00e7\u00e3o<br \/>\n-FIXADO: Erro no plugin de ativa\u00e7\u00e3o MU do Wordpress<br \/>\n-ACRESCENTADO: Campos de participantes personalizados para exporta\u00e7\u00e3o CSV<\/p>\n<p>1.2.16<br \/>\n-FIXADO: Bug do diret\u00f3rio de c\u00f3digos de barras n\u00e3o grav\u00e1vel<\/p>\n<p>1.2.15<br \/>\n- ACRESCENTADO: Suporte para campos personalizados de participantes do FooEvents<br \/>\n- CORRIGIDO: V\u00e1rios pequenos erros<\/p>\n<p>1.2.11<br \/>\n- CORRIGIDO: Erro no menu de administra\u00e7\u00e3o<\/p>\n<p>1.2.10<br \/>\n- CORRIGIDO: Atualiza\u00e7\u00e3o de erro cr\u00edtico<\/p>\n<p>1.2.8<br \/>\n- CORRIGIDO: Aviso de ativa\u00e7\u00e3o do plugin<br \/>\n- CORRIGIDO: Lista de eventos em branco ao adicionar bilhetes manualmente<br \/>\n- ADICIONADO: Direc\u00e7\u00f5es para os bilhetes<br \/>\n- ADICIONADO: Empresa, designa\u00e7\u00e3o, n\u00famero de telefone dos bilhetes<br \/>\n- ADICIONADO: Pre\u00e7o das aplica\u00e7\u00f5es<br \/>\n- ADICIONADO: Notifica\u00e7\u00e3o de atualiza\u00e7\u00e3o de plugins<\/p>\n<p>1.2.6<br \/>\n- ADICIONADO: Op\u00e7\u00e3o para ocultar bilhetes n\u00e3o pagos na administra\u00e7\u00e3o<br \/>\n- ADICIONADO: Verificar se o diret\u00f3rio de c\u00f3digos de barras pode ser gravado<br \/>\n- CORRIGIDO: Removidas as refer\u00eancias de \"Rascunho autom\u00e1tico\" na administra\u00e7\u00e3o de bilhetes<br \/>\n- CORRIGIDO: Erro em que a adi\u00e7\u00e3o de bilhetes podia n\u00e3o ligar ao utilizador criado<br \/>\n- CORRIGIDO: Ocultar data de in\u00edcio e fim no separador de detalhes do evento<br \/>\n- CORRIGIDO: Erro no modelo de substitui\u00e7\u00e3o<\/p>\n<p>1.2.4<br \/>\n- Corrigido: Erro de varia\u00e7\u00e3o onde apenas a primeira varia\u00e7\u00e3o de bilhetes \u00e9 guardada<br \/>\n- Corrigido: Localiza\u00e7\u00e3o do Javascript DatePicker<br \/>\n- Corrigido: V\u00e1rios outros pequenos bugs<br \/>\n- Adicionado: Ordenar por campos adicionais na administra\u00e7\u00e3o de bilhetes<\/p>\n<p>1.2.2<br \/>\n- NOVO: gera\u00e7\u00e3o de c\u00f3digos de barras .JPG para o plugin PDF Ticket<br \/>\n- CORRIGIDO: Ponteiro do Google Map<br \/>\n- REMOVIDO: Tradu\u00e7\u00f5es do seletor de datas. Buggy, vai procurar uma implementa\u00e7\u00e3o diferente.<\/p>\n<p>1.2.1<br \/>\n- NOVO: Atualiza\u00e7\u00e3o de compatibilidade para o suporte offline da nova aplica\u00e7\u00e3o Events Pro (https:\/\/www.fooevents.com\/apps\/)<br \/>\n- NOVO: Compatibilidade com o suporte do plugin FooEvents PDF Tickets (https:\/\/www.fooevents.com\/product\/fooevents-pdf-tickets\/)<br \/>\n- NOVO: Filtrar por nome do evento, ID da encomenda e estado na listagem de bilhetes do administrador<br \/>\n- NOVO: Formatos de hora para am-pm<br \/>\n- ACTUALIZADO: Novo suporte \u00e0 API do Google Maps<br \/>\n- ACTUALIZADO: Tradu\u00e7\u00f5es no seletor de datas<br \/>\n- ATUALIZADO: Enviar localiza\u00e7\u00e3o para .ics<br \/>\n- CORRIGIDO: Corrigido o aviso HTTPS do administrador<\/p>\n<p>1.2.0<br \/>\n- Novo: Check-ins de eventos Pro iOS Integra\u00e7\u00e3o de aplica\u00e7\u00f5es - Ver https:\/\/www.fooevents.com\/apps\/<br \/>\n- Novo: Check-ins de eventos Pro iOS App - Check-ins autom\u00e1ticos (check-ins r\u00e1pidos e sem esfor\u00e7o)<br \/>\n- Novo: Check-ins de eventos Pro iOS App - Marca personalizada (Defina o seu pr\u00f3prio esquema de cores e log\u00f3tipo)<br \/>\n- Atualizado: Documenta\u00e7\u00e3o<br \/>\n- Corrigido: erro no c\u00f3digo postal .ics<br \/>\n- Corrigido: Erro na permiss\u00e3o de adicionar novo bilhete<\/p>\n<p>1.1.17<br \/>\n- Adicionada a funcionalidade de gest\u00e3o manual de bilhetes na administra\u00e7\u00e3o do WordPress.<br \/>\n- V\u00e1rias pequenas correc\u00e7\u00f5es de erros e melhorias.<\/p>\n<p>1.1.14<br \/>\n- Integra\u00e7\u00e3o de aplica\u00e7\u00f5es Suporte para edi\u00e7\u00e3o em massa<br \/>\n- Inserir mensagem personalizada na p\u00e1gina de agradecimento<br \/>\n- Adi\u00e7\u00e3o de v\u00e1rios campos opcionais de registo de participantes<br \/>\n- V\u00e1rias correc\u00e7\u00f5es de erros<\/p>\n<p>1.1.11<br \/>\n- V\u00e1rias correc\u00e7\u00f5es de erros<\/p>\n<p>1.1.8<br \/>\n- Suporte para ficheiros de idioma .po e .mo<br \/>\n- Op\u00e7\u00e3o para n\u00e3o enviar e-mails de bilhetes<br \/>\n- V\u00e1rias correc\u00e7\u00f5es de erros<\/p>\n<p>1.1.5<br \/>\n- V\u00e1rias correc\u00e7\u00f5es de erros<\/p>\n<p>1.1.4<br \/>\n- Pesquisa administrativa melhorada<br \/>\n- Resolvido o erro de listagem de bilhetes e eventos na aplica\u00e7\u00e3o<br \/>\n- V\u00e1rias outras pequenas correc\u00e7\u00f5es de erros<\/p>\n<p>1.1.2<br \/>\n- V\u00e1rias correc\u00e7\u00f5es de erros<\/p>\n<p>1.10<br \/>\n- Capturar detalhes do participante no checkout<br \/>\n- Op\u00e7\u00e3o de enviar os bilhetes por correio eletr\u00f3nico aos participantes<br \/>\n- Percorrer os atributos\/varia\u00e7\u00f5es dos bilhetes e os pormenores dos bilhetes<br \/>\n- Op\u00e7\u00e3o para alterar \"Adicionar ao carrinho\" para \"Reservar bilhete\"<br \/>\n- Suporte para a aplica\u00e7\u00e3o iOS (lan\u00e7amento iminente!)<br \/>\n- V\u00e1rias correc\u00e7\u00f5es de erros<\/p>\n<p>1.0.8<br \/>\n- Conflito com o carregamento de imagens do WooCommerce.<\/p>\n<p>1.0.6<br \/>\n- Adicionadas op\u00e7\u00f5es adicionais para controlar a sa\u00edda de bilhetes<br \/>\n- Corre\u00e7\u00e3o de um erro que fazia com que certos produtos que n\u00e3o eram eventos enviassem bilhetes<br \/>\n- Corre\u00e7\u00e3o de v\u00e1rios outros pequenos erros<\/p>\n<p>1.0.3<br \/>\n- Corre\u00e7\u00e3o do erro de visualiza\u00e7\u00e3o com o Google Maps<br \/>\n- Corrigido o erro que impedia a visualiza\u00e7\u00e3o do participante no bilhete<br \/>\n- Corrigido o erro que fazia com que o utilizador administrador fosse apresentado como o propriet\u00e1rio do bilhete<br \/>\n- V\u00e1rios outros pequenos erros<\/p>\n<p>&nbsp;<\/p>","protected":false},"featured_media":130680,"template":"","meta":{"site-sidebar-layout":"default","site-content-layout":"default","ast-site-content-layout":"default","site-content-style":"default","site-sidebar-style":"default","ast-global-header-display":"","ast-banner-title-visibility":"","ast-main-header-display":"","ast-hfb-above-header-display":"","ast-hfb-below-header-display":"","ast-hfb-mobile-header-display":"","site-post-title":"","ast-breadcrumbs-content":"","ast-featured-img":"","footer-sml-layout":"","ast-disable-related-posts":"","theme-transparent-header-meta":"default","adv-header-id-meta":"","stick-header-meta":"default","header-above-stick-meta":"","header-main-stick-meta":"","header-below-stick-meta":"","astra-migrate-meta-layouts":"set","ast-page-background-enabled":"default","ast-page-background-meta":{"desktop":{"background-color":"var(--ast-global-color-4)","background-image":"","background-repeat":"repeat","background-position":"center center","background-size":"auto","background-attachment":"scroll","background-type":"","background-media":"","overlay-type":"","overlay-color":"","overlay-opacity":"","overlay-gradient":""},"tablet":{"background-color":"","background-image":"","background-repeat":"repeat","background-position":"center center","background-size":"auto","background-attachment":"scroll","background-type":"","background-media":"","overlay-type":"","overlay-color":"","overlay-opacity":"","overlay-gradient":""},"mobile":{"background-color":"","background-image":"","background-repeat":"repeat","background-position":"center center","background-size":"auto","background-attachment":"scroll","background-type":"","background-media":"","overlay-type":"","overlay-color":"","overlay-opacity":"","overlay-gradient":""}},"ast-content-background-meta":{"desktop":{"background-color":"var(--ast-global-color-5)","background-image":"","background-repeat":"repeat","background-position":"center center","background-size":"auto","background-attachment":"scroll","background-type":"","background-media":"","overlay-type":"","overlay-color":"","overlay-opacity":"","overlay-gradient":""},"tablet":{"background-color":"var(--ast-global-color-5)","background-image":"","background-repeat":"repeat","background-position":"center center","background-size":"auto","background-attachment":"scroll","background-type":"","background-media":"","overlay-type":"","overlay-color":"","overlay-opacity":"","overlay-gradient":""},"mobile":{"background-color":"var(--ast-global-color-5)","background-image":"","background-repeat":"repeat","background-position":"center center","background-size":"auto","background-attachment":"scroll","background-type":"","background-media":"","overlay-type":"","overlay-color":"","overlay-opacity":"","overlay-gradient":""}}},"product_brand":[],"product_cat":[60,45,28],"product_tag":[],"class_list":{"0":"post-19135","1":"product","2":"type-product","3":"status-publish","4":"has-post-thumbnail","6":"product_cat-license-unlimited","7":"product_cat-plugins","8":"product_cat-primary","9":"desktop-align-left","10":"tablet-align-left","11":"mobile-align-left","12":"ast-product-gallery-layout-horizontal-slider","13":"ast-product-gallery-with-no-image","14":"ast-magnify-disabled","15":"ast-product-tabs-layout-horizontal","17":"first","18":"instock","19":"featured","20":"downloadable","21":"virtual","22":"taxable","23":"purchasable","24":"product-type-subscription"},"_links":{"self":[{"href":"https:\/\/www.fooevents.com\/pt\/wp-json\/wp\/v2\/product\/19135","targetHints":{"allow":["GET"]}}],"collection":[{"href":"https:\/\/www.fooevents.com\/pt\/wp-json\/wp\/v2\/product"}],"about":[{"href":"https:\/\/www.fooevents.com\/pt\/wp-json\/wp\/v2\/types\/product"}],"wp:featuredmedia":[{"embeddable":true,"href":"https:\/\/www.fooevents.com\/pt\/wp-json\/wp\/v2\/media\/130680"}],"wp:attachment":[{"href":"https:\/\/www.fooevents.com\/pt\/wp-json\/wp\/v2\/media?parent=19135"}],"wp:term":[{"taxonomy":"product_brand","embeddable":true,"href":"https:\/\/www.fooevents.com\/pt\/wp-json\/wp\/v2\/product_brand?post=19135"},{"taxonomy":"product_cat","embeddable":true,"href":"https:\/\/www.fooevents.com\/pt\/wp-json\/wp\/v2\/product_cat?post=19135"},{"taxonomy":"product_tag","embeddable":true,"href":"https:\/\/www.fooevents.com\/pt\/wp-json\/wp\/v2\/product_tag?post=19135"}],"curies":[{"name":"wp","href":"https:\/\/api.w.org\/{rel}","templated":true}]}}