{"id":19136,"date":"2018-03-02T08:16:55","date_gmt":"2018-03-02T06:16:55","guid":{"rendered":"https:\/\/www.fooevents.com\/?post_type=product&#038;p=19136"},"modified":"2026-03-09T04:15:50","modified_gmt":"2026-03-09T11:15:50","slug":"fooevents-express-check-in-license-unlimited","status":"publish","type":"product","link":"https:\/\/www.fooevents.com\/pt\/product\/fooevents-express-check-in-license-unlimited\/","title":{"rendered":"FooEvents Express Check-in (Licen\u00e7a: Ilimitada)"},"content":{"rendered":"<p>O plugin FooEvents Express Check-in \u00e9 uma extens\u00e3o do FooEvents para WooCommerce que torna o check-in dos participantes no seu evento um processo r\u00e1pido e sem esfor\u00e7o. A interface intuitiva permite-lhe encontrar os participantes numa quest\u00e3o de segundos atrav\u00e9s de uma funcionalidade de pesquisa autom\u00e1tica ou pode utilizar um leitor de c\u00f3digo de barras normal para digitalizar bilhetes impressos e fazer automaticamente o check-in dos participantes, o que \u00e9 perfeito para grandes eventos. A abordagem sem confus\u00e3o e sem complica\u00e7\u00f5es para gerir os check-ins no seu evento!<\/p>\n<h3>Inclu\u00eddo na sua compra:<\/h3>\n<p>Plugin descarreg\u00e1vel FooEvents Express Check-in,<br \/>\n12 meses de suporte premium,<br \/>\n12 meses de actualiza\u00e7\u00f5es de plugins,<br \/>\nDocumenta\u00e7\u00e3o de f\u00e1cil utiliza\u00e7\u00e3o.<\/p>\n<p><strong>NB: N\u00e3o inclui <a href=\"\/pt\/produto\/plugin-fooevents\/\">FooEvents para o plugin WooCommerce<\/a> (obrigat\u00f3rio)\u00a0<\/strong><\/p>","protected":false},"excerpt":{"rendered":"<p>Pesquisa por nome do comprador ou do participante, ID do bilhete ou estado do bilhete<br \/>\nCarregamento Ajax dos resultados, sem atualiza\u00e7\u00e3o da p\u00e1gina<br \/>\nPesquisa autom\u00e1tica - Pesquise \u00e0 medida que escreve<br \/>\nCheck-in autom\u00e1tico - Efectue o check-in de um participante automaticamente se for encontrada uma identifica\u00e7\u00e3o de bilhete<br \/>\nCompat\u00edvel com dispositivos m\u00f3veis - Funciona em computadores de secret\u00e1ria, tablets e telem\u00f3veis<br \/>\nAlterar o estado de registo dos participantes para \"registado\", \"n\u00e3o registado\", \"cancelado\" ou \"n\u00e3o pago\"<br \/>\nFunciona de forma brilhante com a maioria dos leitores de c\u00f3digos de barras 2D!!!<\/p>\n<p>https:\/\/www.youtube.com\/watch?v=h3zI-oNi6_o<\/p>\n<p>REGISTO DE ACTUALIZA\u00c7\u00c3O<\/p>\n<p>&#8212;&#8212;&#8212;&#8212;&#8212;&#8212;<br \/>\n1.2.2<br \/>\n-FIXADO: Erro na notifica\u00e7\u00e3o de atualiza\u00e7\u00e3o<\/p>\n<p>1.2.1<br \/>\n-FIXADO: Atualiza\u00e7\u00e3o do suporte de v\u00e1rios dias<\/p>\n<p>1.2.0<br \/>\n-ACRESCENTADO: Extens\u00e3o de eventos de v\u00e1rios dias pronta<\/p>\n<p>1.0.7<\/p>\n<p>-FIXADO: Aviso PHP no front-end<\/p>\n<p>1.0.6<\/p>\n<p>-FIXADO: Sa\u00edda de aviso do PHP<\/p>\n<p>1.0.5<\/p>\n<p>-ADICIONADO: As fun\u00e7\u00f5es de utilizador adicionais t\u00eam agora acesso<br \/>\n-ADICIONADO: Notifica\u00e7\u00e3o de atualiza\u00e7\u00e3o do plugin<br \/>\n-FIXADO: V\u00e1rios pequenos bugs<\/p>\n<div style=\"position: static !important;\"><\/div>\n<div style=\"position: static !important;\"><\/div>","protected":false},"featured_media":130678,"template":"","meta":{"site-sidebar-layout":"default","site-content-layout":"default","ast-site-content-layout":"default","site-content-style":"default","site-sidebar-style":"default","ast-global-header-display":"","ast-banner-title-visibility":"","ast-main-header-display":"","ast-hfb-above-header-display":"","ast-hfb-below-header-display":"","ast-hfb-mobile-header-display":"","site-post-title":"","ast-breadcrumbs-content":"","ast-featured-img":"","footer-sml-layout":"","ast-disable-related-posts":"","theme-transparent-header-meta":"default","adv-header-id-meta":"","stick-header-meta":"default","header-above-stick-meta":"","header-main-stick-meta":"","header-below-stick-meta":"","astra-migrate-meta-layouts":"set","ast-page-background-enabled":"default","ast-page-background-meta":{"desktop":{"background-color":"var(--ast-global-color-4)","background-image":"","background-repeat":"repeat","background-position":"center center","background-size":"auto","background-attachment":"scroll","background-type":"","background-media":"","overlay-type":"","overlay-color":"","overlay-opacity":"","overlay-gradient":""},"tablet":{"background-color":"","background-image":"","background-repeat":"repeat","background-position":"center center","background-size":"auto","background-attachment":"scroll","background-type":"","background-media":"","overlay-type":"","overlay-color":"","overlay-opacity":"","overlay-gradient":""},"mobile":{"background-color":"","background-image":"","background-repeat":"repeat","background-position":"center center","background-size":"auto","background-attachment":"scroll","background-type":"","background-media":"","overlay-type":"","overlay-color":"","overlay-opacity":"","overlay-gradient":""}},"ast-content-background-meta":{"desktop":{"background-color":"var(--ast-global-color-5)","background-image":"","background-repeat":"repeat","background-position":"center center","background-size":"auto","background-attachment":"scroll","background-type":"","background-media":"","overlay-type":"","overlay-color":"","overlay-opacity":"","overlay-gradient":""},"tablet":{"background-color":"var(--ast-global-color-5)","background-image":"","background-repeat":"repeat","background-position":"center center","background-size":"auto","background-attachment":"scroll","background-type":"","background-media":"","overlay-type":"","overlay-color":"","overlay-opacity":"","overlay-gradient":""},"mobile":{"background-color":"var(--ast-global-color-5)","background-image":"","background-repeat":"repeat","background-position":"center center","background-size":"auto","background-attachment":"scroll","background-type":"","background-media":"","overlay-type":"","overlay-color":"","overlay-opacity":"","overlay-gradient":""}}},"product_brand":[],"product_cat":[27,60,45],"product_tag":[],"class_list":{"0":"post-19136","1":"product","2":"type-product","3":"status-publish","4":"has-post-thumbnail","6":"product_cat-extension","7":"product_cat-license-unlimited","8":"product_cat-plugins","9":"desktop-align-left","10":"tablet-align-left","11":"mobile-align-left","12":"ast-product-gallery-layout-horizontal-slider","13":"ast-magnify-disabled","14":"ast-product-tabs-layout-horizontal","16":"first","17":"instock","18":"downloadable","19":"virtual","20":"taxable","21":"purchasable","22":"product-type-subscription"},"_links":{"self":[{"href":"https:\/\/www.fooevents.com\/pt\/wp-json\/wp\/v2\/product\/19136","targetHints":{"allow":["GET"]}}],"collection":[{"href":"https:\/\/www.fooevents.com\/pt\/wp-json\/wp\/v2\/product"}],"about":[{"href":"https:\/\/www.fooevents.com\/pt\/wp-json\/wp\/v2\/types\/product"}],"wp:featuredmedia":[{"embeddable":true,"href":"https:\/\/www.fooevents.com\/pt\/wp-json\/wp\/v2\/media\/130678"}],"wp:attachment":[{"href":"https:\/\/www.fooevents.com\/pt\/wp-json\/wp\/v2\/media?parent=19136"}],"wp:term":[{"taxonomy":"product_brand","embeddable":true,"href":"https:\/\/www.fooevents.com\/pt\/wp-json\/wp\/v2\/product_brand?post=19136"},{"taxonomy":"product_cat","embeddable":true,"href":"https:\/\/www.fooevents.com\/pt\/wp-json\/wp\/v2\/product_cat?post=19136"},{"taxonomy":"product_tag","embeddable":true,"href":"https:\/\/www.fooevents.com\/pt\/wp-json\/wp\/v2\/product_tag?post=19136"}],"curies":[{"name":"wp","href":"https:\/\/api.w.org\/{rel}","templated":true}]}}