{"id":19142,"date":"2018-03-02T08:17:20","date_gmt":"2018-03-02T06:17:20","guid":{"rendered":"https:\/\/www.fooevents.com\/?post_type=product&#038;p=19142"},"modified":"2026-03-09T04:32:14","modified_gmt":"2026-03-09T11:32:14","slug":"fooevents-licenca-de-varios-dias-ilimitada","status":"publish","type":"product","link":"https:\/\/www.fooevents.com\/pt\/product\/fooevents-multi-day-license-unlimited\/","title":{"rendered":"FooEvents Multi-Day (Licen\u00e7a: Ilimitada)"},"content":{"rendered":"<p>O plugin FooEvents Multi-day \u00e9 uma extens\u00e3o para o FooEvents que adiciona suporte para eventos que decorrem durante v\u00e1rios dias, tais como concertos, confer\u00eancias e exposi\u00e7\u00f5es. Este \u00e9 um plugin obrigat\u00f3rio se tem um evento que dura mais de um dia, pois agora pode vender bilhetes combinados para eventos de v\u00e1rios dias e ter v\u00e1rios check-ins! Tamb\u00e9m actualiz\u00e1mos alguns dos nossos outros plugins populares para que sejam compat\u00edveis com o plugin Multi-day. O plugin FooEvents Calendar agora mostra os eventos como um intervalo de datas e o plugin FooEvents Express Check-in e a aplica\u00e7\u00e3o FooEvents Check-in suportam m\u00faltiplos check-ins.<\/p>\n<h3>Inclu\u00eddo na sua compra:<\/h3>\n<p>Campos personalizados de participantes do FooEvents para download,<br \/>\n12 meses de suporte premium,<br \/>\n12 meses de actualiza\u00e7\u00f5es de plugins,<br \/>\nDocumenta\u00e7\u00e3o de f\u00e1cil utiliza\u00e7\u00e3o.<\/p>\n<p><strong>NB: N\u00e3o inclui <a href=\"\/pt\/produto\/plugin-fooevents\/\">FooEvents para o plugin WooCommerce<\/a> (obrigat\u00f3rio)\u00a0<\/strong><\/p>","protected":false},"excerpt":{"rendered":"<p>1.0.3<br \/>\n-ADICIONADO: Script de notifica\u00e7\u00e3o de atualiza\u00e7\u00e3o de plugins<\/p>\n<p>1.0.2<br \/>\n-Documenta\u00e7\u00e3o actualizada<\/p>\n<p>1.0.1<br \/>\n-Divulga\u00e7\u00e3o p\u00fablica<\/p>","protected":false},"featured_media":130669,"template":"","meta":{"site-sidebar-layout":"default","site-content-layout":"default","ast-site-content-layout":"default","site-content-style":"default","site-sidebar-style":"default","ast-global-header-display":"","ast-banner-title-visibility":"","ast-main-header-display":"","ast-hfb-above-header-display":"","ast-hfb-below-header-display":"","ast-hfb-mobile-header-display":"","site-post-title":"","ast-breadcrumbs-content":"","ast-featured-img":"","footer-sml-layout":"","ast-disable-related-posts":"","theme-transparent-header-meta":"default","adv-header-id-meta":"","stick-header-meta":"default","header-above-stick-meta":"","header-main-stick-meta":"","header-below-stick-meta":"","astra-migrate-meta-layouts":"set","ast-page-background-enabled":"default","ast-page-background-meta":{"desktop":{"background-color":"var(--ast-global-color-4)","background-image":"","background-repeat":"repeat","background-position":"center center","background-size":"auto","background-attachment":"scroll","background-type":"","background-media":"","overlay-type":"","overlay-color":"","overlay-opacity":"","overlay-gradient":""},"tablet":{"background-color":"","background-image":"","background-repeat":"repeat","background-position":"center center","background-size":"auto","background-attachment":"scroll","background-type":"","background-media":"","overlay-type":"","overlay-color":"","overlay-opacity":"","overlay-gradient":""},"mobile":{"background-color":"","background-image":"","background-repeat":"repeat","background-position":"center center","background-size":"auto","background-attachment":"scroll","background-type":"","background-media":"","overlay-type":"","overlay-color":"","overlay-opacity":"","overlay-gradient":""}},"ast-content-background-meta":{"desktop":{"background-color":"var(--ast-global-color-5)","background-image":"","background-repeat":"repeat","background-position":"center center","background-size":"auto","background-attachment":"scroll","background-type":"","background-media":"","overlay-type":"","overlay-color":"","overlay-opacity":"","overlay-gradient":""},"tablet":{"background-color":"var(--ast-global-color-5)","background-image":"","background-repeat":"repeat","background-position":"center center","background-size":"auto","background-attachment":"scroll","background-type":"","background-media":"","overlay-type":"","overlay-color":"","overlay-opacity":"","overlay-gradient":""},"mobile":{"background-color":"var(--ast-global-color-5)","background-image":"","background-repeat":"repeat","background-position":"center center","background-size":"auto","background-attachment":"scroll","background-type":"","background-media":"","overlay-type":"","overlay-color":"","overlay-opacity":"","overlay-gradient":""}}},"product_brand":[],"product_cat":[11,27,60,45],"product_tag":[],"class_list":{"0":"post-19142","1":"product","2":"type-product","3":"status-publish","4":"has-post-thumbnail","6":"product_cat-wordpress","7":"product_cat-extension","8":"product_cat-license-unlimited","9":"product_cat-plugins","10":"desktop-align-left","11":"tablet-align-left","12":"mobile-align-left","13":"ast-product-gallery-layout-horizontal-slider","14":"ast-product-gallery-with-no-image","15":"ast-magnify-disabled","16":"ast-product-tabs-layout-horizontal","18":"first","19":"instock","20":"downloadable","21":"virtual","22":"taxable","23":"purchasable","24":"product-type-subscription"},"_links":{"self":[{"href":"https:\/\/www.fooevents.com\/pt\/wp-json\/wp\/v2\/product\/19142","targetHints":{"allow":["GET"]}}],"collection":[{"href":"https:\/\/www.fooevents.com\/pt\/wp-json\/wp\/v2\/product"}],"about":[{"href":"https:\/\/www.fooevents.com\/pt\/wp-json\/wp\/v2\/types\/product"}],"wp:featuredmedia":[{"embeddable":true,"href":"https:\/\/www.fooevents.com\/pt\/wp-json\/wp\/v2\/media\/130669"}],"wp:attachment":[{"href":"https:\/\/www.fooevents.com\/pt\/wp-json\/wp\/v2\/media?parent=19142"}],"wp:term":[{"taxonomy":"product_brand","embeddable":true,"href":"https:\/\/www.fooevents.com\/pt\/wp-json\/wp\/v2\/product_brand?post=19142"},{"taxonomy":"product_cat","embeddable":true,"href":"https:\/\/www.fooevents.com\/pt\/wp-json\/wp\/v2\/product_cat?post=19142"},{"taxonomy":"product_tag","embeddable":true,"href":"https:\/\/www.fooevents.com\/pt\/wp-json\/wp\/v2\/product_tag?post=19142"}],"curies":[{"name":"wp","href":"https:\/\/api.w.org\/{rel}","templated":true}]}}