{"id":200854,"date":"2025-09-23T04:47:19","date_gmt":"2025-09-23T11:47:19","guid":{"rendered":"https:\/\/www.fooevents.com\/?post_type=product&#038;p=200854"},"modified":"2026-02-18T06:01:23","modified_gmt":"2026-02-18T14:01:23","slug":"tema-do-bilhete-de-halloween-2025","status":"publish","type":"product","link":"https:\/\/www.fooevents.com\/pt\/product\/halloween-ticket-theme-2025\/","title":{"rendered":"Tema do bilhete de Halloween"},"content":{"rendered":"","protected":false},"excerpt":{"rendered":"<p><strong><a class=\"\" href=\"https:\/\/demo.fooevents.com\/ticket-themes\/halloween2025\/\" target=\"_blank\" rel=\"noopener noreferrer\"> <u>Pr\u00e9-visualiza\u00e7\u00e3o de bilhetes HTML<\/u><\/a><\/strong> | <strong><a class=\"\" href=\"https:\/\/help.fooevents.com\/docs\/topics\/changelogs\/ticket-themes\/\" target=\"_blank\" rel=\"noopener noreferrer\"><u>Registo de altera\u00e7\u00f5es<\/u><\/a><\/strong><\/p>\n<h4><strong>Download for free!<\/strong><\/h4>\n<p><\/p>\n<p>O <strong>Tema do bilhete de Halloween<\/strong> \u00e9 um desenho de paisagem a toda a largura, perfeito para a sua pr\u00f3xima festa de Halloween.<\/p>\n<p>Para utilizar este tema, adicione-o ao seu carrinho e conclua a compra. N\u00e3o se preocupe, \u00e9 gratuito e n\u00e3o \u00e9 necess\u00e1rio efetuar qualquer pagamento. Assim que o checkout estiver conclu\u00eddo, o tema aparecer\u00e1 no seu <a href=\"https:\/\/www.fooevents.com\/pt\/a-minha-conta\/descarregamentos\/\">Transfer\u00eancias<\/a> sec\u00e7\u00e3o. Depois de descarregar o ZIP, v\u00e1 para <strong>FooEvents<\/strong> &gt; <strong>Bilhetes<\/strong> &gt; <strong>Temas de bilhetes<\/strong> no seu administrador do WordPress, carregue o ZIP e atribua-o a qualquer evento.<\/p>\n<p>O log\u00f3tipo e a imagem do cabe\u00e7alho encontram-se na pasta 'images' dos temas dos bilhetes. Substitua estes ficheiros pelos seus pr\u00f3prios ficheiros ou utilize-os tal como est\u00e3o.<\/p>\n<p><strong>Recursos adicionais:<\/strong><\/p>\n<ul>\n<li><a href=\"https:\/\/fonts.google.com\/share?selection.family=Creepster\" target=\"_blank\" rel=\"noopener nofollow\">Tipo de letra do log\u00f3tipo: Creepster<\/a><\/li>\n<li><a href=\"https:\/\/www.fooevents.com\/wp-content\/uploads\/2025\/09\/Halloween-Ticket-Themes.psd.zip\" target=\"_blank\" rel=\"noopener\">Ficheiro Photoshop de tema de bilhete de Halloween<\/a><\/li>\n<li><a href=\"https:\/\/elements.envato.com\/haunted-halloween-house-illustration-58DVZFE\" target=\"_blank\" rel=\"noopener nofollow\">Ilustra\u00e7\u00e3o edit\u00e1vel de uma casa assombrada<\/a><\/li>\n<\/ul>\n<p><em>Observa\u00e7\u00e3o: este n\u00e3o \u00e9 um tema de site do WordPress. Os temas de bilhetes do FooEvents s\u00f3 estilizam bilhetes do FooEvents e n\u00e3o podem ser usados para temas gerais do WordPress.<\/em><\/p>\n<p><!-- If your demo slug differs, update the two links above to match the correct Halloween theme URL. --><\/p>","protected":false},"featured_media":200856,"template":"","meta":{"site-sidebar-layout":"default","site-content-layout":"","ast-site-content-layout":"default","site-content-style":"default","site-sidebar-style":"default","ast-global-header-display":"","ast-banner-title-visibility":"","ast-main-header-display":"","ast-hfb-above-header-display":"","ast-hfb-below-header-display":"","ast-hfb-mobile-header-display":"","site-post-title":"","ast-breadcrumbs-content":"","ast-featured-img":"","footer-sml-layout":"","ast-disable-related-posts":"","theme-transparent-header-meta":"default","adv-header-id-meta":"","stick-header-meta":"default","header-above-stick-meta":"","header-main-stick-meta":"","header-below-stick-meta":"","astra-migrate-meta-layouts":"set","ast-page-background-enabled":"default","ast-page-background-meta":{"desktop":{"background-color":"var(--ast-global-color-4)","background-image":"","background-repeat":"repeat","background-position":"center center","background-size":"auto","background-attachment":"scroll","background-type":"","background-media":"","overlay-type":"","overlay-color":"","overlay-opacity":"","overlay-gradient":""},"tablet":{"background-color":"","background-image":"","background-repeat":"repeat","background-position":"center center","background-size":"auto","background-attachment":"scroll","background-type":"","background-media":"","overlay-type":"","overlay-color":"","overlay-opacity":"","overlay-gradient":""},"mobile":{"background-color":"","background-image":"","background-repeat":"repeat","background-position":"center center","background-size":"auto","background-attachment":"scroll","background-type":"","background-media":"","overlay-type":"","overlay-color":"","overlay-opacity":"","overlay-gradient":""}},"ast-content-background-meta":{"desktop":{"background-color":"var(--ast-global-color-5)","background-image":"","background-repeat":"repeat","background-position":"center center","background-size":"auto","background-attachment":"scroll","background-type":"","background-media":"","overlay-type":"","overlay-color":"","overlay-opacity":"","overlay-gradient":""},"tablet":{"background-color":"var(--ast-global-color-5)","background-image":"","background-repeat":"repeat","background-position":"center center","background-size":"auto","background-attachment":"scroll","background-type":"","background-media":"","overlay-type":"","overlay-color":"","overlay-opacity":"","overlay-gradient":""},"mobile":{"background-color":"var(--ast-global-color-5)","background-image":"","background-repeat":"repeat","background-position":"center center","background-size":"auto","background-attachment":"scroll","background-type":"","background-media":"","overlay-type":"","overlay-color":"","overlay-opacity":"","overlay-gradient":""}}},"product_brand":[],"product_cat":[44],"product_tag":[],"class_list":{"0":"post-200854","1":"product","2":"type-product","3":"status-publish","4":"has-post-thumbnail","6":"product_cat-ticket-themes","7":"desktop-align-left","8":"tablet-align-left","9":"mobile-align-left","10":"ast-product-gallery-layout-horizontal-slider","11":"ast-magnify-disabled","12":"ast-product-tabs-layout-horizontal","14":"first","15":"instock","16":"downloadable","17":"virtual","18":"sold-individually","19":"taxable","20":"purchasable","21":"product-type-simple"},"_links":{"self":[{"href":"https:\/\/www.fooevents.com\/pt\/wp-json\/wp\/v2\/product\/200854","targetHints":{"allow":["GET"]}}],"collection":[{"href":"https:\/\/www.fooevents.com\/pt\/wp-json\/wp\/v2\/product"}],"about":[{"href":"https:\/\/www.fooevents.com\/pt\/wp-json\/wp\/v2\/types\/product"}],"wp:featuredmedia":[{"embeddable":true,"href":"https:\/\/www.fooevents.com\/pt\/wp-json\/wp\/v2\/media\/200856"}],"wp:attachment":[{"href":"https:\/\/www.fooevents.com\/pt\/wp-json\/wp\/v2\/media?parent=200854"}],"wp:term":[{"taxonomy":"product_brand","embeddable":true,"href":"https:\/\/www.fooevents.com\/pt\/wp-json\/wp\/v2\/product_brand?post=200854"},{"taxonomy":"product_cat","embeddable":true,"href":"https:\/\/www.fooevents.com\/pt\/wp-json\/wp\/v2\/product_cat?post=200854"},{"taxonomy":"product_tag","embeddable":true,"href":"https:\/\/www.fooevents.com\/pt\/wp-json\/wp\/v2\/product_tag?post=200854"}],"curies":[{"name":"wp","href":"https:\/\/api.w.org\/{rel}","templated":true}]}}