{"id":2942,"date":"2016-12-08T11:56:01","date_gmt":"2016-12-08T09:56:01","guid":{"rendered":"https:\/\/www.fooevents.com\/?post_type=product&#038;p=2942"},"modified":"2026-03-09T03:51:00","modified_gmt":"2026-03-09T10:51:00","slug":"fooevents-campos-personalizados-de-participantes-2","status":"publish","type":"product","link":"https:\/\/www.fooevents.com\/pt\/product\/fooevents-custom-attendee-fields\/","title":{"rendered":"FooEvents Campos personalizados de participantes (Licen\u00e7a: Individual)"},"content":{"rendered":"<p>O plugin FooEvents Custom Attendee Fields \u00e9 uma extens\u00e3o para o FooEvents que permite a captura de campos personalizados de participantes no checkout, para que possa adaptar o FooEvents de acordo com as necessidades espec\u00edficas do seu evento. Isso \u00e9 \u00fatil para obter informa\u00e7\u00f5es adicionais dos participantes, como tamanhos de roupas, prefer\u00eancias de refei\u00e7\u00f5es, informa\u00e7\u00f5es demogr\u00e1ficas, aceita\u00e7\u00e3o de ren\u00fancia, etc. As op\u00e7\u00f5es s\u00e3o praticamente infinitas!<\/p>\n<h3>Inclu\u00eddo na sua compra:<\/h3>\n<p>Campos personalizados de participantes do FooEvents para download,<br \/>\n12 meses de suporte premium,<br \/>\n12 meses de actualiza\u00e7\u00f5es de plugins,<br \/>\nDocumenta\u00e7\u00e3o de f\u00e1cil utiliza\u00e7\u00e3o.<\/p>\n<p><strong>NB: N\u00e3o inclui <a href=\"\/pt\/produto\/plugin-fooevents\/\">FooEvents para o plugin WooCommerce<\/a> (obrigat\u00f3rio)\u00a0<\/strong><\/p>","protected":false},"excerpt":{"rendered":"<p>1.1.9<br \/>\nCORRIGIDO: Erro de evento m\u00faltiplo de participante personalizado<br \/>\nCORRIGIDO: Erro na caixa de sele\u00e7\u00e3o<br \/>\nADICIONADO: Op\u00e7\u00e3o de tema para utilizar marcadores de posi\u00e7\u00e3o<\/p>\n<p>1.1.5<br \/>\nCORRIGIDO: Erro de 10+ participantes<\/p>\n<p>1.1.2<br \/>\nCORRIGIDO: Erro na notifica\u00e7\u00e3o de atualiza\u00e7\u00e3o<\/p>\n<p>1.1.0<br \/>\n-FIXADO: Erros no Wordpress 4.8<\/p>\n<p>1.0.7<br \/>\n-FIXADO: Os campos s\u00e3o agora mais longos<br \/>\n-FIXADO: Tradu\u00e7\u00f5es actualizadas<br \/>\n-FIXADO: V\u00e1rios outros pequenos bugs<\/p>\n<p>1.0.4<br \/>\n-FIXADO: Erro nos campos obrigat\u00f3rios<br \/>\n-FIXADO: V\u00e1rios outros pequenos bugs<\/p>\n<p>1.0.1<br \/>\n-FIXADO: Erro na notifica\u00e7\u00e3o de atualiza\u00e7\u00e3o<\/p>\n<p>1.0.0<br \/>\n- Divulga\u00e7\u00e3o p\u00fablica<\/p>","protected":false},"featured_media":130674,"template":"","meta":{"site-sidebar-layout":"default","site-content-layout":"default","ast-site-content-layout":"default","site-content-style":"default","site-sidebar-style":"default","ast-global-header-display":"","ast-banner-title-visibility":"","ast-main-header-display":"","ast-hfb-above-header-display":"","ast-hfb-below-header-display":"","ast-hfb-mobile-header-display":"","site-post-title":"","ast-breadcrumbs-content":"","ast-featured-img":"","footer-sml-layout":"","ast-disable-related-posts":"","theme-transparent-header-meta":"default","adv-header-id-meta":"","stick-header-meta":"default","header-above-stick-meta":"","header-main-stick-meta":"","header-below-stick-meta":"","astra-migrate-meta-layouts":"set","ast-page-background-enabled":"default","ast-page-background-meta":{"desktop":{"background-color":"var(--ast-global-color-4)","background-image":"","background-repeat":"repeat","background-position":"center center","background-size":"auto","background-attachment":"scroll","background-type":"","background-media":"","overlay-type":"","overlay-color":"","overlay-opacity":"","overlay-gradient":""},"tablet":{"background-color":"","background-image":"","background-repeat":"repeat","background-position":"center center","background-size":"auto","background-attachment":"scroll","background-type":"","background-media":"","overlay-type":"","overlay-color":"","overlay-opacity":"","overlay-gradient":""},"mobile":{"background-color":"","background-image":"","background-repeat":"repeat","background-position":"center center","background-size":"auto","background-attachment":"scroll","background-type":"","background-media":"","overlay-type":"","overlay-color":"","overlay-opacity":"","overlay-gradient":""}},"ast-content-background-meta":{"desktop":{"background-color":"var(--ast-global-color-5)","background-image":"","background-repeat":"repeat","background-position":"center center","background-size":"auto","background-attachment":"scroll","background-type":"","background-media":"","overlay-type":"","overlay-color":"","overlay-opacity":"","overlay-gradient":""},"tablet":{"background-color":"var(--ast-global-color-5)","background-image":"","background-repeat":"repeat","background-position":"center center","background-size":"auto","background-attachment":"scroll","background-type":"","background-media":"","overlay-type":"","overlay-color":"","overlay-opacity":"","overlay-gradient":""},"mobile":{"background-color":"var(--ast-global-color-5)","background-image":"","background-repeat":"repeat","background-position":"center center","background-size":"auto","background-attachment":"scroll","background-type":"","background-media":"","overlay-type":"","overlay-color":"","overlay-opacity":"","overlay-gradient":""}}},"product_brand":[],"product_cat":[11,27,58,45],"product_tag":[],"class_list":{"0":"post-2942","1":"product","2":"type-product","3":"status-publish","4":"has-post-thumbnail","6":"product_cat-wordpress","7":"product_cat-extension","8":"product_cat-license-single","9":"product_cat-plugins","10":"desktop-align-left","11":"tablet-align-left","12":"mobile-align-left","13":"ast-product-gallery-layout-horizontal-slider","14":"ast-product-gallery-with-no-image","15":"ast-magnify-disabled","16":"ast-product-tabs-layout-horizontal","18":"first","19":"instock","20":"downloadable","21":"virtual","22":"taxable","23":"purchasable","24":"product-type-subscription"},"_links":{"self":[{"href":"https:\/\/www.fooevents.com\/pt\/wp-json\/wp\/v2\/product\/2942","targetHints":{"allow":["GET"]}}],"collection":[{"href":"https:\/\/www.fooevents.com\/pt\/wp-json\/wp\/v2\/product"}],"about":[{"href":"https:\/\/www.fooevents.com\/pt\/wp-json\/wp\/v2\/types\/product"}],"wp:featuredmedia":[{"embeddable":true,"href":"https:\/\/www.fooevents.com\/pt\/wp-json\/wp\/v2\/media\/130674"}],"wp:attachment":[{"href":"https:\/\/www.fooevents.com\/pt\/wp-json\/wp\/v2\/media?parent=2942"}],"wp:term":[{"taxonomy":"product_brand","embeddable":true,"href":"https:\/\/www.fooevents.com\/pt\/wp-json\/wp\/v2\/product_brand?post=2942"},{"taxonomy":"product_cat","embeddable":true,"href":"https:\/\/www.fooevents.com\/pt\/wp-json\/wp\/v2\/product_cat?post=2942"},{"taxonomy":"product_tag","embeddable":true,"href":"https:\/\/www.fooevents.com\/pt\/wp-json\/wp\/v2\/product_tag?post=2942"}],"curies":[{"name":"wp","href":"https:\/\/api.w.org\/{rel}","templated":true}]}}