{"id":4070,"date":"2017-02-23T13:21:54","date_gmt":"2017-02-23T20:21:54","guid":{"rendered":"https:\/\/www.fooevents.com\/?post_type=product&#038;p=4070"},"modified":"2026-03-16T03:49:34","modified_gmt":"2026-03-16T10:49:34","slug":"fooevents-premium-bundle","status":"publish","type":"product","link":"https:\/\/www.fooevents.com\/pt\/product\/fooevents-premium-bundle\/","title":{"rendered":"FooEvents Premium Bundle (Licen\u00e7a: Individual)"},"content":{"rendered":"<p>Obtenha uma excelente oferta no pacote FooEvents Premium que inclui o plugin FooEvents for WooCommerce, o plugin FooEvents PDF Tickets, o plugin FooEvents Custom Attendee Fields, o plugin FooEvents Calendar e o plugin FooEvents Express Check-in.<\/p>\n<h3>Inclu\u00eddo na sua compra:<\/h3>\n<p>Ficheiros de plugins descarreg\u00e1veis,<br \/>\n12 meses de suporte premium,<br \/>\n12 meses de actualiza\u00e7\u00f5es de plugins,<br \/>\nDocumenta\u00e7\u00e3o de f\u00e1cil utiliza\u00e7\u00e3o.<\/p>","protected":false},"excerpt":{"rendered":"<p>Get a great deal on the FooEvents Premium bundle which includes FooEvents for WooCommerce plugin, FooEvents PDF Tickets plugin, FooEvents Custom Attendee Fields plugin, FooEvents Calendar plugin and the FooEvents Express Check-in plugin. Included in your purchase: Downloadable plugin files, 12 Months premium support, 12 Months plugin updates, User-friendly documentation.<\/p>","protected":false},"featured_media":130667,"template":"","meta":{"site-sidebar-layout":"default","site-content-layout":"default","ast-site-content-layout":"default","site-content-style":"default","site-sidebar-style":"default","ast-global-header-display":"","ast-banner-title-visibility":"","ast-main-header-display":"","ast-hfb-above-header-display":"","ast-hfb-below-header-display":"","ast-hfb-mobile-header-display":"","site-post-title":"","ast-breadcrumbs-content":"","ast-featured-img":"","footer-sml-layout":"","ast-disable-related-posts":"","theme-transparent-header-meta":"default","adv-header-id-meta":"","stick-header-meta":"default","header-above-stick-meta":"","header-main-stick-meta":"","header-below-stick-meta":"","astra-migrate-meta-layouts":"set","ast-page-background-enabled":"default","ast-page-background-meta":{"desktop":{"background-color":"var(--ast-global-color-4)","background-image":"","background-repeat":"repeat","background-position":"center center","background-size":"auto","background-attachment":"scroll","background-type":"","background-media":"","overlay-type":"","overlay-color":"","overlay-opacity":"","overlay-gradient":""},"tablet":{"background-color":"","background-image":"","background-repeat":"repeat","background-position":"center center","background-size":"auto","background-attachment":"scroll","background-type":"","background-media":"","overlay-type":"","overlay-color":"","overlay-opacity":"","overlay-gradient":""},"mobile":{"background-color":"","background-image":"","background-repeat":"repeat","background-position":"center center","background-size":"auto","background-attachment":"scroll","background-type":"","background-media":"","overlay-type":"","overlay-color":"","overlay-opacity":"","overlay-gradient":""}},"ast-content-background-meta":{"desktop":{"background-color":"var(--ast-global-color-5)","background-image":"","background-repeat":"repeat","background-position":"center center","background-size":"auto","background-attachment":"scroll","background-type":"","background-media":"","overlay-type":"","overlay-color":"","overlay-opacity":"","overlay-gradient":""},"tablet":{"background-color":"var(--ast-global-color-5)","background-image":"","background-repeat":"repeat","background-position":"center center","background-size":"auto","background-attachment":"scroll","background-type":"","background-media":"","overlay-type":"","overlay-color":"","overlay-opacity":"","overlay-gradient":""},"mobile":{"background-color":"var(--ast-global-color-5)","background-image":"","background-repeat":"repeat","background-position":"center center","background-size":"auto","background-attachment":"scroll","background-type":"","background-media":"","overlay-type":"","overlay-color":"","overlay-opacity":"","overlay-gradient":""}}},"product_brand":[],"product_cat":[11,46,58,28],"product_tag":[],"class_list":{"0":"post-4070","1":"product","2":"type-product","3":"status-publish","4":"has-post-thumbnail","6":"product_cat-wordpress","7":"product_cat-bundle","8":"product_cat-license-single","9":"product_cat-primary","10":"desktop-align-left","11":"tablet-align-left","12":"mobile-align-left","13":"ast-product-gallery-layout-horizontal-slider","14":"ast-product-gallery-with-no-image","15":"ast-magnify-disabled","16":"ast-product-tabs-layout-horizontal","18":"first","19":"instock","20":"featured","21":"downloadable","22":"virtual","23":"taxable","24":"purchasable","25":"product-type-subscription"},"_links":{"self":[{"href":"https:\/\/www.fooevents.com\/pt\/wp-json\/wp\/v2\/product\/4070","targetHints":{"allow":["GET"]}}],"collection":[{"href":"https:\/\/www.fooevents.com\/pt\/wp-json\/wp\/v2\/product"}],"about":[{"href":"https:\/\/www.fooevents.com\/pt\/wp-json\/wp\/v2\/types\/product"}],"wp:featuredmedia":[{"embeddable":true,"href":"https:\/\/www.fooevents.com\/pt\/wp-json\/wp\/v2\/media\/130667"}],"wp:attachment":[{"href":"https:\/\/www.fooevents.com\/pt\/wp-json\/wp\/v2\/media?parent=4070"}],"wp:term":[{"taxonomy":"product_brand","embeddable":true,"href":"https:\/\/www.fooevents.com\/pt\/wp-json\/wp\/v2\/product_brand?post=4070"},{"taxonomy":"product_cat","embeddable":true,"href":"https:\/\/www.fooevents.com\/pt\/wp-json\/wp\/v2\/product_cat?post=4070"},{"taxonomy":"product_tag","embeddable":true,"href":"https:\/\/www.fooevents.com\/pt\/wp-json\/wp\/v2\/product_tag?post=4070"}],"curies":[{"name":"wp","href":"https:\/\/api.w.org\/{rel}","templated":true}]}}